{"id":1053,"date":"2018-06-19T11:46:20","date_gmt":"2018-06-19T10:46:20","guid":{"rendered":"http:\/\/iglesies.cat\/viesverdes\/?page_id=1053"},"modified":"2024-02-06T09:04:41","modified_gmt":"2024-02-06T08:04:41","slug":"aviso-legal","status":"publish","type":"page","link":"https:\/\/www.viesverdes.cat\/es\/aviso-legal\/","title":{"rendered":"Aviso legal"},"content":{"rendered":"<p>Este sitio web y su dominio <em>viesverdes.cat<\/em> pertenecen al Consorci de les Vies Verdes de Girona (en adelante, el Consorcio), provisto de CIF P1700047B y con domicilio en Ronda de Sant Antoni Maria Claret, 28 A, 1.\u00ba, de Girona (CP 17002), con tel\u00e9fono 972 486 950 y direcci\u00f3n electr\u00f3nica <em>info@viesverdes.org<\/em>.<\/p>\n<p>___<\/p>\n<p>La informaci\u00f3n facilitada a trav\u00e9s de este sitio web no sustituye a la que figura en la sede electr\u00f3nica del Consorcio o en los canales y plataformas de sede electr\u00f3nica adoptados por este, siendo esta la \u00fanica con plena validez legal.<\/p>\n<p>El Consorcio no se hace responsable del contenido, la exactitud y la actualizaci\u00f3n de la informaci\u00f3n procedente de otras personas y que figure en el sitio web o a la que se haga referencia mediante enlaces u otros sistemas.<\/p>\n<p>___<\/p>\n<p>El sitio web y sus contenidos, incluidos textos, im\u00e1genes, gr\u00e1ficos, bases de datos y cualquier otro material, est\u00e1n a disposici\u00f3n p\u00fablica con fines informativos y para ofrecer servicios en el marco de las competencias y funciones propias del Consorcio. Algunos de estos contenidos pertenecientes al Consorcio o a terceros que han autorizado su uso a trav\u00e9s de este medio est\u00e1n sujetos a derechos de propiedad intelectual.<\/p>\n<p>De forma general, y a menos que se indique expresamente lo contrario en determinados casos, est\u00e1 permitida la reproducci\u00f3n, distribuci\u00f3n y comunicaci\u00f3n p\u00fablica de los contenidos de este sitio web siempre que se haga constar su procedencia. No obstante, sus contenidos no podr\u00e1n ser utilizados para usos comerciales, ni para crear obras derivadas, sin la autorizaci\u00f3n expresa del Consorcio.<\/p>\n<p>Estas condiciones rigen los contenidos del sitio web protegidos por derechos de autor y se resumen en la licencia \u00abReconocimiento \u2013 No Comercial \u2013 Compartir Igual 4.0 (CC BY-NC-SA 4.0)\u00bb de Creative Commons.<\/p>\n<p>Los dise\u00f1os y logotipos identificativos solo pueden ser reproducidos y utilizados con autorizaci\u00f3n previa del Consorcio, o bien cuando se trate de identificar actividades o iniciativas que cuenten con el apoyo expl\u00edcito del Consorcio. El Consorcio autoriza tambi\u00e9n su uso no lucrativo con finalidades educativas, de investigaci\u00f3n, estudio o difusi\u00f3n cultural.<\/p>\n<p>No se autoriza la presentaci\u00f3n de los contenidos de este sitio web en una ventana ajena (<em>framing<\/em>) sin autorizaci\u00f3n expresa y por escrito del Consorcio.<\/p>\n<p>___<\/p>\n<p>El Consorcio trata datos de car\u00e1cter personal en el ejercicio de sus competencias y funciones. En este sitio web, as\u00ed como en la sede electr\u00f3nica del Consorcio, constan formularios que permiten al Consorcio obtener datos. En dichos formularios se informa de las finalidades de la recogida de datos y de los aspectos m\u00e1s relevantes del tratamiento. Acceda a este <a href=\"https:\/\/www.viesverdes.cat\/es\/politica-de-privacidad\/\" target=\"_blank\" rel=\"noopener\">enlace<\/a> para mayor informaci\u00f3n sobre la pol\u00edtica de protecci\u00f3n de datos del Consorcio.<\/p>\n<p>___<\/p>\n<p>El Consorcio informa a sus usuarios de que este sitio web utiliza <em>cookies<\/em> que hacen m\u00e1s c\u00f3moda y r\u00e1pida la comunicaci\u00f3n que se establece entre el usuario y el sitio web. La vigencia de estas <em>cookies<\/em> se limita a la necesaria para alcanzar estos objetivos. El usuario puede configurar su navegador de Internet para obtener un mayor conocimiento y control sobre estas <em>cookies<\/em>. El usuario ha sido informado previamente de su instalaci\u00f3n. Para mayor informaci\u00f3n sobre la pol\u00edtica de <em>cookies<\/em>, acceda a este <a href=\"https:\/\/www.viesverdes.cat\/es\/cookies\/\" target=\"_blank\" rel=\"noopener\">enlace<\/a>.<\/p>\n<p>___<\/p>\n<p>El Consorcio no se hace responsable frente a los usuarios de su sitio web de los posibles da\u00f1os o perjuicios derivados de interferencias, omisiones, interrupciones, virus inform\u00e1ticos, sobrecarga en las l\u00edneas, aver\u00edas o desconexiones cuando est\u00e9n motivados por causas que le son ajenas. Tampoco se responsabiliza de los da\u00f1os que puedan causar terceras personas mediante intromisiones ileg\u00edtimas fuera del control del Consorcio. Siempre que sea posible, advertir\u00e1 previamente de las interrupciones en el funcionamiento de la web y de los servicios.<\/p>\n","protected":false},"excerpt":{"rendered":"<p>Este sitio web y su dominio viesverdes.cat pertenecen al Consorci de les Vies Verdes de Girona (en adelante, el Consorcio), provisto de CIF P1700047B y con domicilio en Ronda de Sant Antoni Maria Claret, 28 A, 1.\u00ba, de Girona (CP 17002), con tel\u00e9fono 972 486 950 y direcci\u00f3n electr\u00f3nica info@viesverdes.org. ___ La informaci\u00f3n facilitada a [&hellip;]<\/p>\n","protected":false},"author":1,"featured_media":0,"parent":0,"menu_order":0,"comment_status":"closed","ping_status":"closed","template":"","meta":{"_acf_changed":false,"footnotes":""},"acf":[],"yoast_head":"<!-- This site is optimized with the Yoast SEO plugin v22.2 - https:\/\/yoast.com\/wordpress\/plugins\/seo\/ -->\n<title>Aviso legal - Ecovies de Girona<\/title>\n<meta name=\"robots\" content=\"index, follow, max-snippet:-1, max-image-preview:large, max-video-preview:-1\" \/>\n<link rel=\"canonical\" href=\"https:\/\/www.viesverdes.cat\/es\/aviso-legal\/\" \/>\n<meta property=\"og:locale\" content=\"es_ES\" \/>\n<meta property=\"og:type\" content=\"article\" \/>\n<meta property=\"og:title\" content=\"Aviso legal - Ecovies de Girona\" \/>\n<meta property=\"og:description\" content=\"Este sitio web y su dominio viesverdes.cat pertenecen al Consorci de les Vies Verdes de Girona (en adelante, el Consorcio), provisto de CIF P1700047B y con domicilio en Ronda de Sant Antoni Maria Claret, 28 A, 1.\u00ba, de Girona (CP 17002), con tel\u00e9fono 972 486 950 y direcci\u00f3n electr\u00f3nica info@viesverdes.org. ___ La informaci\u00f3n facilitada a [&hellip;]\" \/>\n<meta property=\"og:url\" content=\"https:\/\/www.viesverdes.cat\/es\/aviso-legal\/\" \/>\n<meta property=\"og:site_name\" content=\"Ecovies de Girona\" \/>\n<meta property=\"article:publisher\" content=\"https:\/\/www.facebook.com\/viesverdesgirona\" \/>\n<meta property=\"article:modified_time\" content=\"2024-02-06T08:04:41+00:00\" \/>\n<meta name=\"twitter:card\" content=\"summary_large_image\" \/>\n<meta name=\"twitter:site\" content=\"@viesverdesgi\" \/>\n<meta name=\"twitter:label1\" content=\"Tiempo de lectura\" \/>\n\t<meta name=\"twitter:data1\" content=\"3 minutos\" \/>\n<script type=\"application\/ld+json\" class=\"yoast-schema-graph\">{\"@context\":\"https:\/\/schema.org\",\"@graph\":[{\"@type\":\"WebPage\",\"@id\":\"https:\/\/www.viesverdes.cat\/es\/aviso-legal\/\",\"url\":\"https:\/\/www.viesverdes.cat\/es\/aviso-legal\/\",\"name\":\"Aviso legal - Ecovies de Girona\",\"isPartOf\":{\"@id\":\"https:\/\/www.viesverdes.cat\/#website\"},\"datePublished\":\"2018-06-19T10:46:20+00:00\",\"dateModified\":\"2024-02-06T08:04:41+00:00\",\"breadcrumb\":{\"@id\":\"https:\/\/www.viesverdes.cat\/es\/aviso-legal\/#breadcrumb\"},\"inLanguage\":\"es\",\"potentialAction\":[{\"@type\":\"ReadAction\",\"target\":[\"https:\/\/www.viesverdes.cat\/es\/aviso-legal\/\"]}]},{\"@type\":\"BreadcrumbList\",\"@id\":\"https:\/\/www.viesverdes.cat\/es\/aviso-legal\/#breadcrumb\",\"itemListElement\":[{\"@type\":\"ListItem\",\"position\":1,\"name\":\"Inici\",\"item\":\"https:\/\/www.viesverdes.cat\/\"},{\"@type\":\"ListItem\",\"position\":2,\"name\":\"Aviso legal\"}]},{\"@type\":\"WebSite\",\"@id\":\"https:\/\/www.viesverdes.cat\/#website\",\"url\":\"https:\/\/www.viesverdes.cat\/\",\"name\":\"Vies Verdes i Pirinexus\",\"description\":\"\",\"publisher\":{\"@id\":\"https:\/\/www.viesverdes.cat\/#organization\"},\"potentialAction\":[{\"@type\":\"SearchAction\",\"target\":{\"@type\":\"EntryPoint\",\"urlTemplate\":\"https:\/\/www.viesverdes.cat\/?s={search_term_string}\"},\"query-input\":\"required name=search_term_string\"}],\"inLanguage\":\"es\"},{\"@type\":\"Organization\",\"@id\":\"https:\/\/www.viesverdes.cat\/#organization\",\"name\":\"Consorci de les Vies Verdes de Girona\",\"url\":\"https:\/\/www.viesverdes.cat\/\",\"logo\":{\"@type\":\"ImageObject\",\"inLanguage\":\"es\",\"@id\":\"https:\/\/www.viesverdes.cat\/#\/schema\/logo\/image\/\",\"url\":\"https:\/\/www.viesverdes.cat\/wp-content\/uploads\/2023\/04\/Logo-Consorci-Vies-Verdes-color-1-e1682501524240.png\",\"contentUrl\":\"https:\/\/www.viesverdes.cat\/wp-content\/uploads\/2023\/04\/Logo-Consorci-Vies-Verdes-color-1-e1682501524240.png\",\"width\":350,\"height\":41,\"caption\":\"Consorci de les Vies Verdes de Girona\"},\"image\":{\"@id\":\"https:\/\/www.viesverdes.cat\/#\/schema\/logo\/image\/\"},\"sameAs\":[\"https:\/\/www.facebook.com\/viesverdesgirona\",\"https:\/\/twitter.com\/viesverdesgi\",\"https:\/\/www.youtube.com\/viesverdesgi\",\"https:\/\/www.instagram.com\/viesverdesgi\/\"]}]}<\/script>\n<!-- \/ Yoast SEO plugin. -->","yoast_head_json":{"title":"Aviso legal - Ecovies de Girona","robots":{"index":"index","follow":"follow","max-snippet":"max-snippet:-1","max-image-preview":"max-image-preview:large","max-video-preview":"max-video-preview:-1"},"canonical":"https:\/\/www.viesverdes.cat\/es\/aviso-legal\/","og_locale":"es_ES","og_type":"article","og_title":"Aviso legal - Ecovies de Girona","og_description":"Este sitio web y su dominio viesverdes.cat pertenecen al Consorci de les Vies Verdes de Girona (en adelante, el Consorcio), provisto de CIF P1700047B y con domicilio en Ronda de Sant Antoni Maria Claret, 28 A, 1.\u00ba, de Girona (CP 17002), con tel\u00e9fono 972 486 950 y direcci\u00f3n electr\u00f3nica info@viesverdes.org. ___ La informaci\u00f3n facilitada a [&hellip;]","og_url":"https:\/\/www.viesverdes.cat\/es\/aviso-legal\/","og_site_name":"Ecovies de Girona","article_publisher":"https:\/\/www.facebook.com\/viesverdesgirona","article_modified_time":"2024-02-06T08:04:41+00:00","twitter_card":"summary_large_image","twitter_site":"@viesverdesgi","twitter_misc":{"Tiempo de lectura":"3 minutos"},"schema":{"@context":"https:\/\/schema.org","@graph":[{"@type":"WebPage","@id":"https:\/\/www.viesverdes.cat\/es\/aviso-legal\/","url":"https:\/\/www.viesverdes.cat\/es\/aviso-legal\/","name":"Aviso legal - Ecovies de Girona","isPartOf":{"@id":"https:\/\/www.viesverdes.cat\/#website"},"datePublished":"2018-06-19T10:46:20+00:00","dateModified":"2024-02-06T08:04:41+00:00","breadcrumb":{"@id":"https:\/\/www.viesverdes.cat\/es\/aviso-legal\/#breadcrumb"},"inLanguage":"es","potentialAction":[{"@type":"ReadAction","target":["https:\/\/www.viesverdes.cat\/es\/aviso-legal\/"]}]},{"@type":"BreadcrumbList","@id":"https:\/\/www.viesverdes.cat\/es\/aviso-legal\/#breadcrumb","itemListElement":[{"@type":"ListItem","position":1,"name":"Inici","item":"https:\/\/www.viesverdes.cat\/"},{"@type":"ListItem","position":2,"name":"Aviso legal"}]},{"@type":"WebSite","@id":"https:\/\/www.viesverdes.cat\/#website","url":"https:\/\/www.viesverdes.cat\/","name":"Vies Verdes i Pirinexus","description":"","publisher":{"@id":"https:\/\/www.viesverdes.cat\/#organization"},"potentialAction":[{"@type":"SearchAction","target":{"@type":"EntryPoint","urlTemplate":"https:\/\/www.viesverdes.cat\/?s={search_term_string}"},"query-input":"required name=search_term_string"}],"inLanguage":"es"},{"@type":"Organization","@id":"https:\/\/www.viesverdes.cat\/#organization","name":"Consorci de les Vies Verdes de Girona","url":"https:\/\/www.viesverdes.cat\/","logo":{"@type":"ImageObject","inLanguage":"es","@id":"https:\/\/www.viesverdes.cat\/#\/schema\/logo\/image\/","url":"https:\/\/www.viesverdes.cat\/wp-content\/uploads\/2023\/04\/Logo-Consorci-Vies-Verdes-color-1-e1682501524240.png","contentUrl":"https:\/\/www.viesverdes.cat\/wp-content\/uploads\/2023\/04\/Logo-Consorci-Vies-Verdes-color-1-e1682501524240.png","width":350,"height":41,"caption":"Consorci de les Vies Verdes de Girona"},"image":{"@id":"https:\/\/www.viesverdes.cat\/#\/schema\/logo\/image\/"},"sameAs":["https:\/\/www.facebook.com\/viesverdesgirona","https:\/\/twitter.com\/viesverdesgi","https:\/\/www.youtube.com\/viesverdesgi","https:\/\/www.instagram.com\/viesverdesgi\/"]}]}},"_links":{"self":[{"href":"https:\/\/www.viesverdes.cat\/es\/wp-json\/wp\/v2\/pages\/1053"}],"collection":[{"href":"https:\/\/www.viesverdes.cat\/es\/wp-json\/wp\/v2\/pages"}],"about":[{"href":"https:\/\/www.viesverdes.cat\/es\/wp-json\/wp\/v2\/types\/page"}],"author":[{"embeddable":true,"href":"https:\/\/www.viesverdes.cat\/es\/wp-json\/wp\/v2\/users\/1"}],"replies":[{"embeddable":true,"href":"https:\/\/www.viesverdes.cat\/es\/wp-json\/wp\/v2\/comments?post=1053"}],"version-history":[{"count":2,"href":"https:\/\/www.viesverdes.cat\/es\/wp-json\/wp\/v2\/pages\/1053\/revisions"}],"predecessor-version":[{"id":24524,"href":"https:\/\/www.viesverdes.cat\/es\/wp-json\/wp\/v2\/pages\/1053\/revisions\/24524"}],"wp:attachment":[{"href":"https:\/\/www.viesverdes.cat\/es\/wp-json\/wp\/v2\/media?parent=1053"}],"curies":[{"name":"wp","href":"https:\/\/api.w.org\/{rel}","templated":true}]}}