{"id":1061,"date":"2018-06-19T11:48:55","date_gmt":"2018-06-19T10:48:55","guid":{"rendered":"http:\/\/iglesies.cat\/viesverdes\/?page_id=1061"},"modified":"2024-02-06T09:07:03","modified_gmt":"2024-02-06T08:07:03","slug":"politica-de-privacidad","status":"publish","type":"page","link":"https:\/\/www.viesverdes.cat\/es\/politica-de-privacidad\/","title":{"rendered":"Pol\u00edtica de Privacidad"},"content":{"rendered":"<p>Esta es la pol\u00edtica de protecci\u00f3n de datos del Consorci de les Vies Verdes de Girona. Da cumplimiento al Reglamento General de Protecci\u00f3n de Datos (Reglamento (UE) 2016\/679 del Parlamento Europeo y del Consejo, de 27 de abril de 2016) y a la Ley Org\u00e1nica 3\/2018 de Protecci\u00f3n de Datos Personales y Garant\u00eda de los Derechos Digitales (LOPDGDD).<\/p>\n<p>&nbsp;<\/p>\n<p><strong>\u00bfQui\u00e9n es el responsable del tratamiento de los datos personales?<\/strong><\/p>\n<p>El responsable del tratamiento de los datos personales es el Consorci de les Vies Verdes de Girona (en adelante, el Consorcio), con CIF P1700047B y domicilio en la Ronda de Sant Antoni Maria Claret, 28 A, 1.\u00ba, de Girona (CP 17002), direcci\u00f3n electr\u00f3nica <em>info@viesverdes.org<\/em> y direcci\u00f3n web <em>www.viesverdes.cat<\/em>.<\/p>\n<p>&nbsp;<\/p>\n<p><strong>\u00bfQu\u00e9 criterios empleamos en el tratamiento de los datos personales?<\/strong><\/p>\n<p>En el tratamiento de datos, el Consorcio asume los principios establecidos por el Reglamento General de Protecci\u00f3n de Datos y, por consiguiente:<\/p>\n<ol>\n<li>Trata los datos de manera l\u00edcita (\u00fanicamente cuando existe una base legal que lo permite y con transparencia para el interesado).<\/li>\n<li>Destina los datos a fines determinados, expl\u00edcitos y leg\u00edtimos que explica en el momento de obtenerlos, y, posteriormente, no los trata de manera incompatible con estos fines.<\/li>\n<li>Trata \u00fanicamente los datos adecuados, pertinentes y limitados a lo necesario en cada caso y para los fines para los que sean tratados.<\/li>\n<li>Procura que los datos est\u00e9n actualizados.<\/li>\n<li>Los conserva durante el tiempo necesario, en cumplimiento de las normas relativas a la conservaci\u00f3n de informaci\u00f3n p\u00fablica.<\/li>\n<li>Aplica medidas t\u00e9cnicas u organizativas apropiadas contra el tratamiento de datos no autorizado o il\u00edcito, y contra su p\u00e9rdida, destrucci\u00f3n o da\u00f1o accidental.<\/li>\n<li>Como criterio general, solo se comunican datos de las personas mayores de 14 a\u00f1os. En el caso de menores de 14 a\u00f1os, es necesaria la autorizaci\u00f3n de sus padres o representantes legales.<\/li>\n<\/ol>\n<p>&nbsp;<\/p>\n<p><strong>\u00bfQui\u00e9n es el delegado de Protecci\u00f3n de Datos?<\/strong><\/p>\n<p>El delegado de Protecci\u00f3n de Datos (DPD) supervisa el cumplimiento de la normativa de protecci\u00f3n de datos velando para que se protejan los derechos de las personas. Entre sus funciones figura la de atender cualquier queja o reclamaci\u00f3n de las personas cuyos datos tratamos. Puede contactar con el delegado de Protecci\u00f3n de Datos dirigi\u00e9ndose por escrito al Consorcio o directamente a la direcci\u00f3n electr\u00f3nica <a href=\"mailto:dpd@ddgi.cat\" target=\"_blank\" rel=\"noopener\">dpd@ddgi.cat<\/a>.<\/p>\n<p>&nbsp;<\/p>\n<p><strong>\u00bfCon qu\u00e9 finalidades tratamos los datos y a qui\u00e9n se comunican?<\/strong><\/p>\n<p>El Consorcio trata los datos para ejercer sus competencias y funciones. Los servicios del Consorcio se describen en su sitio web. Una descripci\u00f3n completa de los tratamientos y de los fines a los que se destinan los datos figura en el Registro de las Actividades de Tratamiento, elaborado de conformidad con el art\u00edculo 30 del Reglamento General de Protecci\u00f3n de Datos.<\/p>\n<p>&nbsp;<\/p>\n<p><u>Procedimientos administrativos y tr\u00e1mites<\/u><\/p>\n<p>Sobre la base de las solicitudes de las personas particulares interesadas, el Consorcio utiliza sus datos para seguir la tramitaci\u00f3n propia de cada proceso. Puede consultarse el cat\u00e1logo de tr\u00e1mites y el procedimiento seguido en la sede electr\u00f3nica del Consorcio. Seg\u00fan el procedimiento, estos datos pueden comunicarse a otras administraciones competentes en la materia. En algunos casos, deber\u00e1n ser objeto de publicaci\u00f3n en cumplimiento del principio de transparencia.<\/p>\n<p>&nbsp;<\/p>\n<p><u>Servicios<\/u><\/p>\n<p>Para la prestaci\u00f3n de sus servicios, el Consorcio trata los datos aportados por las personas beneficiarias o bien los que ha obtenido de otras administraciones. Ofrecer estos servicios comporta a menudo llevar a cabo el seguimiento de los datos y obtener nuevos datos de las personas usuarias. El cat\u00e1logo de servicios se puede consultar en el sitio web. Como criterio general, los datos no se comunican a otras personas sin el consentimiento del usuario del servicio.<\/p>\n<p>&nbsp;<\/p>\n<p><u>Contacto<\/u><\/p>\n<p>El Consorcio atiende las consultas de personas que utilizan los formularios de contacto de este sitio web. Los datos se utilizan \u00fanicamente para este fin y no se comunican a otras personas.<\/p>\n<p>&nbsp;<\/p>\n<p><u>Env\u00edo de informaci\u00f3n<\/u><\/p>\n<p>Con la autorizaci\u00f3n expl\u00edcita de cada persona, el Consorcio utiliza los datos de contacto que esta le ha proporcionado para informarle de sus iniciativas, servicios y actividades. Emplea para ello distintos canales, en funci\u00f3n de la autorizaci\u00f3n que ha facilitado cada persona; los datos no se comunican a otras personas sin su consentimiento.<\/p>\n<p>&nbsp;<\/p>\n<p><u>Gesti\u00f3n de los datos de nuestros proveedores<\/u><\/p>\n<p>El Consorcio registra y trata los datos de sus proveedores de obras, servicios o bienes. Pueden ser datos de personas que act\u00faan como aut\u00f3nomas o tambi\u00e9n datos de representantes de personas jur\u00eddicas. Se obtienen \u00fanicamente aquellos datos imprescindibles para mantener la relaci\u00f3n comercial y se destinan \u00fanicamente a dicho fin. En cumplimiento de obligaciones legales (normativa fiscal y contractual del servicio p\u00fablico) se comunican datos a otras administraciones p\u00fablicas.<\/p>\n<p>&nbsp;<\/p>\n<p><strong>\u00bfCu\u00e1l es la legitimaci\u00f3n legal para el tratamiento de los datos?<\/strong><\/p>\n<p>Los tratamientos de datos que lleva a cabo el Consorcio tienen distintos fundamentos legales, seg\u00fan la naturaleza de cada tratamiento.<\/p>\n<p>&nbsp;<\/p>\n<p><strong>Cumplimiento de las obligaciones legales<\/strong><\/p>\n<p>Los tratamientos de los datos en el contexto de procedimientos administrativos se efect\u00faa siguiendo las normas reguladoras de cada uno de los procedimientos. Se llevan a cabo en cumplimiento de obligaciones legales.<\/p>\n<p>&nbsp;<\/p>\n<p><strong>\u00bfCu\u00e1nto tiempo conservamos los datos?<\/strong><\/p>\n<p>El tiempo de conservaci\u00f3n de los datos viene determinado por distintos factores, principalmente por el hecho de que los datos sigan siendo necesarios para atender los fines para los que hayan sido recogidos en cada caso. En segundo lugar, se conservan para hacer frente a posibles responsabilidades para el tratamiento de los datos por parte del Consorcio, y para atender cualquier requerimiento de otras administraciones p\u00fablicas o de \u00f3rganos judiciales.<\/p>\n<p>En consecuencia, los datos se conservar\u00e1n durante el tiempo necesario para preservar su valor legal o informativo o para acreditar el cumplimiento de las obligaciones legales, pero no por un periodo superior al necesario de acuerdo con las finalidades del tratamiento.<\/p>\n<p>En determinados casos, como el de los datos que figuran en la documentaci\u00f3n contable y de facturaci\u00f3n, la normativa fiscal obliga a conservarlos hasta que no prescriban las responsabilidades en esta materia.<\/p>\n<p>En el caso de los datos que se tratan exclusivamente a partir del consentimiento de la persona interesada, se conservan hasta que dicha persona revoca el consentimiento.<\/p>\n<p>La normativa reguladora de la conservaci\u00f3n de la documentaci\u00f3n p\u00fablica y los dict\u00e1menes de la Comisi\u00f3n Nacional de Acceso, Evaluaci\u00f3n y Selecci\u00f3n Documental son un referente que determina los criterios que sigue el Consorcio en la conservaci\u00f3n o eliminaci\u00f3n de los datos.<\/p>\n<p>&nbsp;<\/p>\n<p><strong>\u00bfQu\u00e9 derechos tienen las personas con relaci\u00f3n a los datos que tratamos?<\/strong><\/p>\n<p>Las personas cuyos datos son tratados por el Consorcio tienen los derechos siguientes:<\/p>\n<p>&nbsp;<\/p>\n<p><u>A saber si se tratan<\/u><\/p>\n<p>Cualquier persona tiene, en primer lugar, derecho a saber si el Consorcio trata sus datos, con independencia del hecho de que haya existido o no una relaci\u00f3n previa.<\/p>\n<p>&nbsp;<\/p>\n<p><u>A ser informadas en la recogida<\/u><\/p>\n<p>Cuando los datos se obtienen de la propia persona interesada, esta debe tener informaci\u00f3n clara de las finalidades a las que se destinar\u00e1n, de qui\u00e9n ser\u00e1 el responsable de su tratamiento y de los principales aspectos derivados de dicho tratamiento.<\/p>\n<p>&nbsp;<\/p>\n<p><u>Al acceso a los datos<\/u><\/p>\n<p>Derecho que incluye saber qu\u00e9 datos personales son objeto de tratamiento, cu\u00e1l es la finalidad para la que se tratan y qu\u00e9 comunicaciones se har\u00e1n de los mismos a otras personas (en su caso). Tambi\u00e9n incluye el derecho a obtener copia de los datos o a saber el plazo previsto de su conservaci\u00f3n.<\/p>\n<p>&nbsp;<\/p>\n<p><u>A pedir su rectificaci\u00f3n<\/u><\/p>\n<p>Es el derecho a hacer rectificar los datos inexactos que sean objeto de tratamiento por parte del Consorcio.<\/p>\n<p>&nbsp;<\/p>\n<p><u>A pedir su supresi\u00f3n<\/u><\/p>\n<p>Derecho a pedir la supresi\u00f3n de los datos cuando, entre otros motivos, ya no sean necesarios para los fines para los que fueron recogidos.<\/p>\n<p>&nbsp;<\/p>\n<p><u>A pedir la limitaci\u00f3n del tratamiento<\/u><\/p>\n<p>En determinadas circunstancias tambi\u00e9n se reconoce el derecho a pedir la limitaci\u00f3n del tratamiento de los datos. En este caso, dejar\u00e1n de ser tratados y solo se conservar\u00e1n para el ejercicio o la defensa ante reclamaciones.<\/p>\n<p>&nbsp;<\/p>\n<p><u>A su portabilidad<\/u><\/p>\n<p>En los casos previstos en la normativa, se reconoce el derecho a obtener los propios datos personales en un formato de uso com\u00fan.<\/p>\n<p>&nbsp;<\/p>\n<p><u>A oponerse a su tratamiento<\/u><\/p>\n<p>Cualquier persona tiene el derecho a alegar motivos particulares para que dejen de tratarse sus datos en la medida en que pueda suponer un perjuicio.<\/p>\n<p>&nbsp;<\/p>\n<p><strong>\u00bfC\u00f3mo se pueden ejercer o defender los derechos?<\/strong><\/p>\n<p>Los derechos enumerados anteriormente se pueden ejercer enviando una solicitud al Consorcio, a su direcci\u00f3n postal o a las dem\u00e1s direcciones de contacto indicadas en el encabezamiento.<\/p>\n<p>En caso de no obtenerse una respuesta satisfactoria en el ejercicio de los derechos, puede presentarse una reclamaci\u00f3n ante la Autoridad Catalana de Protecci\u00f3n de Datos, mediante los formularios u otros canales accesibles desde su sitio web: <a href=\"http:\/\/www.apd.cat\/\" target=\"_blank\" rel=\"noopener\">www.apd.cat<\/a>.<\/p>\n<p>En cualquier caso, para presentar reclamaciones, pedir aclaraciones o enviar sugerencias, puede dirigirse al delegado de Protecci\u00f3n de Datos enviando un mensaje de correo electr\u00f3nico a la direcci\u00f3n <a href=\"mailto:dpd@ddgi.cat\" target=\"_blank\" rel=\"noopener\">dpd@ddgi.cat<\/a>.<\/p>\n","protected":false},"excerpt":{"rendered":"<p>Esta es la pol\u00edtica de protecci\u00f3n de datos del Consorci de les Vies Verdes de Girona. Da cumplimiento al Reglamento General de Protecci\u00f3n de Datos (Reglamento (UE) 2016\/679 del Parlamento Europeo y del Consejo, de 27 de abril de 2016) y a la Ley Org\u00e1nica 3\/2018 de Protecci\u00f3n de Datos Personales y Garant\u00eda de los [&hellip;]<\/p>\n","protected":false},"author":1,"featured_media":0,"parent":0,"menu_order":0,"comment_status":"closed","ping_status":"closed","template":"","meta":{"_acf_changed":false,"footnotes":""},"acf":[],"yoast_head":"<!-- This site is optimized with the Yoast SEO plugin v22.2 - https:\/\/yoast.com\/wordpress\/plugins\/seo\/ -->\n<title>Pol\u00edtica de Privacidad - Ecovies de Girona<\/title>\n<meta name=\"robots\" content=\"index, follow, max-snippet:-1, max-image-preview:large, max-video-preview:-1\" \/>\n<link rel=\"canonical\" href=\"https:\/\/www.viesverdes.cat\/es\/politica-de-privacidad\/\" \/>\n<meta property=\"og:locale\" content=\"es_ES\" \/>\n<meta property=\"og:type\" content=\"article\" \/>\n<meta property=\"og:title\" content=\"Pol\u00edtica de Privacidad - Ecovies de Girona\" \/>\n<meta property=\"og:description\" content=\"Esta es la pol\u00edtica de protecci\u00f3n de datos del Consorci de les Vies Verdes de Girona. Da cumplimiento al Reglamento General de Protecci\u00f3n de Datos (Reglamento (UE) 2016\/679 del Parlamento Europeo y del Consejo, de 27 de abril de 2016) y a la Ley Org\u00e1nica 3\/2018 de Protecci\u00f3n de Datos Personales y Garant\u00eda de los [&hellip;]\" \/>\n<meta property=\"og:url\" content=\"https:\/\/www.viesverdes.cat\/es\/politica-de-privacidad\/\" \/>\n<meta property=\"og:site_name\" content=\"Ecovies de Girona\" \/>\n<meta property=\"article:publisher\" content=\"https:\/\/www.facebook.com\/viesverdesgirona\" \/>\n<meta property=\"article:modified_time\" content=\"2024-02-06T08:07:03+00:00\" \/>\n<meta name=\"twitter:card\" content=\"summary_large_image\" \/>\n<meta name=\"twitter:site\" content=\"@viesverdesgi\" \/>\n<meta name=\"twitter:label1\" content=\"Tiempo de lectura\" \/>\n\t<meta name=\"twitter:data1\" content=\"8 minutos\" \/>\n<script type=\"application\/ld+json\" class=\"yoast-schema-graph\">{\"@context\":\"https:\/\/schema.org\",\"@graph\":[{\"@type\":\"WebPage\",\"@id\":\"https:\/\/www.viesverdes.cat\/es\/politica-de-privacidad\/\",\"url\":\"https:\/\/www.viesverdes.cat\/es\/politica-de-privacidad\/\",\"name\":\"Pol\u00edtica de Privacidad - Ecovies de Girona\",\"isPartOf\":{\"@id\":\"https:\/\/www.viesverdes.cat\/#website\"},\"datePublished\":\"2018-06-19T10:48:55+00:00\",\"dateModified\":\"2024-02-06T08:07:03+00:00\",\"breadcrumb\":{\"@id\":\"https:\/\/www.viesverdes.cat\/es\/politica-de-privacidad\/#breadcrumb\"},\"inLanguage\":\"es\",\"potentialAction\":[{\"@type\":\"ReadAction\",\"target\":[\"https:\/\/www.viesverdes.cat\/es\/politica-de-privacidad\/\"]}]},{\"@type\":\"BreadcrumbList\",\"@id\":\"https:\/\/www.viesverdes.cat\/es\/politica-de-privacidad\/#breadcrumb\",\"itemListElement\":[{\"@type\":\"ListItem\",\"position\":1,\"name\":\"Inici\",\"item\":\"https:\/\/www.viesverdes.cat\/\"},{\"@type\":\"ListItem\",\"position\":2,\"name\":\"Pol\u00edtica de Privacidad\"}]},{\"@type\":\"WebSite\",\"@id\":\"https:\/\/www.viesverdes.cat\/#website\",\"url\":\"https:\/\/www.viesverdes.cat\/\",\"name\":\"Vies Verdes i Pirinexus\",\"description\":\"\",\"publisher\":{\"@id\":\"https:\/\/www.viesverdes.cat\/#organization\"},\"potentialAction\":[{\"@type\":\"SearchAction\",\"target\":{\"@type\":\"EntryPoint\",\"urlTemplate\":\"https:\/\/www.viesverdes.cat\/?s={search_term_string}\"},\"query-input\":\"required name=search_term_string\"}],\"inLanguage\":\"es\"},{\"@type\":\"Organization\",\"@id\":\"https:\/\/www.viesverdes.cat\/#organization\",\"name\":\"Consorci de les Vies Verdes de Girona\",\"url\":\"https:\/\/www.viesverdes.cat\/\",\"logo\":{\"@type\":\"ImageObject\",\"inLanguage\":\"es\",\"@id\":\"https:\/\/www.viesverdes.cat\/#\/schema\/logo\/image\/\",\"url\":\"https:\/\/www.viesverdes.cat\/wp-content\/uploads\/2023\/04\/Logo-Consorci-Vies-Verdes-color-1-e1682501524240.png\",\"contentUrl\":\"https:\/\/www.viesverdes.cat\/wp-content\/uploads\/2023\/04\/Logo-Consorci-Vies-Verdes-color-1-e1682501524240.png\",\"width\":350,\"height\":41,\"caption\":\"Consorci de les Vies Verdes de Girona\"},\"image\":{\"@id\":\"https:\/\/www.viesverdes.cat\/#\/schema\/logo\/image\/\"},\"sameAs\":[\"https:\/\/www.facebook.com\/viesverdesgirona\",\"https:\/\/twitter.com\/viesverdesgi\",\"https:\/\/www.youtube.com\/viesverdesgi\",\"https:\/\/www.instagram.com\/viesverdesgi\/\"]}]}<\/script>\n<!-- \/ Yoast SEO plugin. -->","yoast_head_json":{"title":"Pol\u00edtica de Privacidad - Ecovies de Girona","robots":{"index":"index","follow":"follow","max-snippet":"max-snippet:-1","max-image-preview":"max-image-preview:large","max-video-preview":"max-video-preview:-1"},"canonical":"https:\/\/www.viesverdes.cat\/es\/politica-de-privacidad\/","og_locale":"es_ES","og_type":"article","og_title":"Pol\u00edtica de Privacidad - Ecovies de Girona","og_description":"Esta es la pol\u00edtica de protecci\u00f3n de datos del Consorci de les Vies Verdes de Girona. Da cumplimiento al Reglamento General de Protecci\u00f3n de Datos (Reglamento (UE) 2016\/679 del Parlamento Europeo y del Consejo, de 27 de abril de 2016) y a la Ley Org\u00e1nica 3\/2018 de Protecci\u00f3n de Datos Personales y Garant\u00eda de los [&hellip;]","og_url":"https:\/\/www.viesverdes.cat\/es\/politica-de-privacidad\/","og_site_name":"Ecovies de Girona","article_publisher":"https:\/\/www.facebook.com\/viesverdesgirona","article_modified_time":"2024-02-06T08:07:03+00:00","twitter_card":"summary_large_image","twitter_site":"@viesverdesgi","twitter_misc":{"Tiempo de lectura":"8 minutos"},"schema":{"@context":"https:\/\/schema.org","@graph":[{"@type":"WebPage","@id":"https:\/\/www.viesverdes.cat\/es\/politica-de-privacidad\/","url":"https:\/\/www.viesverdes.cat\/es\/politica-de-privacidad\/","name":"Pol\u00edtica de Privacidad - Ecovies de Girona","isPartOf":{"@id":"https:\/\/www.viesverdes.cat\/#website"},"datePublished":"2018-06-19T10:48:55+00:00","dateModified":"2024-02-06T08:07:03+00:00","breadcrumb":{"@id":"https:\/\/www.viesverdes.cat\/es\/politica-de-privacidad\/#breadcrumb"},"inLanguage":"es","potentialAction":[{"@type":"ReadAction","target":["https:\/\/www.viesverdes.cat\/es\/politica-de-privacidad\/"]}]},{"@type":"BreadcrumbList","@id":"https:\/\/www.viesverdes.cat\/es\/politica-de-privacidad\/#breadcrumb","itemListElement":[{"@type":"ListItem","position":1,"name":"Inici","item":"https:\/\/www.viesverdes.cat\/"},{"@type":"ListItem","position":2,"name":"Pol\u00edtica de Privacidad"}]},{"@type":"WebSite","@id":"https:\/\/www.viesverdes.cat\/#website","url":"https:\/\/www.viesverdes.cat\/","name":"Vies Verdes i Pirinexus","description":"","publisher":{"@id":"https:\/\/www.viesverdes.cat\/#organization"},"potentialAction":[{"@type":"SearchAction","target":{"@type":"EntryPoint","urlTemplate":"https:\/\/www.viesverdes.cat\/?s={search_term_string}"},"query-input":"required name=search_term_string"}],"inLanguage":"es"},{"@type":"Organization","@id":"https:\/\/www.viesverdes.cat\/#organization","name":"Consorci de les Vies Verdes de Girona","url":"https:\/\/www.viesverdes.cat\/","logo":{"@type":"ImageObject","inLanguage":"es","@id":"https:\/\/www.viesverdes.cat\/#\/schema\/logo\/image\/","url":"https:\/\/www.viesverdes.cat\/wp-content\/uploads\/2023\/04\/Logo-Consorci-Vies-Verdes-color-1-e1682501524240.png","contentUrl":"https:\/\/www.viesverdes.cat\/wp-content\/uploads\/2023\/04\/Logo-Consorci-Vies-Verdes-color-1-e1682501524240.png","width":350,"height":41,"caption":"Consorci de les Vies Verdes de Girona"},"image":{"@id":"https:\/\/www.viesverdes.cat\/#\/schema\/logo\/image\/"},"sameAs":["https:\/\/www.facebook.com\/viesverdesgirona","https:\/\/twitter.com\/viesverdesgi","https:\/\/www.youtube.com\/viesverdesgi","https:\/\/www.instagram.com\/viesverdesgi\/"]}]}},"_links":{"self":[{"href":"https:\/\/www.viesverdes.cat\/es\/wp-json\/wp\/v2\/pages\/1061"}],"collection":[{"href":"https:\/\/www.viesverdes.cat\/es\/wp-json\/wp\/v2\/pages"}],"about":[{"href":"https:\/\/www.viesverdes.cat\/es\/wp-json\/wp\/v2\/types\/page"}],"author":[{"embeddable":true,"href":"https:\/\/www.viesverdes.cat\/es\/wp-json\/wp\/v2\/users\/1"}],"replies":[{"embeddable":true,"href":"https:\/\/www.viesverdes.cat\/es\/wp-json\/wp\/v2\/comments?post=1061"}],"version-history":[{"count":2,"href":"https:\/\/www.viesverdes.cat\/es\/wp-json\/wp\/v2\/pages\/1061\/revisions"}],"predecessor-version":[{"id":24526,"href":"https:\/\/www.viesverdes.cat\/es\/wp-json\/wp\/v2\/pages\/1061\/revisions\/24526"}],"wp:attachment":[{"href":"https:\/\/www.viesverdes.cat\/es\/wp-json\/wp\/v2\/media?parent=1061"}],"curies":[{"name":"wp","href":"https:\/\/api.w.org\/{rel}","templated":true}]}}