{"id":1077,"date":"2018-06-19T12:02:02","date_gmt":"2018-06-19T11:02:02","guid":{"rendered":"http:\/\/iglesies.cat\/viesverdes\/?page_id=1077"},"modified":"2023-01-19T15:02:58","modified_gmt":"2023-01-19T14:02:58","slug":"creditos","status":"publish","type":"page","link":"https:\/\/www.viesverdes.cat\/es\/creditos\/","title":{"rendered":"Cr\u00e9ditos"},"content":{"rendered":"<h2>Cr\u00e9ditos web 2018<\/h2>\n<div>Dise\u00f1o gr\u00e1fico y desarrollo del proyecto web: <a href=\"http:\/\/www.iglesies.com\/\" target=\"_blank\" rel=\"noopener\">iglesiesassociats<\/a> <span class=\"sr-only\">Abre en ventana nueva<\/span><\/div>\n<div>Soporte de accessibilidad: <a href=\"http:\/\/www.tothomweb.com\/es\/\" target=\"_blank\" rel=\"noopener\">TOTHOMweb <span class=\"sr-only\">Abre en ventana nueva<\/span><\/a><\/div>\n<h2>Im\u00e1genes y fotograf\u00edas<\/h2>\n<div>Consorci de les Vies Verdes de Girona<br \/>\nArxiu d\u2019Imatges de la Diputaci\u00f3 de Girona &#8211; INSPAI Centre de la Imatge<br \/>\nArxiu Fotogr\u00e0fic del Patronat de Turisme Costa Brava Girona<\/div>\n<div>Pere Duran<br \/>\nXevi F. G\u00fcell<\/div>\n<div>Jean Claude Martin<\/div>\n<div>Stella Rotger 2017-2018 \u00a92018<\/div>\n<div>\u00c1lvaro Sanz 2022<\/div>\n<div>\n<p>\u00a92023 Consorci de les Vies Verdes de Girona \u00a0&#8211; Todos los derechos reservados<\/p>\n<\/div>\n","protected":false},"excerpt":{"rendered":"<p>Cr\u00e9ditos web 2018 Dise\u00f1o gr\u00e1fico y desarrollo del proyecto web: iglesiesassociats Abre en ventana nueva Soporte de accessibilidad: TOTHOMweb Abre en ventana nueva Im\u00e1genes y fotograf\u00edas Consorci de les Vies Verdes de Girona Arxiu d\u2019Imatges de la Diputaci\u00f3 de Girona &#8211; INSPAI Centre de la Imatge Arxiu Fotogr\u00e0fic del Patronat de Turisme Costa Brava Girona [&hellip;]<\/p>\n","protected":false},"author":1,"featured_media":0,"parent":0,"menu_order":0,"comment_status":"closed","ping_status":"closed","template":"","meta":{"_acf_changed":false,"footnotes":""},"acf":[],"yoast_head":"<!-- This site is optimized with the Yoast SEO plugin v22.2 - https:\/\/yoast.com\/wordpress\/plugins\/seo\/ -->\n<title>Cr\u00e9ditos - Ecovies de Girona<\/title>\n<meta name=\"robots\" content=\"index, follow, max-snippet:-1, max-image-preview:large, max-video-preview:-1\" \/>\n<link rel=\"canonical\" href=\"https:\/\/www.viesverdes.cat\/es\/creditos\/\" \/>\n<meta property=\"og:locale\" content=\"es_ES\" \/>\n<meta property=\"og:type\" content=\"article\" \/>\n<meta property=\"og:title\" content=\"Cr\u00e9ditos - Ecovies de Girona\" \/>\n<meta property=\"og:description\" content=\"Cr\u00e9ditos web 2018 Dise\u00f1o gr\u00e1fico y desarrollo del proyecto web: iglesiesassociats Abre en ventana nueva Soporte de accessibilidad: TOTHOMweb Abre en ventana nueva Im\u00e1genes y fotograf\u00edas Consorci de les Vies Verdes de Girona Arxiu d\u2019Imatges de la Diputaci\u00f3 de Girona &#8211; INSPAI Centre de la Imatge Arxiu Fotogr\u00e0fic del Patronat de Turisme Costa Brava Girona [&hellip;]\" \/>\n<meta property=\"og:url\" content=\"https:\/\/www.viesverdes.cat\/es\/creditos\/\" \/>\n<meta property=\"og:site_name\" content=\"Ecovies de Girona\" \/>\n<meta property=\"article:publisher\" content=\"https:\/\/www.facebook.com\/viesverdesgirona\" \/>\n<meta property=\"article:modified_time\" content=\"2023-01-19T14:02:58+00:00\" \/>\n<meta name=\"twitter:card\" content=\"summary_large_image\" \/>\n<meta name=\"twitter:site\" content=\"@viesverdesgi\" \/>\n<script type=\"application\/ld+json\" class=\"yoast-schema-graph\">{\"@context\":\"https:\/\/schema.org\",\"@graph\":[{\"@type\":\"WebPage\",\"@id\":\"https:\/\/www.viesverdes.cat\/es\/creditos\/\",\"url\":\"https:\/\/www.viesverdes.cat\/es\/creditos\/\",\"name\":\"Cr\u00e9ditos - Ecovies de Girona\",\"isPartOf\":{\"@id\":\"https:\/\/www.viesverdes.cat\/#website\"},\"datePublished\":\"2018-06-19T11:02:02+00:00\",\"dateModified\":\"2023-01-19T14:02:58+00:00\",\"breadcrumb\":{\"@id\":\"https:\/\/www.viesverdes.cat\/es\/creditos\/#breadcrumb\"},\"inLanguage\":\"es\",\"potentialAction\":[{\"@type\":\"ReadAction\",\"target\":[\"https:\/\/www.viesverdes.cat\/es\/creditos\/\"]}]},{\"@type\":\"BreadcrumbList\",\"@id\":\"https:\/\/www.viesverdes.cat\/es\/creditos\/#breadcrumb\",\"itemListElement\":[{\"@type\":\"ListItem\",\"position\":1,\"name\":\"Inici\",\"item\":\"https:\/\/www.viesverdes.cat\/\"},{\"@type\":\"ListItem\",\"position\":2,\"name\":\"Cr\u00e9ditos\"}]},{\"@type\":\"WebSite\",\"@id\":\"https:\/\/www.viesverdes.cat\/#website\",\"url\":\"https:\/\/www.viesverdes.cat\/\",\"name\":\"Vies Verdes i Pirinexus\",\"description\":\"\",\"publisher\":{\"@id\":\"https:\/\/www.viesverdes.cat\/#organization\"},\"potentialAction\":[{\"@type\":\"SearchAction\",\"target\":{\"@type\":\"EntryPoint\",\"urlTemplate\":\"https:\/\/www.viesverdes.cat\/?s={search_term_string}\"},\"query-input\":\"required name=search_term_string\"}],\"inLanguage\":\"es\"},{\"@type\":\"Organization\",\"@id\":\"https:\/\/www.viesverdes.cat\/#organization\",\"name\":\"Consorci de les Vies Verdes de Girona\",\"url\":\"https:\/\/www.viesverdes.cat\/\",\"logo\":{\"@type\":\"ImageObject\",\"inLanguage\":\"es\",\"@id\":\"https:\/\/www.viesverdes.cat\/#\/schema\/logo\/image\/\",\"url\":\"https:\/\/www.viesverdes.cat\/wp-content\/uploads\/2023\/04\/Logo-Consorci-Vies-Verdes-color-1-e1682501524240.png\",\"contentUrl\":\"https:\/\/www.viesverdes.cat\/wp-content\/uploads\/2023\/04\/Logo-Consorci-Vies-Verdes-color-1-e1682501524240.png\",\"width\":350,\"height\":41,\"caption\":\"Consorci de les Vies Verdes de Girona\"},\"image\":{\"@id\":\"https:\/\/www.viesverdes.cat\/#\/schema\/logo\/image\/\"},\"sameAs\":[\"https:\/\/www.facebook.com\/viesverdesgirona\",\"https:\/\/twitter.com\/viesverdesgi\",\"https:\/\/www.youtube.com\/viesverdesgi\",\"https:\/\/www.instagram.com\/viesverdesgi\/\"]}]}<\/script>\n<!-- \/ Yoast SEO plugin. -->","yoast_head_json":{"title":"Cr\u00e9ditos - Ecovies de Girona","robots":{"index":"index","follow":"follow","max-snippet":"max-snippet:-1","max-image-preview":"max-image-preview:large","max-video-preview":"max-video-preview:-1"},"canonical":"https:\/\/www.viesverdes.cat\/es\/creditos\/","og_locale":"es_ES","og_type":"article","og_title":"Cr\u00e9ditos - Ecovies de Girona","og_description":"Cr\u00e9ditos web 2018 Dise\u00f1o gr\u00e1fico y desarrollo del proyecto web: iglesiesassociats Abre en ventana nueva Soporte de accessibilidad: TOTHOMweb Abre en ventana nueva Im\u00e1genes y fotograf\u00edas Consorci de les Vies Verdes de Girona Arxiu d\u2019Imatges de la Diputaci\u00f3 de Girona &#8211; INSPAI Centre de la Imatge Arxiu Fotogr\u00e0fic del Patronat de Turisme Costa Brava Girona [&hellip;]","og_url":"https:\/\/www.viesverdes.cat\/es\/creditos\/","og_site_name":"Ecovies de Girona","article_publisher":"https:\/\/www.facebook.com\/viesverdesgirona","article_modified_time":"2023-01-19T14:02:58+00:00","twitter_card":"summary_large_image","twitter_site":"@viesverdesgi","schema":{"@context":"https:\/\/schema.org","@graph":[{"@type":"WebPage","@id":"https:\/\/www.viesverdes.cat\/es\/creditos\/","url":"https:\/\/www.viesverdes.cat\/es\/creditos\/","name":"Cr\u00e9ditos - Ecovies de Girona","isPartOf":{"@id":"https:\/\/www.viesverdes.cat\/#website"},"datePublished":"2018-06-19T11:02:02+00:00","dateModified":"2023-01-19T14:02:58+00:00","breadcrumb":{"@id":"https:\/\/www.viesverdes.cat\/es\/creditos\/#breadcrumb"},"inLanguage":"es","potentialAction":[{"@type":"ReadAction","target":["https:\/\/www.viesverdes.cat\/es\/creditos\/"]}]},{"@type":"BreadcrumbList","@id":"https:\/\/www.viesverdes.cat\/es\/creditos\/#breadcrumb","itemListElement":[{"@type":"ListItem","position":1,"name":"Inici","item":"https:\/\/www.viesverdes.cat\/"},{"@type":"ListItem","position":2,"name":"Cr\u00e9ditos"}]},{"@type":"WebSite","@id":"https:\/\/www.viesverdes.cat\/#website","url":"https:\/\/www.viesverdes.cat\/","name":"Vies Verdes i Pirinexus","description":"","publisher":{"@id":"https:\/\/www.viesverdes.cat\/#organization"},"potentialAction":[{"@type":"SearchAction","target":{"@type":"EntryPoint","urlTemplate":"https:\/\/www.viesverdes.cat\/?s={search_term_string}"},"query-input":"required name=search_term_string"}],"inLanguage":"es"},{"@type":"Organization","@id":"https:\/\/www.viesverdes.cat\/#organization","name":"Consorci de les Vies Verdes de Girona","url":"https:\/\/www.viesverdes.cat\/","logo":{"@type":"ImageObject","inLanguage":"es","@id":"https:\/\/www.viesverdes.cat\/#\/schema\/logo\/image\/","url":"https:\/\/www.viesverdes.cat\/wp-content\/uploads\/2023\/04\/Logo-Consorci-Vies-Verdes-color-1-e1682501524240.png","contentUrl":"https:\/\/www.viesverdes.cat\/wp-content\/uploads\/2023\/04\/Logo-Consorci-Vies-Verdes-color-1-e1682501524240.png","width":350,"height":41,"caption":"Consorci de les Vies Verdes de Girona"},"image":{"@id":"https:\/\/www.viesverdes.cat\/#\/schema\/logo\/image\/"},"sameAs":["https:\/\/www.facebook.com\/viesverdesgirona","https:\/\/twitter.com\/viesverdesgi","https:\/\/www.youtube.com\/viesverdesgi","https:\/\/www.instagram.com\/viesverdesgi\/"]}]}},"_links":{"self":[{"href":"https:\/\/www.viesverdes.cat\/es\/wp-json\/wp\/v2\/pages\/1077"}],"collection":[{"href":"https:\/\/www.viesverdes.cat\/es\/wp-json\/wp\/v2\/pages"}],"about":[{"href":"https:\/\/www.viesverdes.cat\/es\/wp-json\/wp\/v2\/types\/page"}],"author":[{"embeddable":true,"href":"https:\/\/www.viesverdes.cat\/es\/wp-json\/wp\/v2\/users\/1"}],"replies":[{"embeddable":true,"href":"https:\/\/www.viesverdes.cat\/es\/wp-json\/wp\/v2\/comments?post=1077"}],"version-history":[{"count":1,"href":"https:\/\/www.viesverdes.cat\/es\/wp-json\/wp\/v2\/pages\/1077\/revisions"}],"predecessor-version":[{"id":20878,"href":"https:\/\/www.viesverdes.cat\/es\/wp-json\/wp\/v2\/pages\/1077\/revisions\/20878"}],"wp:attachment":[{"href":"https:\/\/www.viesverdes.cat\/es\/wp-json\/wp\/v2\/media?parent=1077"}],"curies":[{"name":"wp","href":"https:\/\/api.w.org\/{rel}","templated":true}]}}