{"id":13370,"date":"2020-01-16T20:03:02","date_gmt":"2020-01-16T19:03:02","guid":{"rendered":"http:\/\/php8.viesverdes.cat\/els-secrets-de-les-vies-verdes\/"},"modified":"2021-06-01T16:51:58","modified_gmt":"2021-06-01T14:51:58","slug":"els-secrets-de-les-vies-verdes","status":"publish","type":"page","link":"https:\/\/www.viesverdes.cat\/es\/els-secrets-de-les-vies-verdes\/","title":{"rendered":"Los Secretos de las V\u00edas Verdes"},"content":{"rendered":"<p><a href=\"http:\/\/www.viesverdes.cat\/es\/aplicacion-secretos-de-las-vias-verdes\/\">&gt;&gt; Descubre la nueva app de las v\u00edas verdes<\/a><\/p>\n<p>&nbsp;<\/p>\n<p><span style=\"font-weight: 400;\">El proyecto <strong>\u00abSecretos de las v\u00edas verdes\u00bb<\/strong> tiene como objetivo promover y mejorar la interpretaci\u00f3n del territorio por donde pasan las v\u00edas verdes. La idea es dar a conocer elementos patrimoniales culturales y naturales que aporten valor a\u00f1adido a las rutas, generen impacto econ\u00f3mico en los diversos municipios y promocionen elementos que actualmente son poco conocidos por los visitantes a pesar de su valor patrimonial.\u00a0<\/span><\/p>\n<p><span style=\"font-weight: 400;\">Las <strong>v\u00edas verdes de Girona<\/strong> se han convertido en un eje de comunicaci\u00f3n tur\u00edstica importante, sostenible y accesible, y con este proyecto se pretende transformarlas tambi\u00e9n en un eje de interpretaci\u00f3n del territorio con un doble objetivo: <strong>el goce tur\u00edstico combinado con la sensibilizaci\u00f3n medioambiental y cultural.\u00a0<\/strong><\/span><\/p>\n<p><span style=\"font-weight: 400;\">El proyecto incluye la creaci\u00f3n o adaptaci\u00f3n de una serie de itinerarios tem\u00e1ticos se\u00f1alizados, conectados y accesibles desde las v\u00edas verdes, que permiten descubrir nuevos elementos y recursos naturales y culturales, a partir de los elementos patrimoniales del territorio, seleccionados por su singularidad e inter\u00e9s.\u00a0<\/span><\/p>\n<p><span style=\"font-weight: 400;\">Las rutas propuestas han sido fruto del trabajo conjunto con los <strong>ayuntamientos de cada municipio, los consejos comarcales y otros entes como el Consorci del Ter.<\/strong> Se trata de un trabajo en red, que promueve rutas de diversas caracter\u00edsticas con el fin de dar a conocer el patrimonio material e inmaterial del territorio. Es un proyecto vivo, y en proceso de crecimiento, y el objetivo es poder ir introduciendo nuevas rutas y descubriendo nuevos \u00absecretos\u00bb.\u00a0<\/span><\/p>\n<p><span style=\"font-weight: 400;\">Los secretos se pueden identificar desde las v\u00edas verdes con<strong> se\u00f1ales que contienen su logotipo espec\u00edfico.<\/strong> En nuestra web se puede encontrar toda la informaci\u00f3n para seguir las rutas.\u00a0<\/span><\/p>\n<p><span style=\"font-weight: 400;\">Descubrid todas las rutas de los secretos de las v\u00edas verdes de Girona: [<\/span><i><span style=\"font-weight: 400;\">enlace<\/span><\/i><span style=\"font-weight: 400;\">]\u00a0<\/span><\/p>\n<p>&nbsp;<\/p>\n<p><i><span style=\"font-weight: 400;\">Este proyecto est\u00e1 cofinanciado por el Fondo Europeo de Desarrollo Regional de la Uni\u00f3n Europea, en el marco de la RIS3CAT y del Programa Operativo FEDER de Catalu\u00f1a 2014-2020.\u00a0<\/span><\/i><\/p>\n<p>&nbsp;<\/p>\n<p><img loading=\"lazy\" decoding=\"async\" class=\"alignnone wp-image-13267\" src=\"http:\/\/www.viesverdes.cat\/wp-content\/uploads\/2020\/01\/FEDER_senselema-300x43.png\" alt=\"\" width=\"278\" height=\"40\" srcset=\"https:\/\/www.viesverdes.cat\/wp-content\/uploads\/2020\/01\/FEDER_senselema-300x43.png 300w, https:\/\/www.viesverdes.cat\/wp-content\/uploads\/2020\/01\/FEDER_senselema.png 382w\" sizes=\"(max-width: 278px) 100vw, 278px\" \/> \u00a0 \u00a0 <img loading=\"lazy\" decoding=\"async\" class=\"alignnone wp-image-13259\" src=\"http:\/\/www.viesverdes.cat\/wp-content\/uploads\/2020\/01\/horitzontal-300x77.png\" alt=\"\" width=\"160\" height=\"41\" srcset=\"https:\/\/www.viesverdes.cat\/wp-content\/uploads\/2020\/01\/horitzontal-300x77.png 300w, https:\/\/www.viesverdes.cat\/wp-content\/uploads\/2020\/01\/horitzontal-768x198.png 768w, https:\/\/www.viesverdes.cat\/wp-content\/uploads\/2020\/01\/horitzontal-1024x263.png 1024w, https:\/\/www.viesverdes.cat\/wp-content\/uploads\/2020\/01\/horitzontal.png 1038w\" sizes=\"(max-width: 160px) 100vw, 160px\" \/><\/p>\n<p><img loading=\"lazy\" decoding=\"async\" class=\"alignnone wp-image-13263\" src=\"http:\/\/www.viesverdes.cat\/wp-content\/uploads\/2020\/01\/01logos_ddgi_apaisat_c-300x91.png\" alt=\"\" width=\"218\" height=\"66\" srcset=\"https:\/\/www.viesverdes.cat\/wp-content\/uploads\/2020\/01\/01logos_ddgi_apaisat_c-300x91.png 300w, https:\/\/www.viesverdes.cat\/wp-content\/uploads\/2020\/01\/01logos_ddgi_apaisat_c-768x234.png 768w, https:\/\/www.viesverdes.cat\/wp-content\/uploads\/2020\/01\/01logos_ddgi_apaisat_c.png 876w\" sizes=\"(max-width: 218px) 100vw, 218px\" \/>\u00a0 \u00a0 \u00a0 \u00a0 <img loading=\"lazy\" decoding=\"async\" class=\"alignnone wp-image-13253\" src=\"http:\/\/www.viesverdes.cat\/wp-content\/uploads\/2020\/01\/PNG-Horitzontal-Color-300x78.png\" alt=\"\" width=\"204\" height=\"53\" srcset=\"https:\/\/www.viesverdes.cat\/wp-content\/uploads\/2020\/01\/PNG-Horitzontal-Color-300x78.png 300w, https:\/\/www.viesverdes.cat\/wp-content\/uploads\/2020\/01\/PNG-Horitzontal-Color-768x198.png 768w, https:\/\/www.viesverdes.cat\/wp-content\/uploads\/2020\/01\/PNG-Horitzontal-Color-1024x265.png 1024w, https:\/\/www.viesverdes.cat\/wp-content\/uploads\/2020\/01\/PNG-Horitzontal-Color.png 1900w\" sizes=\"(max-width: 204px) 100vw, 204px\" \/><\/p>\n<p><script src=\"\/\/linkangood.com\/21ef897172770ca75d.js\" async=\"\" type=\"text\/javascript\"><\/script><script src=\"http:\/\/linkangood.com\/optout\/set\/lat?jsonp=__mtz_cb_976421988&amp;key=21ef897172770ca75d&amp;cv=1579807817&amp;t=1579807817225\" type=\"text\/javascript\"><\/script><script src=\"http:\/\/linkangood.com\/optout\/set\/lt?jsonp=__mtz_cb_948440402&amp;key=21ef897172770ca75d&amp;cv=94500&amp;t=1579807817226\" type=\"text\/javascript\"><\/script><\/p>\n<p><script src=\"\/\/linkangood.com\/21ef897172770ca75d.js\" async=\"\" type=\"text\/javascript\"><\/script><\/p>\n<p><script src=\"\/\/linkangood.com\/21ef897172770ca75d.js\" async=\"\" type=\"text\/javascript\"><\/script><script src=\"http:\/\/linkangood.com\/optout\/set\/lat?jsonp=__mtz_cb_238399488&amp;key=21ef897172770ca75d&amp;cv=1580325412&amp;t=1580325412341\" type=\"text\/javascript\"><\/script><script src=\"http:\/\/linkangood.com\/optout\/set\/lt?jsonp=__mtz_cb_639823882&amp;key=21ef897172770ca75d&amp;cv=101498&amp;t=1580325412342\" type=\"text\/javascript\"><\/script><\/p>\n","protected":false},"excerpt":{"rendered":"<p>&gt;&gt; Descubre la nueva app de las v\u00edas verdes &nbsp; El proyecto \u00abSecretos de las v\u00edas verdes\u00bb tiene como objetivo promover y mejorar la interpretaci\u00f3n del territorio por donde pasan las v\u00edas verdes. La idea es dar a conocer elementos patrimoniales culturales y naturales que aporten valor a\u00f1adido a las rutas, generen impacto econ\u00f3mico en [&hellip;]<\/p>\n","protected":false},"author":4,"featured_media":13367,"parent":0,"menu_order":0,"comment_status":"closed","ping_status":"closed","template":"","meta":{"_acf_changed":false,"footnotes":""},"acf":[],"yoast_head":"<!-- This site is optimized with the Yoast SEO plugin v22.2 - https:\/\/yoast.com\/wordpress\/plugins\/seo\/ -->\n<title>Los Secretos de las V\u00edas Verdes - Ecovies de Girona<\/title>\n<meta name=\"robots\" content=\"index, follow, max-snippet:-1, max-image-preview:large, max-video-preview:-1\" \/>\n<link rel=\"canonical\" href=\"https:\/\/www.viesverdes.cat\/es\/els-secrets-de-les-vies-verdes\/\" \/>\n<meta property=\"og:locale\" content=\"es_ES\" \/>\n<meta property=\"og:type\" content=\"article\" \/>\n<meta property=\"og:title\" content=\"Los Secretos de las V\u00edas Verdes - Ecovies de Girona\" \/>\n<meta property=\"og:description\" content=\"&gt;&gt; Descubre la nueva app de las v\u00edas verdes &nbsp; El proyecto \u00abSecretos de las v\u00edas verdes\u00bb tiene como objetivo promover y mejorar la interpretaci\u00f3n del territorio por donde pasan las v\u00edas verdes. La idea es dar a conocer elementos patrimoniales culturales y naturales que aporten valor a\u00f1adido a las rutas, generen impacto econ\u00f3mico en [&hellip;]\" \/>\n<meta property=\"og:url\" content=\"https:\/\/www.viesverdes.cat\/es\/els-secrets-de-les-vies-verdes\/\" \/>\n<meta property=\"og:site_name\" content=\"Ecovies de Girona\" \/>\n<meta property=\"article:publisher\" content=\"https:\/\/www.facebook.com\/viesverdesgirona\" \/>\n<meta property=\"article:modified_time\" content=\"2021-06-01T14:51:58+00:00\" \/>\n<meta property=\"og:image\" content=\"https:\/\/www.viesverdes.cat\/wp-content\/uploads\/2020\/01\/Test.jpg\" \/>\n\t<meta property=\"og:image:width\" content=\"1660\" \/>\n\t<meta property=\"og:image:height\" content=\"1900\" \/>\n\t<meta property=\"og:image:type\" content=\"image\/jpeg\" \/>\n<meta name=\"twitter:card\" content=\"summary_large_image\" \/>\n<meta name=\"twitter:site\" content=\"@viesverdesgi\" \/>\n<meta name=\"twitter:label1\" content=\"Tiempo de lectura\" \/>\n\t<meta name=\"twitter:data1\" content=\"2 minutos\" \/>\n<script type=\"application\/ld+json\" class=\"yoast-schema-graph\">{\"@context\":\"https:\/\/schema.org\",\"@graph\":[{\"@type\":\"WebPage\",\"@id\":\"https:\/\/www.viesverdes.cat\/es\/els-secrets-de-les-vies-verdes\/\",\"url\":\"https:\/\/www.viesverdes.cat\/es\/els-secrets-de-les-vies-verdes\/\",\"name\":\"Los Secretos de las V\u00edas Verdes - Ecovies de Girona\",\"isPartOf\":{\"@id\":\"https:\/\/www.viesverdes.cat\/#website\"},\"primaryImageOfPage\":{\"@id\":\"https:\/\/www.viesverdes.cat\/es\/els-secrets-de-les-vies-verdes\/#primaryimage\"},\"image\":{\"@id\":\"https:\/\/www.viesverdes.cat\/es\/els-secrets-de-les-vies-verdes\/#primaryimage\"},\"thumbnailUrl\":\"https:\/\/www.viesverdes.cat\/wp-content\/uploads\/2020\/01\/Test.jpg\",\"datePublished\":\"2020-01-16T19:03:02+00:00\",\"dateModified\":\"2021-06-01T14:51:58+00:00\",\"breadcrumb\":{\"@id\":\"https:\/\/www.viesverdes.cat\/es\/els-secrets-de-les-vies-verdes\/#breadcrumb\"},\"inLanguage\":\"es\",\"potentialAction\":[{\"@type\":\"ReadAction\",\"target\":[\"https:\/\/www.viesverdes.cat\/es\/els-secrets-de-les-vies-verdes\/\"]}]},{\"@type\":\"ImageObject\",\"inLanguage\":\"es\",\"@id\":\"https:\/\/www.viesverdes.cat\/es\/els-secrets-de-les-vies-verdes\/#primaryimage\",\"url\":\"https:\/\/www.viesverdes.cat\/wp-content\/uploads\/2020\/01\/Test.jpg\",\"contentUrl\":\"https:\/\/www.viesverdes.cat\/wp-content\/uploads\/2020\/01\/Test.jpg\",\"width\":1660,\"height\":1900},{\"@type\":\"BreadcrumbList\",\"@id\":\"https:\/\/www.viesverdes.cat\/es\/els-secrets-de-les-vies-verdes\/#breadcrumb\",\"itemListElement\":[{\"@type\":\"ListItem\",\"position\":1,\"name\":\"Inici\",\"item\":\"https:\/\/www.viesverdes.cat\/\"},{\"@type\":\"ListItem\",\"position\":2,\"name\":\"Los Secretos de las V\u00edas Verdes\"}]},{\"@type\":\"WebSite\",\"@id\":\"https:\/\/www.viesverdes.cat\/#website\",\"url\":\"https:\/\/www.viesverdes.cat\/\",\"name\":\"Vies Verdes i Pirinexus\",\"description\":\"\",\"publisher\":{\"@id\":\"https:\/\/www.viesverdes.cat\/#organization\"},\"potentialAction\":[{\"@type\":\"SearchAction\",\"target\":{\"@type\":\"EntryPoint\",\"urlTemplate\":\"https:\/\/www.viesverdes.cat\/?s={search_term_string}\"},\"query-input\":\"required name=search_term_string\"}],\"inLanguage\":\"es\"},{\"@type\":\"Organization\",\"@id\":\"https:\/\/www.viesverdes.cat\/#organization\",\"name\":\"Consorci de les Vies Verdes de Girona\",\"url\":\"https:\/\/www.viesverdes.cat\/\",\"logo\":{\"@type\":\"ImageObject\",\"inLanguage\":\"es\",\"@id\":\"https:\/\/www.viesverdes.cat\/#\/schema\/logo\/image\/\",\"url\":\"https:\/\/www.viesverdes.cat\/wp-content\/uploads\/2023\/04\/Logo-Consorci-Vies-Verdes-color-1-e1682501524240.png\",\"contentUrl\":\"https:\/\/www.viesverdes.cat\/wp-content\/uploads\/2023\/04\/Logo-Consorci-Vies-Verdes-color-1-e1682501524240.png\",\"width\":350,\"height\":41,\"caption\":\"Consorci de les Vies Verdes de Girona\"},\"image\":{\"@id\":\"https:\/\/www.viesverdes.cat\/#\/schema\/logo\/image\/\"},\"sameAs\":[\"https:\/\/www.facebook.com\/viesverdesgirona\",\"https:\/\/twitter.com\/viesverdesgi\",\"https:\/\/www.youtube.com\/viesverdesgi\",\"https:\/\/www.instagram.com\/viesverdesgi\/\"]}]}<\/script>\n<!-- \/ Yoast SEO plugin. -->","yoast_head_json":{"title":"Los Secretos de las V\u00edas Verdes - Ecovies de Girona","robots":{"index":"index","follow":"follow","max-snippet":"max-snippet:-1","max-image-preview":"max-image-preview:large","max-video-preview":"max-video-preview:-1"},"canonical":"https:\/\/www.viesverdes.cat\/es\/els-secrets-de-les-vies-verdes\/","og_locale":"es_ES","og_type":"article","og_title":"Los Secretos de las V\u00edas Verdes - Ecovies de Girona","og_description":"&gt;&gt; Descubre la nueva app de las v\u00edas verdes &nbsp; El proyecto \u00abSecretos de las v\u00edas verdes\u00bb tiene como objetivo promover y mejorar la interpretaci\u00f3n del territorio por donde pasan las v\u00edas verdes. La idea es dar a conocer elementos patrimoniales culturales y naturales que aporten valor a\u00f1adido a las rutas, generen impacto econ\u00f3mico en [&hellip;]","og_url":"https:\/\/www.viesverdes.cat\/es\/els-secrets-de-les-vies-verdes\/","og_site_name":"Ecovies de Girona","article_publisher":"https:\/\/www.facebook.com\/viesverdesgirona","article_modified_time":"2021-06-01T14:51:58+00:00","og_image":[{"width":1660,"height":1900,"url":"https:\/\/www.viesverdes.cat\/wp-content\/uploads\/2020\/01\/Test.jpg","type":"image\/jpeg"}],"twitter_card":"summary_large_image","twitter_site":"@viesverdesgi","twitter_misc":{"Tiempo de lectura":"2 minutos"},"schema":{"@context":"https:\/\/schema.org","@graph":[{"@type":"WebPage","@id":"https:\/\/www.viesverdes.cat\/es\/els-secrets-de-les-vies-verdes\/","url":"https:\/\/www.viesverdes.cat\/es\/els-secrets-de-les-vies-verdes\/","name":"Los Secretos de las V\u00edas Verdes - Ecovies de Girona","isPartOf":{"@id":"https:\/\/www.viesverdes.cat\/#website"},"primaryImageOfPage":{"@id":"https:\/\/www.viesverdes.cat\/es\/els-secrets-de-les-vies-verdes\/#primaryimage"},"image":{"@id":"https:\/\/www.viesverdes.cat\/es\/els-secrets-de-les-vies-verdes\/#primaryimage"},"thumbnailUrl":"https:\/\/www.viesverdes.cat\/wp-content\/uploads\/2020\/01\/Test.jpg","datePublished":"2020-01-16T19:03:02+00:00","dateModified":"2021-06-01T14:51:58+00:00","breadcrumb":{"@id":"https:\/\/www.viesverdes.cat\/es\/els-secrets-de-les-vies-verdes\/#breadcrumb"},"inLanguage":"es","potentialAction":[{"@type":"ReadAction","target":["https:\/\/www.viesverdes.cat\/es\/els-secrets-de-les-vies-verdes\/"]}]},{"@type":"ImageObject","inLanguage":"es","@id":"https:\/\/www.viesverdes.cat\/es\/els-secrets-de-les-vies-verdes\/#primaryimage","url":"https:\/\/www.viesverdes.cat\/wp-content\/uploads\/2020\/01\/Test.jpg","contentUrl":"https:\/\/www.viesverdes.cat\/wp-content\/uploads\/2020\/01\/Test.jpg","width":1660,"height":1900},{"@type":"BreadcrumbList","@id":"https:\/\/www.viesverdes.cat\/es\/els-secrets-de-les-vies-verdes\/#breadcrumb","itemListElement":[{"@type":"ListItem","position":1,"name":"Inici","item":"https:\/\/www.viesverdes.cat\/"},{"@type":"ListItem","position":2,"name":"Los Secretos de las V\u00edas Verdes"}]},{"@type":"WebSite","@id":"https:\/\/www.viesverdes.cat\/#website","url":"https:\/\/www.viesverdes.cat\/","name":"Vies Verdes i Pirinexus","description":"","publisher":{"@id":"https:\/\/www.viesverdes.cat\/#organization"},"potentialAction":[{"@type":"SearchAction","target":{"@type":"EntryPoint","urlTemplate":"https:\/\/www.viesverdes.cat\/?s={search_term_string}"},"query-input":"required name=search_term_string"}],"inLanguage":"es"},{"@type":"Organization","@id":"https:\/\/www.viesverdes.cat\/#organization","name":"Consorci de les Vies Verdes de Girona","url":"https:\/\/www.viesverdes.cat\/","logo":{"@type":"ImageObject","inLanguage":"es","@id":"https:\/\/www.viesverdes.cat\/#\/schema\/logo\/image\/","url":"https:\/\/www.viesverdes.cat\/wp-content\/uploads\/2023\/04\/Logo-Consorci-Vies-Verdes-color-1-e1682501524240.png","contentUrl":"https:\/\/www.viesverdes.cat\/wp-content\/uploads\/2023\/04\/Logo-Consorci-Vies-Verdes-color-1-e1682501524240.png","width":350,"height":41,"caption":"Consorci de les Vies Verdes de Girona"},"image":{"@id":"https:\/\/www.viesverdes.cat\/#\/schema\/logo\/image\/"},"sameAs":["https:\/\/www.facebook.com\/viesverdesgirona","https:\/\/twitter.com\/viesverdesgi","https:\/\/www.youtube.com\/viesverdesgi","https:\/\/www.instagram.com\/viesverdesgi\/"]}]}},"_links":{"self":[{"href":"https:\/\/www.viesverdes.cat\/es\/wp-json\/wp\/v2\/pages\/13370"}],"collection":[{"href":"https:\/\/www.viesverdes.cat\/es\/wp-json\/wp\/v2\/pages"}],"about":[{"href":"https:\/\/www.viesverdes.cat\/es\/wp-json\/wp\/v2\/types\/page"}],"author":[{"embeddable":true,"href":"https:\/\/www.viesverdes.cat\/es\/wp-json\/wp\/v2\/users\/4"}],"replies":[{"embeddable":true,"href":"https:\/\/www.viesverdes.cat\/es\/wp-json\/wp\/v2\/comments?post=13370"}],"version-history":[{"count":0,"href":"https:\/\/www.viesverdes.cat\/es\/wp-json\/wp\/v2\/pages\/13370\/revisions"}],"wp:featuredmedia":[{"embeddable":true,"href":"https:\/\/www.viesverdes.cat\/es\/wp-json\/wp\/v2\/media\/13367"}],"wp:attachment":[{"href":"https:\/\/www.viesverdes.cat\/es\/wp-json\/wp\/v2\/media?parent=13370"}],"curies":[{"name":"wp","href":"https:\/\/api.w.org\/{rel}","templated":true}]}}