{"id":15806,"date":"2021-04-13T13:02:17","date_gmt":"2021-04-13T11:02:17","guid":{"rendered":"http:\/\/php8.viesverdes.cat\/?page_id=15806"},"modified":"2021-10-15T11:29:37","modified_gmt":"2021-10-15T09:29:37","slug":"aplicacion-secretos-de-las-vias-verdes","status":"publish","type":"page","link":"https:\/\/www.viesverdes.cat\/es\/aplicacion-secretos-de-las-vias-verdes\/","title":{"rendered":"Aplicaci\u00f3n \u00abSecretos de las V\u00edas Verdes\u00bb"},"content":{"rendered":"<p><iframe loading=\"lazy\" title=\"LOS SECRETOS DE LAS V\u00cdAS VERDES - Girona\" width=\"500\" height=\"281\" src=\"https:\/\/www.youtube.com\/embed\/uDsApss2tgY?feature=oembed\" frameborder=\"0\" allow=\"accelerometer; autoplay; clipboard-write; encrypted-media; gyroscope; picture-in-picture\" allowfullscreen><\/iframe><\/p>\n<p>Los <strong>Secretos de las V\u00edas Verdes<\/strong> es una aplicaci\u00f3n que, mediante la ludificaci\u00f3n (juegos), acerca a los visitantes los elementos patrimoniales, culturales y naturales que est\u00e1n alrededor de las v\u00eda verdes de Girona.<\/p>\n<p>La aplicaci\u00f3n nos servir\u00e1 como gu\u00eda para recorrer las rutas propuestas, que son el resultado del trabajo conjunto con los ayuntamientos de los municipios y otros agentes del territorio.<\/p>\n<p>Estas rutas son accesibles desde la v\u00eda verde, y nos permitir\u00e1n conocer historias, leyendas y curiosidades de los municipios por donde discurren las v\u00edas verdes a la vez que jugamosrespondiendo a preguntas, haciendo puzles o encontrando los objetos mediante realidad aumentada que est\u00e1n escondidos en los diferentes puntos de inter\u00e9s.<\/p>\n<p>Se trata de un proyecto vivo, en proceso de crecimiento, que ir\u00e1 incorporando nuevas rutas y descubriendo nuevos Secretos. Actualmente se pueden encontrar rutas en los siguientes municipios:<\/p>\n<ul>\n<li>Amer<\/li>\n<li>Angl\u00e8s<\/li>\n<li>Bescan\u00f3<\/li>\n<li>Caldes de Malavella<\/li>\n<li>Ripoll<\/li>\n<li>Sant Joan de les Abadesses<\/li>\n<li>Sarri\u00e0 de Ter<\/li>\n<\/ul>\n<p>&nbsp;<\/p>\n<p><strong>Desc\u00e1rgate la App<\/strong>:<\/p>\n<ul>\n<li>Google Play \u2013 Android: <a href=\"https:\/\/play.google.com\/store\/apps\/details?id=com.bihartech.ViesVerdes\">https:\/\/play.google.com\/store\/apps\/details?id=com.bihartech.ViesVerdes<\/a><\/li>\n<li>AppleStore \u2013 iOS: <a href=\"https:\/\/apps.apple.com\/us\/app\/els-secrets-de-les-vies-verdes\/id1560136545\">https:\/\/apps.apple.com\/us\/app\/els-secrets-de-les-vies-verdes\/id1560136545<\/a><\/li>\n<\/ul>\n\n        <style type='text\/css'>\n            \n        <\/style>\n        <!-- see gallery_shortcode() in wp-includes\/media.php -->\n        <div id='gallery-1' class='gallery galleryid-15806'><ul><li class='gallery-item'>\n            <div class='gallery-icon'>\n                <a class='link-gallery' href='https:\/\/www.viesverdes.cat\/wp-content\/uploads\/2021\/04\/Screenshot_20210211-134455_Els-Secrets-de-les-Vies-Verdes-1024x461.jpg' rel='lightbox[gallery-0]' data-lightbox-gallery='lightbox[gallery-0]'><img class='img-responsive attachment-thumbnail size-thumbnail' alt='' src='https:\/\/www.viesverdes.cat\/wp-content\/uploads\/2021\/04\/Screenshot_20210211-134455_Els-Secrets-de-les-Vies-Verdes-150x150.jpg'><\/a>\n            <\/div><\/li><li class='gallery-item'>\n            <div class='gallery-icon'>\n                <a class='link-gallery' href='https:\/\/www.viesverdes.cat\/wp-content\/uploads\/2021\/04\/Screenshot_20210211-133758_Els-Secrets-de-les-Vies-Verdes-1024x461.jpg' rel='lightbox[gallery-0]' data-lightbox-gallery='lightbox[gallery-0]'><img class='img-responsive attachment-thumbnail size-thumbnail' alt='' src='https:\/\/www.viesverdes.cat\/wp-content\/uploads\/2021\/04\/Screenshot_20210211-133758_Els-Secrets-de-les-Vies-Verdes-150x150.jpg'><\/a>\n            <\/div><\/li><li class='gallery-item'>\n            <div class='gallery-icon'>\n                <a class='link-gallery' href='https:\/\/www.viesverdes.cat\/wp-content\/uploads\/2021\/04\/Screenshot_20210211-133659_Els-Secrets-de-les-Vies-Verdes-461x1024.jpg' rel='lightbox[gallery-0]' data-lightbox-gallery='lightbox[gallery-0]'><img class='img-responsive attachment-thumbnail size-thumbnail' alt='' src='https:\/\/www.viesverdes.cat\/wp-content\/uploads\/2021\/04\/Screenshot_20210211-133659_Els-Secrets-de-les-Vies-Verdes-150x150.jpg'><\/a>\n            <\/div><\/li><li class='gallery-item'>\n            <div class='gallery-icon'>\n                <a class='link-gallery' href='https:\/\/www.viesverdes.cat\/wp-content\/uploads\/2021\/04\/Screenshot_20210211-134551_Els-Secrets-de-les-Vies-Verdes-1024x461.jpg' rel='lightbox[gallery-0]' data-lightbox-gallery='lightbox[gallery-0]'><img class='img-responsive attachment-thumbnail size-thumbnail' alt='' src='https:\/\/www.viesverdes.cat\/wp-content\/uploads\/2021\/04\/Screenshot_20210211-134551_Els-Secrets-de-les-Vies-Verdes-150x150.jpg'><\/a>\n            <\/div><\/li><li class='gallery-item'>\n            <div class='gallery-icon'>\n                <a class='link-gallery' href='https:\/\/www.viesverdes.cat\/wp-content\/uploads\/2021\/04\/Screenshot_20210211-133637_Els-Secrets-de-les-Vies-Verdes-461x1024.jpg' rel='lightbox[gallery-0]' data-lightbox-gallery='lightbox[gallery-0]'><img class='img-responsive attachment-thumbnail size-thumbnail' alt='' src='https:\/\/www.viesverdes.cat\/wp-content\/uploads\/2021\/04\/Screenshot_20210211-133637_Els-Secrets-de-les-Vies-Verdes-150x150.jpg'><\/a>\n            <\/div><\/li><li class='gallery-item'>\n            <div class='gallery-icon'>\n                <a class='link-gallery' href='https:\/\/www.viesverdes.cat\/wp-content\/uploads\/2021\/04\/Screenshot_20210211-133745_Els-Secrets-de-les-Vies-Verdes-461x1024.jpg' rel='lightbox[gallery-0]' data-lightbox-gallery='lightbox[gallery-0]'><img class='img-responsive attachment-thumbnail size-thumbnail' alt='' src='https:\/\/www.viesverdes.cat\/wp-content\/uploads\/2021\/04\/Screenshot_20210211-133745_Els-Secrets-de-les-Vies-Verdes-150x150.jpg'><\/a>\n            <\/div><\/li><br style=\"clear: both\" \/><li class='gallery-item'>\n            <div class='gallery-icon'>\n                <a class='link-gallery' href='https:\/\/www.viesverdes.cat\/wp-content\/uploads\/2021\/04\/Screenshot_20210211-133737_Els-Secrets-de-les-Vies-Verdes-461x1024.jpg' rel='lightbox[gallery-0]' data-lightbox-gallery='lightbox[gallery-0]'><img class='img-responsive attachment-thumbnail size-thumbnail' alt='' src='https:\/\/www.viesverdes.cat\/wp-content\/uploads\/2021\/04\/Screenshot_20210211-133737_Els-Secrets-de-les-Vies-Verdes-150x150.jpg'><\/a>\n            <\/div><\/li><li class='gallery-item'>\n            <div class='gallery-icon'>\n                <a class='link-gallery' href='https:\/\/www.viesverdes.cat\/wp-content\/uploads\/2021\/04\/Screenshot_20210210-130234_ST-JOAN-AB.Els-Secrets-de-les-Vies-Verdes-461x1024.jpg' rel='lightbox[gallery-0]' data-lightbox-gallery='lightbox[gallery-0]'><img class='img-responsive attachment-thumbnail size-thumbnail' alt='' src='https:\/\/www.viesverdes.cat\/wp-content\/uploads\/2021\/04\/Screenshot_20210210-130234_ST-JOAN-AB.Els-Secrets-de-les-Vies-Verdes-150x150.jpg'><\/a>\n            <\/div><\/li><li class='gallery-item'>\n            <div class='gallery-icon'>\n                <a class='link-gallery' href='https:\/\/www.viesverdes.cat\/wp-content\/uploads\/2021\/04\/Screenshot_20210226-091834-BESCANO\u0301_Els-Secrets-de-les-Vies-Verdes-461x1024.jpg' rel='lightbox[gallery-0]' data-lightbox-gallery='lightbox[gallery-0]'><img class='img-responsive attachment-thumbnail size-thumbnail' alt='' src='https:\/\/www.viesverdes.cat\/wp-content\/uploads\/2021\/04\/Screenshot_20210226-091834-BESCANO\u0301_Els-Secrets-de-les-Vies-Verdes-150x150.jpg'><\/a>\n            <\/div><\/li><li class='gallery-item'>\n            <div class='gallery-icon'>\n                <a class='link-gallery' href='https:\/\/www.viesverdes.cat\/wp-content\/uploads\/2021\/04\/Screenshot_20201214-150222_Els-Secrets-de-les-Vies-Verdes-461x1024.jpg' rel='lightbox[gallery-0]' data-lightbox-gallery='lightbox[gallery-0]'><img class='img-responsive attachment-thumbnail size-thumbnail' alt='' src='https:\/\/www.viesverdes.cat\/wp-content\/uploads\/2021\/04\/Screenshot_20201214-150222_Els-Secrets-de-les-Vies-Verdes-150x150.jpg'><\/a>\n            <\/div><\/li><li class='gallery-item'>\n            <div class='gallery-icon'>\n                <a class='link-gallery' href='https:\/\/www.viesverdes.cat\/wp-content\/uploads\/2021\/04\/Screenshot_20210210-103050_Els-Secrets-de-les-Vies-Verdes-461x1024.jpg' rel='lightbox[gallery-0]' data-lightbox-gallery='lightbox[gallery-0]'><img class='img-responsive attachment-thumbnail size-thumbnail' alt='' src='https:\/\/www.viesverdes.cat\/wp-content\/uploads\/2021\/04\/Screenshot_20210210-103050_Els-Secrets-de-les-Vies-Verdes-150x150.jpg'><\/a>\n            <\/div><\/li><li class='gallery-item'>\n            <div class='gallery-icon'>\n                <a class='link-gallery' href='https:\/\/www.viesverdes.cat\/wp-content\/uploads\/2021\/04\/Screenshot_20210226-125529-AMER_Els-Secrets-de-les-Vies-Verdes-461x1024.jpg' rel='lightbox[gallery-0]' data-lightbox-gallery='lightbox[gallery-0]'><img class='img-responsive attachment-thumbnail size-thumbnail' alt='' src='https:\/\/www.viesverdes.cat\/wp-content\/uploads\/2021\/04\/Screenshot_20210226-125529-AMER_Els-Secrets-de-les-Vies-Verdes-150x150.jpg'><\/a>\n            <\/div><\/li><br style=\"clear: both\" \/><ul>\n            <br style='clear: both;' \/>\n        <\/div>\n\n<p>La aplicaci\u00f3n consta delos siguientes apartados:<\/p>\n<ul>\n<li>Informaci\u00f3n sobre cada Secreto y sobre la ruta y los puntos de inter\u00e9s asociados a dicha ruta.<\/li>\n<li>Mapa donde podremos consultar nuestra ubicaci\u00f3n y ver las rutas.<\/li>\n<li>Informaci\u00f3n sobre el patrimonio relacionado con el paso hist\u00f3rico del ferrocarril por las v\u00edas verdes.<\/li>\n<li>Cuatro juegos para descubrir losSecretos de las V\u00edas Verdes: vuelo por las v\u00edas verdes, preguntas sobre las rutas y el territorio, puzles y juego de pistas para encontrar objetosmediante realidad aumentada. \u00bfConseguir\u00e1s entrar en la lista delos 10 mejores del ranking?<\/li>\n<\/ul>\n<p>\u00a1An\u00edmate!<\/p>\n<p>M\u00e1s informaci\u00f3n:<\/p>\n<blockquote class=\"wp-embedded-content\" data-secret=\"OpVQml6UaI\"><p><a href=\"https:\/\/www.viesverdes.cat\/es\/els-secrets-de-les-vies-verdes\/\">Los Secretos de las V\u00edas Verdes<\/a><\/p><\/blockquote>\n<p><iframe class=\"wp-embedded-content\" sandbox=\"allow-scripts\" security=\"restricted\" style=\"position: absolute; clip: rect(1px, 1px, 1px, 1px);\" title=\"\u00abLos Secretos de las V\u00edas Verdes\u00bb \u2014 Vies Verdes\" src=\"https:\/\/www.viesverdes.cat\/es\/els-secrets-de-les-vies-verdes\/embed\/#?secret=8RkRNohEo1#?secret=OpVQml6UaI\" data-secret=\"OpVQml6UaI\" width=\"500\" height=\"282\" frameborder=\"0\" marginwidth=\"0\" marginheight=\"0\" scrolling=\"no\"><\/iframe><\/p>\n","protected":false},"excerpt":{"rendered":"<p>Los Secretos de las V\u00edas Verdes es una aplicaci\u00f3n que, mediante la ludificaci\u00f3n (juegos), acerca a los visitantes los elementos patrimoniales, culturales y naturales que est\u00e1n alrededor de las v\u00eda verdes de Girona. La aplicaci\u00f3n nos servir\u00e1 como gu\u00eda para recorrer las rutas propuestas, que son el resultado del trabajo conjunto con los ayuntamientos de [&hellip;]<\/p>\n","protected":false},"author":4,"featured_media":15811,"parent":0,"menu_order":0,"comment_status":"closed","ping_status":"closed","template":"","meta":{"_acf_changed":false,"footnotes":""},"acf":[],"yoast_head":"<!-- This site is optimized with the Yoast SEO plugin v22.2 - https:\/\/yoast.com\/wordpress\/plugins\/seo\/ -->\n<title>Aplicaci\u00f3n \u00abSecretos de las V\u00edas Verdes\u00bb - Ecovies de Girona<\/title>\n<meta name=\"robots\" content=\"index, follow, max-snippet:-1, max-image-preview:large, max-video-preview:-1\" \/>\n<link rel=\"canonical\" href=\"https:\/\/www.viesverdes.cat\/es\/aplicacion-secretos-de-las-vias-verdes\/\" \/>\n<meta property=\"og:locale\" content=\"es_ES\" \/>\n<meta property=\"og:type\" content=\"article\" \/>\n<meta property=\"og:title\" content=\"Aplicaci\u00f3n \u00abSecretos de las V\u00edas Verdes\u00bb - Ecovies de Girona\" \/>\n<meta property=\"og:description\" content=\"Los Secretos de las V\u00edas Verdes es una aplicaci\u00f3n que, mediante la ludificaci\u00f3n (juegos), acerca a los visitantes los elementos patrimoniales, culturales y naturales que est\u00e1n alrededor de las v\u00eda verdes de Girona. La aplicaci\u00f3n nos servir\u00e1 como gu\u00eda para recorrer las rutas propuestas, que son el resultado del trabajo conjunto con los ayuntamientos de [&hellip;]\" \/>\n<meta property=\"og:url\" content=\"https:\/\/www.viesverdes.cat\/es\/aplicacion-secretos-de-las-vias-verdes\/\" \/>\n<meta property=\"og:site_name\" content=\"Ecovies de Girona\" \/>\n<meta property=\"article:publisher\" content=\"https:\/\/www.facebook.com\/viesverdesgirona\" \/>\n<meta property=\"article:modified_time\" content=\"2021-10-15T09:29:37+00:00\" \/>\n<meta property=\"og:image\" content=\"https:\/\/www.viesverdes.cat\/wp-content\/uploads\/2021\/04\/IconAppSecretsVVGi.png\" \/>\n\t<meta property=\"og:image:width\" content=\"512\" \/>\n\t<meta property=\"og:image:height\" content=\"512\" \/>\n\t<meta property=\"og:image:type\" content=\"image\/png\" \/>\n<meta name=\"twitter:card\" content=\"summary_large_image\" \/>\n<meta name=\"twitter:site\" content=\"@viesverdesgi\" \/>\n<meta name=\"twitter:label1\" content=\"Tiempo de lectura\" \/>\n\t<meta name=\"twitter:data1\" content=\"2 minutos\" \/>\n<script type=\"application\/ld+json\" class=\"yoast-schema-graph\">{\"@context\":\"https:\/\/schema.org\",\"@graph\":[{\"@type\":\"WebPage\",\"@id\":\"https:\/\/www.viesverdes.cat\/es\/aplicacion-secretos-de-las-vias-verdes\/\",\"url\":\"https:\/\/www.viesverdes.cat\/es\/aplicacion-secretos-de-las-vias-verdes\/\",\"name\":\"Aplicaci\u00f3n \u00abSecretos de las V\u00edas Verdes\u00bb - Ecovies de Girona\",\"isPartOf\":{\"@id\":\"https:\/\/www.viesverdes.cat\/#website\"},\"primaryImageOfPage\":{\"@id\":\"https:\/\/www.viesverdes.cat\/es\/aplicacion-secretos-de-las-vias-verdes\/#primaryimage\"},\"image\":{\"@id\":\"https:\/\/www.viesverdes.cat\/es\/aplicacion-secretos-de-las-vias-verdes\/#primaryimage\"},\"thumbnailUrl\":\"https:\/\/www.viesverdes.cat\/wp-content\/uploads\/2021\/04\/IconAppSecretsVVGi.png\",\"datePublished\":\"2021-04-13T11:02:17+00:00\",\"dateModified\":\"2021-10-15T09:29:37+00:00\",\"breadcrumb\":{\"@id\":\"https:\/\/www.viesverdes.cat\/es\/aplicacion-secretos-de-las-vias-verdes\/#breadcrumb\"},\"inLanguage\":\"es\",\"potentialAction\":[{\"@type\":\"ReadAction\",\"target\":[\"https:\/\/www.viesverdes.cat\/es\/aplicacion-secretos-de-las-vias-verdes\/\"]}]},{\"@type\":\"ImageObject\",\"inLanguage\":\"es\",\"@id\":\"https:\/\/www.viesverdes.cat\/es\/aplicacion-secretos-de-las-vias-verdes\/#primaryimage\",\"url\":\"https:\/\/www.viesverdes.cat\/wp-content\/uploads\/2021\/04\/IconAppSecretsVVGi.png\",\"contentUrl\":\"https:\/\/www.viesverdes.cat\/wp-content\/uploads\/2021\/04\/IconAppSecretsVVGi.png\",\"width\":512,\"height\":512},{\"@type\":\"BreadcrumbList\",\"@id\":\"https:\/\/www.viesverdes.cat\/es\/aplicacion-secretos-de-las-vias-verdes\/#breadcrumb\",\"itemListElement\":[{\"@type\":\"ListItem\",\"position\":1,\"name\":\"Inici\",\"item\":\"https:\/\/www.viesverdes.cat\/\"},{\"@type\":\"ListItem\",\"position\":2,\"name\":\"Aplicaci\u00f3n \u00abSecretos de las V\u00edas Verdes\u00bb\"}]},{\"@type\":\"WebSite\",\"@id\":\"https:\/\/www.viesverdes.cat\/#website\",\"url\":\"https:\/\/www.viesverdes.cat\/\",\"name\":\"Vies Verdes i Pirinexus\",\"description\":\"\",\"publisher\":{\"@id\":\"https:\/\/www.viesverdes.cat\/#organization\"},\"potentialAction\":[{\"@type\":\"SearchAction\",\"target\":{\"@type\":\"EntryPoint\",\"urlTemplate\":\"https:\/\/www.viesverdes.cat\/?s={search_term_string}\"},\"query-input\":\"required name=search_term_string\"}],\"inLanguage\":\"es\"},{\"@type\":\"Organization\",\"@id\":\"https:\/\/www.viesverdes.cat\/#organization\",\"name\":\"Consorci de les Vies Verdes de Girona\",\"url\":\"https:\/\/www.viesverdes.cat\/\",\"logo\":{\"@type\":\"ImageObject\",\"inLanguage\":\"es\",\"@id\":\"https:\/\/www.viesverdes.cat\/#\/schema\/logo\/image\/\",\"url\":\"https:\/\/www.viesverdes.cat\/wp-content\/uploads\/2023\/04\/Logo-Consorci-Vies-Verdes-color-1-e1682501524240.png\",\"contentUrl\":\"https:\/\/www.viesverdes.cat\/wp-content\/uploads\/2023\/04\/Logo-Consorci-Vies-Verdes-color-1-e1682501524240.png\",\"width\":350,\"height\":41,\"caption\":\"Consorci de les Vies Verdes de Girona\"},\"image\":{\"@id\":\"https:\/\/www.viesverdes.cat\/#\/schema\/logo\/image\/\"},\"sameAs\":[\"https:\/\/www.facebook.com\/viesverdesgirona\",\"https:\/\/twitter.com\/viesverdesgi\",\"https:\/\/www.youtube.com\/viesverdesgi\",\"https:\/\/www.instagram.com\/viesverdesgi\/\"]}]}<\/script>\n<!-- \/ Yoast SEO plugin. -->","yoast_head_json":{"title":"Aplicaci\u00f3n \u00abSecretos de las V\u00edas Verdes\u00bb - Ecovies de Girona","robots":{"index":"index","follow":"follow","max-snippet":"max-snippet:-1","max-image-preview":"max-image-preview:large","max-video-preview":"max-video-preview:-1"},"canonical":"https:\/\/www.viesverdes.cat\/es\/aplicacion-secretos-de-las-vias-verdes\/","og_locale":"es_ES","og_type":"article","og_title":"Aplicaci\u00f3n \u00abSecretos de las V\u00edas Verdes\u00bb - Ecovies de Girona","og_description":"Los Secretos de las V\u00edas Verdes es una aplicaci\u00f3n que, mediante la ludificaci\u00f3n (juegos), acerca a los visitantes los elementos patrimoniales, culturales y naturales que est\u00e1n alrededor de las v\u00eda verdes de Girona. La aplicaci\u00f3n nos servir\u00e1 como gu\u00eda para recorrer las rutas propuestas, que son el resultado del trabajo conjunto con los ayuntamientos de [&hellip;]","og_url":"https:\/\/www.viesverdes.cat\/es\/aplicacion-secretos-de-las-vias-verdes\/","og_site_name":"Ecovies de Girona","article_publisher":"https:\/\/www.facebook.com\/viesverdesgirona","article_modified_time":"2021-10-15T09:29:37+00:00","og_image":[{"width":512,"height":512,"url":"https:\/\/www.viesverdes.cat\/wp-content\/uploads\/2021\/04\/IconAppSecretsVVGi.png","type":"image\/png"}],"twitter_card":"summary_large_image","twitter_site":"@viesverdesgi","twitter_misc":{"Tiempo de lectura":"2 minutos"},"schema":{"@context":"https:\/\/schema.org","@graph":[{"@type":"WebPage","@id":"https:\/\/www.viesverdes.cat\/es\/aplicacion-secretos-de-las-vias-verdes\/","url":"https:\/\/www.viesverdes.cat\/es\/aplicacion-secretos-de-las-vias-verdes\/","name":"Aplicaci\u00f3n \u00abSecretos de las V\u00edas Verdes\u00bb - Ecovies de Girona","isPartOf":{"@id":"https:\/\/www.viesverdes.cat\/#website"},"primaryImageOfPage":{"@id":"https:\/\/www.viesverdes.cat\/es\/aplicacion-secretos-de-las-vias-verdes\/#primaryimage"},"image":{"@id":"https:\/\/www.viesverdes.cat\/es\/aplicacion-secretos-de-las-vias-verdes\/#primaryimage"},"thumbnailUrl":"https:\/\/www.viesverdes.cat\/wp-content\/uploads\/2021\/04\/IconAppSecretsVVGi.png","datePublished":"2021-04-13T11:02:17+00:00","dateModified":"2021-10-15T09:29:37+00:00","breadcrumb":{"@id":"https:\/\/www.viesverdes.cat\/es\/aplicacion-secretos-de-las-vias-verdes\/#breadcrumb"},"inLanguage":"es","potentialAction":[{"@type":"ReadAction","target":["https:\/\/www.viesverdes.cat\/es\/aplicacion-secretos-de-las-vias-verdes\/"]}]},{"@type":"ImageObject","inLanguage":"es","@id":"https:\/\/www.viesverdes.cat\/es\/aplicacion-secretos-de-las-vias-verdes\/#primaryimage","url":"https:\/\/www.viesverdes.cat\/wp-content\/uploads\/2021\/04\/IconAppSecretsVVGi.png","contentUrl":"https:\/\/www.viesverdes.cat\/wp-content\/uploads\/2021\/04\/IconAppSecretsVVGi.png","width":512,"height":512},{"@type":"BreadcrumbList","@id":"https:\/\/www.viesverdes.cat\/es\/aplicacion-secretos-de-las-vias-verdes\/#breadcrumb","itemListElement":[{"@type":"ListItem","position":1,"name":"Inici","item":"https:\/\/www.viesverdes.cat\/"},{"@type":"ListItem","position":2,"name":"Aplicaci\u00f3n \u00abSecretos de las V\u00edas Verdes\u00bb"}]},{"@type":"WebSite","@id":"https:\/\/www.viesverdes.cat\/#website","url":"https:\/\/www.viesverdes.cat\/","name":"Vies Verdes i Pirinexus","description":"","publisher":{"@id":"https:\/\/www.viesverdes.cat\/#organization"},"potentialAction":[{"@type":"SearchAction","target":{"@type":"EntryPoint","urlTemplate":"https:\/\/www.viesverdes.cat\/?s={search_term_string}"},"query-input":"required name=search_term_string"}],"inLanguage":"es"},{"@type":"Organization","@id":"https:\/\/www.viesverdes.cat\/#organization","name":"Consorci de les Vies Verdes de Girona","url":"https:\/\/www.viesverdes.cat\/","logo":{"@type":"ImageObject","inLanguage":"es","@id":"https:\/\/www.viesverdes.cat\/#\/schema\/logo\/image\/","url":"https:\/\/www.viesverdes.cat\/wp-content\/uploads\/2023\/04\/Logo-Consorci-Vies-Verdes-color-1-e1682501524240.png","contentUrl":"https:\/\/www.viesverdes.cat\/wp-content\/uploads\/2023\/04\/Logo-Consorci-Vies-Verdes-color-1-e1682501524240.png","width":350,"height":41,"caption":"Consorci de les Vies Verdes de Girona"},"image":{"@id":"https:\/\/www.viesverdes.cat\/#\/schema\/logo\/image\/"},"sameAs":["https:\/\/www.facebook.com\/viesverdesgirona","https:\/\/twitter.com\/viesverdesgi","https:\/\/www.youtube.com\/viesverdesgi","https:\/\/www.instagram.com\/viesverdesgi\/"]}]}},"_links":{"self":[{"href":"https:\/\/www.viesverdes.cat\/es\/wp-json\/wp\/v2\/pages\/15806"}],"collection":[{"href":"https:\/\/www.viesverdes.cat\/es\/wp-json\/wp\/v2\/pages"}],"about":[{"href":"https:\/\/www.viesverdes.cat\/es\/wp-json\/wp\/v2\/types\/page"}],"author":[{"embeddable":true,"href":"https:\/\/www.viesverdes.cat\/es\/wp-json\/wp\/v2\/users\/4"}],"replies":[{"embeddable":true,"href":"https:\/\/www.viesverdes.cat\/es\/wp-json\/wp\/v2\/comments?post=15806"}],"version-history":[{"count":0,"href":"https:\/\/www.viesverdes.cat\/es\/wp-json\/wp\/v2\/pages\/15806\/revisions"}],"wp:featuredmedia":[{"embeddable":true,"href":"https:\/\/www.viesverdes.cat\/es\/wp-json\/wp\/v2\/media\/15811"}],"wp:attachment":[{"href":"https:\/\/www.viesverdes.cat\/es\/wp-json\/wp\/v2\/media?parent=15806"}],"curies":[{"name":"wp","href":"https:\/\/api.w.org\/{rel}","templated":true}]}}