{"id":16209,"date":"2020-11-04T12:09:19","date_gmt":"2020-11-04T11:09:19","guid":{"rendered":"http:\/\/php8.viesverdes.cat\/punts-de-carrega-per-a-bicis-electriques\/"},"modified":"2025-02-28T13:12:26","modified_gmt":"2025-02-28T12:12:26","slug":"punts-de-carrega-per-a-bicis-electriques","status":"publish","type":"page","link":"https:\/\/www.viesverdes.cat\/es\/punts-de-carrega-per-a-bicis-electriques\/","title":{"rendered":"Puntos de carga para bicis el\u00e9ctricas"},"content":{"rendered":"<p>El Consorci de les Vies Verdes de Girona ha puesto a disposici\u00f3n de los usuarios de bicicletas el\u00e9ctricas veinticinco puntos de carga en diferentes puntos de las rutas Pirinexus y V\u00edas verdes de Girona. Trece puntos de carga, y doce puntos de carga y de autoreparaci\u00f3n de bicicletas, financiados con los <strong>fondos europeos NextGeneration<\/strong>, en el marco de la \u00faltima convocatoria del Plan de Recuperaci\u00f3n, Transformaci\u00f3n y Resiliencia.<\/p>\n<p>Ver el <a href=\"https:\/\/www.instamaps.cat\/geocatweb\/visor.html?businessid=32f141bdbde01d919d92a61a8fff20ae\" target=\"_blank\" rel=\"noopener noreferrer\">mapa de localizaci\u00f3n de los cargadores<\/a><\/p>\n<p><img loading=\"lazy\" decoding=\"async\" class=\"alignnone size-medium wp-image-16215\" src=\"http:\/\/www.viesverdes.cat\/wp-content\/uploads\/2021\/08\/Carregador-St-Feliu-2-225x300.jpg\" alt=\"\" width=\"225\" height=\"300\" srcset=\"https:\/\/www.viesverdes.cat\/wp-content\/uploads\/2021\/08\/Carregador-St-Feliu-2-225x300.jpg 225w, https:\/\/www.viesverdes.cat\/wp-content\/uploads\/2021\/08\/Carregador-St-Feliu-2.jpg 600w\" sizes=\"(max-width: 225px) 100vw, 225px\" \/>\u00a0 <img loading=\"lazy\" decoding=\"async\" class=\"alignnone size-medium wp-image-16219\" src=\"http:\/\/www.viesverdes.cat\/wp-content\/uploads\/2021\/08\/Carregador-St-Feliu-1-225x300.jpg\" alt=\"\" width=\"225\" height=\"300\" srcset=\"https:\/\/www.viesverdes.cat\/wp-content\/uploads\/2021\/08\/Carregador-St-Feliu-1-225x300.jpg 225w, https:\/\/www.viesverdes.cat\/wp-content\/uploads\/2021\/08\/Carregador-St-Feliu-1.jpg 600w\" sizes=\"(max-width: 225px) 100vw, 225px\" \/><\/p>\n<p><img loading=\"lazy\" decoding=\"async\" class=\"alignnone wp-image-21001\" src=\"http:\/\/www.viesverdes.cat\/wp-content\/uploads\/2023\/01\/DSC2392.jpg\" alt=\"Punts de c\u00e0rrega i autoreparaci\u00f3 vies verdes\" width=\"458\" height=\"318\" srcset=\"https:\/\/www.viesverdes.cat\/wp-content\/uploads\/2023\/01\/DSC2392.jpg 1107w, https:\/\/www.viesverdes.cat\/wp-content\/uploads\/2023\/01\/DSC2392-300x208.jpg 300w, https:\/\/www.viesverdes.cat\/wp-content\/uploads\/2023\/01\/DSC2392-1024x710.jpg 1024w, https:\/\/www.viesverdes.cat\/wp-content\/uploads\/2023\/01\/DSC2392-768x533.jpg 768w\" sizes=\"(max-width: 458px) 100vw, 458px\" \/><\/p>\n<p><img loading=\"lazy\" decoding=\"async\" class=\"alignnone wp-image-23378\" src=\"http:\/\/www.viesverdes.cat\/wp-content\/uploads\/2023\/08\/Mapa-Carregadors-A4-actualitzat-agost-2023-2.jpg\" alt=\"Mapa carregadors Vies Verdes i Pirinexus 2023\" width=\"457\" height=\"326\" srcset=\"https:\/\/www.viesverdes.cat\/wp-content\/uploads\/2023\/08\/Mapa-Carregadors-A4-actualitzat-agost-2023-2.jpg 859w, https:\/\/www.viesverdes.cat\/wp-content\/uploads\/2023\/08\/Mapa-Carregadors-A4-actualitzat-agost-2023-2-300x214.jpg 300w, https:\/\/www.viesverdes.cat\/wp-content\/uploads\/2023\/08\/Mapa-Carregadors-A4-actualitzat-agost-2023-2-768x547.jpg 768w\" sizes=\"(max-width: 457px) 100vw, 457px\" \/><\/p>\n<div style=\"height: 75vh; width: 100%; margin: auto;\"><iframe loading=\"lazy\" src=\"https:\/\/www.instamaps.cat\/instavisor\/32f141bdbde01d919d92a61a8fff20ae\/Localitzacio_carregadors_per_bicicletes.html&amp;embed=1\" width=\"100%\" height=\"100%\" frameborder=\"0\" marginwidth=\"0\" marginheight=\"0\" scrolling=\"no\"><\/iframe><\/div>\n<div><img loading=\"lazy\" decoding=\"async\" class=\"alignnone size-full wp-image-27273\" src=\"http:\/\/www.viesverdes.cat\/wp-content\/uploads\/2025\/02\/Franja-Logos-PSTD-2024.jpg\" alt=\"\" width=\"1191\" height=\"115\" srcset=\"https:\/\/www.viesverdes.cat\/wp-content\/uploads\/2025\/02\/Franja-Logos-PSTD-2024.jpg 1191w, https:\/\/www.viesverdes.cat\/wp-content\/uploads\/2025\/02\/Franja-Logos-PSTD-2024-300x29.jpg 300w, https:\/\/www.viesverdes.cat\/wp-content\/uploads\/2025\/02\/Franja-Logos-PSTD-2024-768x74.jpg 768w, https:\/\/www.viesverdes.cat\/wp-content\/uploads\/2025\/02\/Franja-Logos-PSTD-2024-1024x99.jpg 1024w\" sizes=\"(max-width: 1191px) 100vw, 1191px\" \/><\/div>\n","protected":false},"excerpt":{"rendered":"<p>El Consorci de les Vies Verdes de Girona ha puesto a disposici\u00f3n de los usuarios de bicicletas el\u00e9ctricas veinticinco puntos de carga en diferentes puntos de las rutas Pirinexus y V\u00edas verdes de Girona. Trece puntos de carga, y doce puntos de carga y de autoreparaci\u00f3n de bicicletas, financiados con los fondos europeos NextGeneration, en [&hellip;]<\/p>\n","protected":false},"author":4,"featured_media":0,"parent":0,"menu_order":0,"comment_status":"closed","ping_status":"closed","template":"","meta":{"_acf_changed":false,"footnotes":""},"acf":[],"yoast_head":"<!-- This site is optimized with the Yoast SEO plugin v22.2 - https:\/\/yoast.com\/wordpress\/plugins\/seo\/ -->\n<title>Puntos de carga para bicis el\u00e9ctricas - Ecovies de Girona<\/title>\n<meta name=\"robots\" content=\"index, follow, max-snippet:-1, max-image-preview:large, max-video-preview:-1\" \/>\n<link rel=\"canonical\" href=\"https:\/\/www.viesverdes.cat\/es\/punts-de-carrega-per-a-bicis-electriques\/\" \/>\n<meta property=\"og:locale\" content=\"es_ES\" \/>\n<meta property=\"og:type\" content=\"article\" \/>\n<meta property=\"og:title\" content=\"Puntos de carga para bicis el\u00e9ctricas - Ecovies de Girona\" \/>\n<meta property=\"og:description\" content=\"El Consorci de les Vies Verdes de Girona ha puesto a disposici\u00f3n de los usuarios de bicicletas el\u00e9ctricas veinticinco puntos de carga en diferentes puntos de las rutas Pirinexus y V\u00edas verdes de Girona. Trece puntos de carga, y doce puntos de carga y de autoreparaci\u00f3n de bicicletas, financiados con los fondos europeos NextGeneration, en [&hellip;]\" \/>\n<meta property=\"og:url\" content=\"https:\/\/www.viesverdes.cat\/es\/punts-de-carrega-per-a-bicis-electriques\/\" \/>\n<meta property=\"og:site_name\" content=\"Ecovies de Girona\" \/>\n<meta property=\"article:publisher\" content=\"https:\/\/www.facebook.com\/viesverdesgirona\" \/>\n<meta property=\"article:modified_time\" content=\"2025-02-28T12:12:26+00:00\" \/>\n<meta property=\"og:image\" content=\"http:\/\/www.viesverdes.cat\/wp-content\/uploads\/2021\/08\/Carregador-St-Feliu-2-225x300.jpg\" \/>\n<meta name=\"twitter:card\" content=\"summary_large_image\" \/>\n<meta name=\"twitter:site\" content=\"@viesverdesgi\" \/>\n<meta name=\"twitter:label1\" content=\"Tiempo de lectura\" \/>\n\t<meta name=\"twitter:data1\" content=\"2 minutos\" \/>\n<script type=\"application\/ld+json\" class=\"yoast-schema-graph\">{\"@context\":\"https:\/\/schema.org\",\"@graph\":[{\"@type\":\"WebPage\",\"@id\":\"https:\/\/www.viesverdes.cat\/es\/punts-de-carrega-per-a-bicis-electriques\/\",\"url\":\"https:\/\/www.viesverdes.cat\/es\/punts-de-carrega-per-a-bicis-electriques\/\",\"name\":\"Puntos de carga para bicis el\u00e9ctricas - Ecovies de Girona\",\"isPartOf\":{\"@id\":\"https:\/\/www.viesverdes.cat\/#website\"},\"primaryImageOfPage\":{\"@id\":\"https:\/\/www.viesverdes.cat\/es\/punts-de-carrega-per-a-bicis-electriques\/#primaryimage\"},\"image\":{\"@id\":\"https:\/\/www.viesverdes.cat\/es\/punts-de-carrega-per-a-bicis-electriques\/#primaryimage\"},\"thumbnailUrl\":\"http:\/\/www.viesverdes.cat\/wp-content\/uploads\/2021\/08\/Carregador-St-Feliu-2-225x300.jpg\",\"datePublished\":\"2020-11-04T11:09:19+00:00\",\"dateModified\":\"2025-02-28T12:12:26+00:00\",\"breadcrumb\":{\"@id\":\"https:\/\/www.viesverdes.cat\/es\/punts-de-carrega-per-a-bicis-electriques\/#breadcrumb\"},\"inLanguage\":\"es\",\"potentialAction\":[{\"@type\":\"ReadAction\",\"target\":[\"https:\/\/www.viesverdes.cat\/es\/punts-de-carrega-per-a-bicis-electriques\/\"]}]},{\"@type\":\"ImageObject\",\"inLanguage\":\"es\",\"@id\":\"https:\/\/www.viesverdes.cat\/es\/punts-de-carrega-per-a-bicis-electriques\/#primaryimage\",\"url\":\"https:\/\/www.viesverdes.cat\/wp-content\/uploads\/2021\/08\/Carregador-St-Feliu-2.jpg\",\"contentUrl\":\"https:\/\/www.viesverdes.cat\/wp-content\/uploads\/2021\/08\/Carregador-St-Feliu-2.jpg\",\"width\":600,\"height\":800},{\"@type\":\"BreadcrumbList\",\"@id\":\"https:\/\/www.viesverdes.cat\/es\/punts-de-carrega-per-a-bicis-electriques\/#breadcrumb\",\"itemListElement\":[{\"@type\":\"ListItem\",\"position\":1,\"name\":\"Inici\",\"item\":\"https:\/\/www.viesverdes.cat\/\"},{\"@type\":\"ListItem\",\"position\":2,\"name\":\"Puntos de carga para bicis el\u00e9ctricas\"}]},{\"@type\":\"WebSite\",\"@id\":\"https:\/\/www.viesverdes.cat\/#website\",\"url\":\"https:\/\/www.viesverdes.cat\/\",\"name\":\"Vies Verdes i Pirinexus\",\"description\":\"\",\"publisher\":{\"@id\":\"https:\/\/www.viesverdes.cat\/#organization\"},\"potentialAction\":[{\"@type\":\"SearchAction\",\"target\":{\"@type\":\"EntryPoint\",\"urlTemplate\":\"https:\/\/www.viesverdes.cat\/?s={search_term_string}\"},\"query-input\":\"required name=search_term_string\"}],\"inLanguage\":\"es\"},{\"@type\":\"Organization\",\"@id\":\"https:\/\/www.viesverdes.cat\/#organization\",\"name\":\"Consorci de les Vies Verdes de Girona\",\"url\":\"https:\/\/www.viesverdes.cat\/\",\"logo\":{\"@type\":\"ImageObject\",\"inLanguage\":\"es\",\"@id\":\"https:\/\/www.viesverdes.cat\/#\/schema\/logo\/image\/\",\"url\":\"https:\/\/www.viesverdes.cat\/wp-content\/uploads\/2023\/04\/Logo-Consorci-Vies-Verdes-color-1-e1682501524240.png\",\"contentUrl\":\"https:\/\/www.viesverdes.cat\/wp-content\/uploads\/2023\/04\/Logo-Consorci-Vies-Verdes-color-1-e1682501524240.png\",\"width\":350,\"height\":41,\"caption\":\"Consorci de les Vies Verdes de Girona\"},\"image\":{\"@id\":\"https:\/\/www.viesverdes.cat\/#\/schema\/logo\/image\/\"},\"sameAs\":[\"https:\/\/www.facebook.com\/viesverdesgirona\",\"https:\/\/twitter.com\/viesverdesgi\",\"https:\/\/www.youtube.com\/viesverdesgi\",\"https:\/\/www.instagram.com\/viesverdesgi\/\"]}]}<\/script>\n<!-- \/ Yoast SEO plugin. -->","yoast_head_json":{"title":"Puntos de carga para bicis el\u00e9ctricas - Ecovies de Girona","robots":{"index":"index","follow":"follow","max-snippet":"max-snippet:-1","max-image-preview":"max-image-preview:large","max-video-preview":"max-video-preview:-1"},"canonical":"https:\/\/www.viesverdes.cat\/es\/punts-de-carrega-per-a-bicis-electriques\/","og_locale":"es_ES","og_type":"article","og_title":"Puntos de carga para bicis el\u00e9ctricas - Ecovies de Girona","og_description":"El Consorci de les Vies Verdes de Girona ha puesto a disposici\u00f3n de los usuarios de bicicletas el\u00e9ctricas veinticinco puntos de carga en diferentes puntos de las rutas Pirinexus y V\u00edas verdes de Girona. Trece puntos de carga, y doce puntos de carga y de autoreparaci\u00f3n de bicicletas, financiados con los fondos europeos NextGeneration, en [&hellip;]","og_url":"https:\/\/www.viesverdes.cat\/es\/punts-de-carrega-per-a-bicis-electriques\/","og_site_name":"Ecovies de Girona","article_publisher":"https:\/\/www.facebook.com\/viesverdesgirona","article_modified_time":"2025-02-28T12:12:26+00:00","og_image":[{"url":"http:\/\/www.viesverdes.cat\/wp-content\/uploads\/2021\/08\/Carregador-St-Feliu-2-225x300.jpg"}],"twitter_card":"summary_large_image","twitter_site":"@viesverdesgi","twitter_misc":{"Tiempo de lectura":"2 minutos"},"schema":{"@context":"https:\/\/schema.org","@graph":[{"@type":"WebPage","@id":"https:\/\/www.viesverdes.cat\/es\/punts-de-carrega-per-a-bicis-electriques\/","url":"https:\/\/www.viesverdes.cat\/es\/punts-de-carrega-per-a-bicis-electriques\/","name":"Puntos de carga para bicis el\u00e9ctricas - Ecovies de Girona","isPartOf":{"@id":"https:\/\/www.viesverdes.cat\/#website"},"primaryImageOfPage":{"@id":"https:\/\/www.viesverdes.cat\/es\/punts-de-carrega-per-a-bicis-electriques\/#primaryimage"},"image":{"@id":"https:\/\/www.viesverdes.cat\/es\/punts-de-carrega-per-a-bicis-electriques\/#primaryimage"},"thumbnailUrl":"http:\/\/www.viesverdes.cat\/wp-content\/uploads\/2021\/08\/Carregador-St-Feliu-2-225x300.jpg","datePublished":"2020-11-04T11:09:19+00:00","dateModified":"2025-02-28T12:12:26+00:00","breadcrumb":{"@id":"https:\/\/www.viesverdes.cat\/es\/punts-de-carrega-per-a-bicis-electriques\/#breadcrumb"},"inLanguage":"es","potentialAction":[{"@type":"ReadAction","target":["https:\/\/www.viesverdes.cat\/es\/punts-de-carrega-per-a-bicis-electriques\/"]}]},{"@type":"ImageObject","inLanguage":"es","@id":"https:\/\/www.viesverdes.cat\/es\/punts-de-carrega-per-a-bicis-electriques\/#primaryimage","url":"https:\/\/www.viesverdes.cat\/wp-content\/uploads\/2021\/08\/Carregador-St-Feliu-2.jpg","contentUrl":"https:\/\/www.viesverdes.cat\/wp-content\/uploads\/2021\/08\/Carregador-St-Feliu-2.jpg","width":600,"height":800},{"@type":"BreadcrumbList","@id":"https:\/\/www.viesverdes.cat\/es\/punts-de-carrega-per-a-bicis-electriques\/#breadcrumb","itemListElement":[{"@type":"ListItem","position":1,"name":"Inici","item":"https:\/\/www.viesverdes.cat\/"},{"@type":"ListItem","position":2,"name":"Puntos de carga para bicis el\u00e9ctricas"}]},{"@type":"WebSite","@id":"https:\/\/www.viesverdes.cat\/#website","url":"https:\/\/www.viesverdes.cat\/","name":"Vies Verdes i Pirinexus","description":"","publisher":{"@id":"https:\/\/www.viesverdes.cat\/#organization"},"potentialAction":[{"@type":"SearchAction","target":{"@type":"EntryPoint","urlTemplate":"https:\/\/www.viesverdes.cat\/?s={search_term_string}"},"query-input":"required name=search_term_string"}],"inLanguage":"es"},{"@type":"Organization","@id":"https:\/\/www.viesverdes.cat\/#organization","name":"Consorci de les Vies Verdes de Girona","url":"https:\/\/www.viesverdes.cat\/","logo":{"@type":"ImageObject","inLanguage":"es","@id":"https:\/\/www.viesverdes.cat\/#\/schema\/logo\/image\/","url":"https:\/\/www.viesverdes.cat\/wp-content\/uploads\/2023\/04\/Logo-Consorci-Vies-Verdes-color-1-e1682501524240.png","contentUrl":"https:\/\/www.viesverdes.cat\/wp-content\/uploads\/2023\/04\/Logo-Consorci-Vies-Verdes-color-1-e1682501524240.png","width":350,"height":41,"caption":"Consorci de les Vies Verdes de Girona"},"image":{"@id":"https:\/\/www.viesverdes.cat\/#\/schema\/logo\/image\/"},"sameAs":["https:\/\/www.facebook.com\/viesverdesgirona","https:\/\/twitter.com\/viesverdesgi","https:\/\/www.youtube.com\/viesverdesgi","https:\/\/www.instagram.com\/viesverdesgi\/"]}]}},"_links":{"self":[{"href":"https:\/\/www.viesverdes.cat\/es\/wp-json\/wp\/v2\/pages\/16209"}],"collection":[{"href":"https:\/\/www.viesverdes.cat\/es\/wp-json\/wp\/v2\/pages"}],"about":[{"href":"https:\/\/www.viesverdes.cat\/es\/wp-json\/wp\/v2\/types\/page"}],"author":[{"embeddable":true,"href":"https:\/\/www.viesverdes.cat\/es\/wp-json\/wp\/v2\/users\/4"}],"replies":[{"embeddable":true,"href":"https:\/\/www.viesverdes.cat\/es\/wp-json\/wp\/v2\/comments?post=16209"}],"version-history":[{"count":11,"href":"https:\/\/www.viesverdes.cat\/es\/wp-json\/wp\/v2\/pages\/16209\/revisions"}],"predecessor-version":[{"id":27276,"href":"https:\/\/www.viesverdes.cat\/es\/wp-json\/wp\/v2\/pages\/16209\/revisions\/27276"}],"wp:attachment":[{"href":"https:\/\/www.viesverdes.cat\/es\/wp-json\/wp\/v2\/media?parent=16209"}],"curies":[{"name":"wp","href":"https:\/\/api.w.org\/{rel}","templated":true}]}}