{"id":24193,"date":"2023-12-12T14:29:48","date_gmt":"2023-12-12T13:29:48","guid":{"rendered":"https:\/\/www.viesverdes.cat\/selfie-pirinexus\/"},"modified":"2025-02-28T13:19:26","modified_gmt":"2025-02-28T12:19:26","slug":"selfie-pirinexus","status":"publish","type":"page","link":"https:\/\/www.viesverdes.cat\/es\/selfie-pirinexus\/","title":{"rendered":"Mapa Selfie Pirinexus"},"content":{"rendered":"<p>Mapa de los 17 t\u00f3tems selfie de la ruta Pirinexus.<\/p>\n<p>Finan\u00e7iados con los <strong>fondos europeos NextGeneration<\/strong>, en el marc de la ultima convocatoria del Plan de Recuperaci\u00f3n, Transformaci\u00f3n y Resiliencia .<\/p>\n<p><iframe loading=\"lazy\" src=\"\/\/umap.openstreetmap.fr\/ca\/map\/ruta-selfie-pirinexus_865251?scaleControl=false&amp;miniMap=true&amp;scrollWheelZoom=true&amp;zoomControl=true&amp;editMode=disabled&amp;moreControl=true&amp;searchControl=null&amp;tilelayersControl=null&amp;embedControl=null&amp;datalayersControl=true&amp;onLoadPanel=undefined&amp;captionBar=false&amp;captionMenus=true&amp;datalayers=2616319%2C2828666%2C2828670#9\/42.1583\/2.8839\" width=\"120%\" height=\"800\" frameborder=\"0\" allowfullscreen=\"allowfullscreen\"><span data-mce-type=\"bookmark\" style=\"display: inline-block; width: 0px; overflow: hidden; line-height: 0;\" class=\"mce_SELRES_start\">\ufeff<\/span><span data-mce-type=\"bookmark\" style=\"display: inline-block; width: 0px; overflow: hidden; line-height: 0;\" class=\"mce_SELRES_start\">\ufeff<\/span><span data-mce-type=\"bookmark\" style=\"display: inline-block; width: 0px; overflow: hidden; line-height: 0;\" class=\"mce_SELRES_start\">\ufeff<\/span><span data-mce-type=\"bookmark\" style=\"display: inline-block; width: 0px; overflow: hidden; line-height: 0;\" class=\"mce_SELRES_start\">\ufeff<\/span><span data-mce-type=\"bookmark\" style=\"display: inline-block; width: 0px; overflow: hidden; line-height: 0;\" class=\"mce_SELRES_start\"><span data-mce-type=\"bookmark\" style=\"display: inline-block; width: 0px; overflow: hidden; line-height: 0;\" class=\"mce_SELRES_start\">\ufeff<\/span>\ufeff<\/span><span data-mce-type=\"bookmark\" style=\"display: inline-block; width: 0px; overflow: hidden; line-height: 0;\" class=\"mce_SELRES_start\">\ufeff<\/span><\/iframe><\/p>\n<div style=\"height: 75vh; width: 90%; margin: auto;\"><iframe loading=\"lazy\" src=\"https:\/\/www.instamaps.cat\/instavisor\/fed5e282a5409b960b4ef07c42b82ae4\/Pirinexus_Take_Your_Selfie.html&amp;embed=1\" width=\"100%\" height=\"100%\" frameborder=\"0\" marginwidth=\"0\" marginheight=\"0\" scrolling=\"no\"><\/iframe><\/div>\n<div><img loading=\"lazy\" decoding=\"async\" class=\"alignnone size-full wp-image-27273\" src=\"http:\/\/www.viesverdes.cat\/wp-content\/uploads\/2025\/02\/Franja-Logos-PSTD-2024.jpg\" alt=\"\" width=\"1191\" height=\"115\" srcset=\"https:\/\/www.viesverdes.cat\/wp-content\/uploads\/2025\/02\/Franja-Logos-PSTD-2024.jpg 1191w, https:\/\/www.viesverdes.cat\/wp-content\/uploads\/2025\/02\/Franja-Logos-PSTD-2024-300x29.jpg 300w, https:\/\/www.viesverdes.cat\/wp-content\/uploads\/2025\/02\/Franja-Logos-PSTD-2024-768x74.jpg 768w, https:\/\/www.viesverdes.cat\/wp-content\/uploads\/2025\/02\/Franja-Logos-PSTD-2024-1024x99.jpg 1024w\" sizes=\"(max-width: 1191px) 100vw, 1191px\" \/><\/div>\n","protected":false},"excerpt":{"rendered":"<p>Mapa de los 17 t\u00f3tems selfie de la ruta Pirinexus. Finan\u00e7iados con los fondos europeos NextGeneration, en el marc de la ultima convocatoria del Plan de Recuperaci\u00f3n, Transformaci\u00f3n y Resiliencia . \ufeff\ufeff\ufeff\ufeff\ufeff\ufeff\ufeff<\/p>\n","protected":false},"author":4,"featured_media":0,"parent":0,"menu_order":0,"comment_status":"closed","ping_status":"closed","template":"","meta":{"_acf_changed":false,"footnotes":""},"acf":[],"yoast_head":"<!-- This site is optimized with the Yoast SEO plugin v22.2 - https:\/\/yoast.com\/wordpress\/plugins\/seo\/ -->\n<title>Mapa Selfie Pirinexus - Ecovies de Girona<\/title>\n<meta name=\"robots\" content=\"index, follow, max-snippet:-1, max-image-preview:large, max-video-preview:-1\" \/>\n<link rel=\"canonical\" href=\"https:\/\/www.viesverdes.cat\/es\/selfie-pirinexus\/\" \/>\n<meta property=\"og:locale\" content=\"es_ES\" \/>\n<meta property=\"og:type\" content=\"article\" \/>\n<meta property=\"og:title\" content=\"Mapa Selfie Pirinexus - Ecovies de Girona\" \/>\n<meta property=\"og:description\" content=\"Mapa de los 17 t\u00f3tems selfie de la ruta Pirinexus. Finan\u00e7iados con los fondos europeos NextGeneration, en el marc de la ultima convocatoria del Plan de Recuperaci\u00f3n, Transformaci\u00f3n y Resiliencia . \ufeff\ufeff\ufeff\ufeff\ufeff\ufeff\ufeff\" \/>\n<meta property=\"og:url\" content=\"https:\/\/www.viesverdes.cat\/es\/selfie-pirinexus\/\" \/>\n<meta property=\"og:site_name\" content=\"Ecovies de Girona\" \/>\n<meta property=\"article:publisher\" content=\"https:\/\/www.facebook.com\/viesverdesgirona\" \/>\n<meta property=\"article:modified_time\" content=\"2025-02-28T12:19:26+00:00\" \/>\n<meta property=\"og:image\" content=\"http:\/\/www.viesverdes.cat\/wp-content\/uploads\/2025\/02\/Franja-Logos-PSTD-2024.jpg\" \/>\n<meta name=\"twitter:card\" content=\"summary_large_image\" \/>\n<meta name=\"twitter:site\" content=\"@viesverdesgi\" \/>\n<meta name=\"twitter:label1\" content=\"Tiempo de lectura\" \/>\n\t<meta name=\"twitter:data1\" content=\"1 minuto\" \/>\n<script type=\"application\/ld+json\" class=\"yoast-schema-graph\">{\"@context\":\"https:\/\/schema.org\",\"@graph\":[{\"@type\":\"WebPage\",\"@id\":\"https:\/\/www.viesverdes.cat\/es\/selfie-pirinexus\/\",\"url\":\"https:\/\/www.viesverdes.cat\/es\/selfie-pirinexus\/\",\"name\":\"Mapa Selfie Pirinexus - Ecovies de Girona\",\"isPartOf\":{\"@id\":\"https:\/\/www.viesverdes.cat\/#website\"},\"primaryImageOfPage\":{\"@id\":\"https:\/\/www.viesverdes.cat\/es\/selfie-pirinexus\/#primaryimage\"},\"image\":{\"@id\":\"https:\/\/www.viesverdes.cat\/es\/selfie-pirinexus\/#primaryimage\"},\"thumbnailUrl\":\"http:\/\/www.viesverdes.cat\/wp-content\/uploads\/2025\/02\/Franja-Logos-PSTD-2024.jpg\",\"datePublished\":\"2023-12-12T13:29:48+00:00\",\"dateModified\":\"2025-02-28T12:19:26+00:00\",\"breadcrumb\":{\"@id\":\"https:\/\/www.viesverdes.cat\/es\/selfie-pirinexus\/#breadcrumb\"},\"inLanguage\":\"es\",\"potentialAction\":[{\"@type\":\"ReadAction\",\"target\":[\"https:\/\/www.viesverdes.cat\/es\/selfie-pirinexus\/\"]}]},{\"@type\":\"ImageObject\",\"inLanguage\":\"es\",\"@id\":\"https:\/\/www.viesverdes.cat\/es\/selfie-pirinexus\/#primaryimage\",\"url\":\"https:\/\/www.viesverdes.cat\/wp-content\/uploads\/2025\/02\/Franja-Logos-PSTD-2024.jpg\",\"contentUrl\":\"https:\/\/www.viesverdes.cat\/wp-content\/uploads\/2025\/02\/Franja-Logos-PSTD-2024.jpg\",\"width\":1191,\"height\":115},{\"@type\":\"BreadcrumbList\",\"@id\":\"https:\/\/www.viesverdes.cat\/es\/selfie-pirinexus\/#breadcrumb\",\"itemListElement\":[{\"@type\":\"ListItem\",\"position\":1,\"name\":\"Inici\",\"item\":\"https:\/\/www.viesverdes.cat\/\"},{\"@type\":\"ListItem\",\"position\":2,\"name\":\"Mapa Selfie Pirinexus\"}]},{\"@type\":\"WebSite\",\"@id\":\"https:\/\/www.viesverdes.cat\/#website\",\"url\":\"https:\/\/www.viesverdes.cat\/\",\"name\":\"Vies Verdes i Pirinexus\",\"description\":\"\",\"publisher\":{\"@id\":\"https:\/\/www.viesverdes.cat\/#organization\"},\"potentialAction\":[{\"@type\":\"SearchAction\",\"target\":{\"@type\":\"EntryPoint\",\"urlTemplate\":\"https:\/\/www.viesverdes.cat\/?s={search_term_string}\"},\"query-input\":\"required name=search_term_string\"}],\"inLanguage\":\"es\"},{\"@type\":\"Organization\",\"@id\":\"https:\/\/www.viesverdes.cat\/#organization\",\"name\":\"Consorci de les Vies Verdes de Girona\",\"url\":\"https:\/\/www.viesverdes.cat\/\",\"logo\":{\"@type\":\"ImageObject\",\"inLanguage\":\"es\",\"@id\":\"https:\/\/www.viesverdes.cat\/#\/schema\/logo\/image\/\",\"url\":\"https:\/\/www.viesverdes.cat\/wp-content\/uploads\/2023\/04\/Logo-Consorci-Vies-Verdes-color-1-e1682501524240.png\",\"contentUrl\":\"https:\/\/www.viesverdes.cat\/wp-content\/uploads\/2023\/04\/Logo-Consorci-Vies-Verdes-color-1-e1682501524240.png\",\"width\":350,\"height\":41,\"caption\":\"Consorci de les Vies Verdes de Girona\"},\"image\":{\"@id\":\"https:\/\/www.viesverdes.cat\/#\/schema\/logo\/image\/\"},\"sameAs\":[\"https:\/\/www.facebook.com\/viesverdesgirona\",\"https:\/\/twitter.com\/viesverdesgi\",\"https:\/\/www.youtube.com\/viesverdesgi\",\"https:\/\/www.instagram.com\/viesverdesgi\/\"]}]}<\/script>\n<!-- \/ Yoast SEO plugin. -->","yoast_head_json":{"title":"Mapa Selfie Pirinexus - Ecovies de Girona","robots":{"index":"index","follow":"follow","max-snippet":"max-snippet:-1","max-image-preview":"max-image-preview:large","max-video-preview":"max-video-preview:-1"},"canonical":"https:\/\/www.viesverdes.cat\/es\/selfie-pirinexus\/","og_locale":"es_ES","og_type":"article","og_title":"Mapa Selfie Pirinexus - Ecovies de Girona","og_description":"Mapa de los 17 t\u00f3tems selfie de la ruta Pirinexus. Finan\u00e7iados con los fondos europeos NextGeneration, en el marc de la ultima convocatoria del Plan de Recuperaci\u00f3n, Transformaci\u00f3n y Resiliencia . \ufeff\ufeff\ufeff\ufeff\ufeff\ufeff\ufeff","og_url":"https:\/\/www.viesverdes.cat\/es\/selfie-pirinexus\/","og_site_name":"Ecovies de Girona","article_publisher":"https:\/\/www.facebook.com\/viesverdesgirona","article_modified_time":"2025-02-28T12:19:26+00:00","og_image":[{"url":"http:\/\/www.viesverdes.cat\/wp-content\/uploads\/2025\/02\/Franja-Logos-PSTD-2024.jpg"}],"twitter_card":"summary_large_image","twitter_site":"@viesverdesgi","twitter_misc":{"Tiempo de lectura":"1 minuto"},"schema":{"@context":"https:\/\/schema.org","@graph":[{"@type":"WebPage","@id":"https:\/\/www.viesverdes.cat\/es\/selfie-pirinexus\/","url":"https:\/\/www.viesverdes.cat\/es\/selfie-pirinexus\/","name":"Mapa Selfie Pirinexus - Ecovies de Girona","isPartOf":{"@id":"https:\/\/www.viesverdes.cat\/#website"},"primaryImageOfPage":{"@id":"https:\/\/www.viesverdes.cat\/es\/selfie-pirinexus\/#primaryimage"},"image":{"@id":"https:\/\/www.viesverdes.cat\/es\/selfie-pirinexus\/#primaryimage"},"thumbnailUrl":"http:\/\/www.viesverdes.cat\/wp-content\/uploads\/2025\/02\/Franja-Logos-PSTD-2024.jpg","datePublished":"2023-12-12T13:29:48+00:00","dateModified":"2025-02-28T12:19:26+00:00","breadcrumb":{"@id":"https:\/\/www.viesverdes.cat\/es\/selfie-pirinexus\/#breadcrumb"},"inLanguage":"es","potentialAction":[{"@type":"ReadAction","target":["https:\/\/www.viesverdes.cat\/es\/selfie-pirinexus\/"]}]},{"@type":"ImageObject","inLanguage":"es","@id":"https:\/\/www.viesverdes.cat\/es\/selfie-pirinexus\/#primaryimage","url":"https:\/\/www.viesverdes.cat\/wp-content\/uploads\/2025\/02\/Franja-Logos-PSTD-2024.jpg","contentUrl":"https:\/\/www.viesverdes.cat\/wp-content\/uploads\/2025\/02\/Franja-Logos-PSTD-2024.jpg","width":1191,"height":115},{"@type":"BreadcrumbList","@id":"https:\/\/www.viesverdes.cat\/es\/selfie-pirinexus\/#breadcrumb","itemListElement":[{"@type":"ListItem","position":1,"name":"Inici","item":"https:\/\/www.viesverdes.cat\/"},{"@type":"ListItem","position":2,"name":"Mapa Selfie Pirinexus"}]},{"@type":"WebSite","@id":"https:\/\/www.viesverdes.cat\/#website","url":"https:\/\/www.viesverdes.cat\/","name":"Vies Verdes i Pirinexus","description":"","publisher":{"@id":"https:\/\/www.viesverdes.cat\/#organization"},"potentialAction":[{"@type":"SearchAction","target":{"@type":"EntryPoint","urlTemplate":"https:\/\/www.viesverdes.cat\/?s={search_term_string}"},"query-input":"required name=search_term_string"}],"inLanguage":"es"},{"@type":"Organization","@id":"https:\/\/www.viesverdes.cat\/#organization","name":"Consorci de les Vies Verdes de Girona","url":"https:\/\/www.viesverdes.cat\/","logo":{"@type":"ImageObject","inLanguage":"es","@id":"https:\/\/www.viesverdes.cat\/#\/schema\/logo\/image\/","url":"https:\/\/www.viesverdes.cat\/wp-content\/uploads\/2023\/04\/Logo-Consorci-Vies-Verdes-color-1-e1682501524240.png","contentUrl":"https:\/\/www.viesverdes.cat\/wp-content\/uploads\/2023\/04\/Logo-Consorci-Vies-Verdes-color-1-e1682501524240.png","width":350,"height":41,"caption":"Consorci de les Vies Verdes de Girona"},"image":{"@id":"https:\/\/www.viesverdes.cat\/#\/schema\/logo\/image\/"},"sameAs":["https:\/\/www.facebook.com\/viesverdesgirona","https:\/\/twitter.com\/viesverdesgi","https:\/\/www.youtube.com\/viesverdesgi","https:\/\/www.instagram.com\/viesverdesgi\/"]}]}},"_links":{"self":[{"href":"https:\/\/www.viesverdes.cat\/es\/wp-json\/wp\/v2\/pages\/24193"}],"collection":[{"href":"https:\/\/www.viesverdes.cat\/es\/wp-json\/wp\/v2\/pages"}],"about":[{"href":"https:\/\/www.viesverdes.cat\/es\/wp-json\/wp\/v2\/types\/page"}],"author":[{"embeddable":true,"href":"https:\/\/www.viesverdes.cat\/es\/wp-json\/wp\/v2\/users\/4"}],"replies":[{"embeddable":true,"href":"https:\/\/www.viesverdes.cat\/es\/wp-json\/wp\/v2\/comments?post=24193"}],"version-history":[{"count":3,"href":"https:\/\/www.viesverdes.cat\/es\/wp-json\/wp\/v2\/pages\/24193\/revisions"}],"predecessor-version":[{"id":27278,"href":"https:\/\/www.viesverdes.cat\/es\/wp-json\/wp\/v2\/pages\/24193\/revisions\/27278"}],"wp:attachment":[{"href":"https:\/\/www.viesverdes.cat\/es\/wp-json\/wp\/v2\/media?parent=24193"}],"curies":[{"name":"wp","href":"https:\/\/api.w.org\/{rel}","templated":true}]}}