{"id":26303,"date":"2024-10-21T14:36:01","date_gmt":"2024-10-21T12:36:01","guid":{"rendered":"https:\/\/www.viesverdes.cat\/projecte-experimenta-vies-verdes\/"},"modified":"2024-10-22T13:21:53","modified_gmt":"2024-10-22T11:21:53","slug":"proyecto-experimenta-vias-verdes","status":"publish","type":"page","link":"https:\/\/www.viesverdes.cat\/es\/proyecto-experimenta-vias-verdes\/","title":{"rendered":"Proyecto \u00abExperimenta v\u00edas verdes\u00bb"},"content":{"rendered":"<p>El Consorci de les Vies Verdes de Girona participa como socio en el proyecto \u00abExperimenta v\u00edas verdes\u00bb, una iniciativa financiada por el Ministerio de Industria y Turismo mediante los fondos Next Generaci\u00f3n de la Uni\u00f3n Europea en el Plan de Recuperaci\u00f3n, Transformaci\u00f3n y Resiliencia. Este proyecto tiene un presupuesto total de 780.000 euros entre los diez socios y un per\u00edodo de ejecuci\u00f3n hasta septiembre de 2025.<\/p>\n<p>El objetivo principal del proyecto es mejorar la experiencia de las v\u00edas verdes en Espa\u00f1a, potenciando su competitividad, sostenibilidad y accesibilidad. Mediante la colaboraci\u00f3n entre entidades p\u00fablicas y privadas, se busca optimizar la comercializaci\u00f3n de estas rutas y fomentar el turismo verde e inclusivo.<\/p>\n<p>&nbsp;<\/p>\n<p>Los objetivos del proyecto se desarrollan en diez l\u00edneas de actuaci\u00f3n:<\/p>\n<ol>\n<li>Fortalecimiento de las <strong>v\u00edas verdes supraauton\u00f3micas<\/strong> y de las redes de v\u00edas verdes.<\/li>\n<li>Desarrollo de <strong>2 proyectos piloto de la experiencia \u00abTren + v\u00eda verde\u00bb<\/strong> y otros productos de acceso en transporte p\u00fablico para avanzar en intermodalidad.<\/li>\n<li>Equipamientos tur\u00edsticos en las <strong>estaciones ferroviarias de las v\u00edas verdes<\/strong> como servicios de proximidad y consumo de kil\u00f3metro cero.<\/li>\n<li>Diagn\u00f3stico de las principales necesidades de <strong>accesibilidad en las v\u00edas verdes,<\/strong> puesta en valor de itinerarios y oferta de <strong>experiencias accesibles<\/strong> para todas las personas.<\/li>\n<li>Creaci\u00f3n de un <strong>observatorio de v\u00edas verdes.<\/strong><\/li>\n<li>Creaci\u00f3n de un <strong>mercado web o central de reservas de actividades y servicios<\/strong> del entorno de la experiencia \u00abV\u00edas verdes\u00bb.<\/li>\n<li>Versi\u00f3n <strong>de la web de v\u00edas verdes en lenguas inglesa y francesa.<\/strong><\/li>\n<li>Nuevo <strong>material divulgativo de marketing digital<\/strong> en idiomas.<\/li>\n<li>Creaci\u00f3n de nuevas experiencias en torno a las v\u00edas verdes: <strong>\u00abGran tour por las v\u00edas verdes espa\u00f1olas\u00bb y \u00abPasaporte digital de v\u00edas verdes\u00bb.<\/strong><\/li>\n<li>Gesti\u00f3n y coordinaci\u00f3n incluyendo una <strong>conferencia final<\/strong> de presentaci\u00f3n de resultados.<\/li>\n<\/ol>\n<p>Entre los socios participantes, adem\u00e1s del Consorci de les Vies Verdes de Girona, se encuentra la Fundaci\u00f3n de los Ferrocarriles Espa\u00f1oles (coordinadora), Impulsa Igualdad, la Asociaci\u00f3n V\u00edas Verdes de Andaluc\u00eda, el Consorcio de las V\u00edas Verdes de Murcia, la Junta de Extremadura y empresas del sector tur\u00edstico como Rutas Pangea, Mediterranean Bike Tours, Turismo Vivencial y la Asociaci\u00f3n de Empresarios de la V\u00eda Verde del Aceite.<\/p>\n<p>&nbsp;<\/p>\n<p>Para m\u00e1s informaci\u00f3n, se puede visitar la p\u00e1gina oficial del proyecto:<\/p>\n<p>&nbsp;<\/p>\n<p><a href=\"https:\/\/experimenta.viasverdes.com\/index.asp\" target=\"_blank\" rel=\"noopener\"><img loading=\"lazy\" decoding=\"async\" class=\"alignnone wp-image-26318\" src=\"http:\/\/www.viesverdes.cat\/wp-content\/uploads\/2024\/10\/Recurso-2.png\" alt=\"\" width=\"140\" height=\"56\" \/><\/a><\/p>\n<p>&nbsp;<\/p>\n<p><img loading=\"lazy\" decoding=\"async\" class=\"alignnone wp-image-26298\" src=\"http:\/\/www.viesverdes.cat\/wp-content\/uploads\/2024\/10\/img87.jpg\" alt=\"logos\" width=\"535\" height=\"51\" srcset=\"https:\/\/www.viesverdes.cat\/wp-content\/uploads\/2024\/10\/img87.jpg 1300w, https:\/\/www.viesverdes.cat\/wp-content\/uploads\/2024\/10\/img87-300x29.jpg 300w, https:\/\/www.viesverdes.cat\/wp-content\/uploads\/2024\/10\/img87-768x73.jpg 768w, https:\/\/www.viesverdes.cat\/wp-content\/uploads\/2024\/10\/img87-1024x98.jpg 1024w\" sizes=\"(max-width: 535px) 100vw, 535px\" \/><\/p>\n<p>&nbsp;<\/p>\n<p><strong>Not\u00edcies relacionades: <a href=\"https:\/\/www.viesverdes.cat\/es\/noticies_actualitat\/projecte-experimenta-vies-verdes\/\" target=\"_blank\" rel=\"noopener\">El Consorci de les Vies Verdes participa en el lanzamiento del proyecto \u201cExperimenta V\u00edas Verdes\u201d en la sede de la Fundaci\u00f3n de los Ferrocarriles Espa\u00f1oles<\/a><\/strong><\/p>\n","protected":false},"excerpt":{"rendered":"<p>El Consorci de les Vies Verdes de Girona participa como socio en el proyecto \u00abExperimenta v\u00edas verdes\u00bb, una iniciativa financiada por el Ministerio de Industria y Turismo mediante los fondos Next Generaci\u00f3n de la Uni\u00f3n Europea en el Plan de Recuperaci\u00f3n, Transformaci\u00f3n y Resiliencia. Este proyecto tiene un presupuesto total de 780.000 euros entre los [&hellip;]<\/p>\n","protected":false},"author":4,"featured_media":0,"parent":0,"menu_order":0,"comment_status":"closed","ping_status":"closed","template":"","meta":{"_acf_changed":false,"footnotes":""},"acf":[],"yoast_head":"<!-- This site is optimized with the Yoast SEO plugin v22.2 - https:\/\/yoast.com\/wordpress\/plugins\/seo\/ -->\n<title>Proyecto \u00abExperimenta v\u00edas verdes\u00bb - Ecovies de Girona<\/title>\n<meta name=\"description\" content=\"El Consorci de les Vies Verdes de Girona participa como socio en el proyecto \u00abExperimenta v\u00edas verdes\u00bb, una iniciativa financiada por el Ministerio de Industria y Turismo mediante los fondos Next Generaci\u00f3n de la Uni\u00f3n Europea en el Plan de Recuperaci\u00f3n, Transformaci\u00f3n y Resiliencia.\" \/>\n<meta name=\"robots\" content=\"index, follow, max-snippet:-1, max-image-preview:large, max-video-preview:-1\" \/>\n<link rel=\"canonical\" href=\"https:\/\/www.viesverdes.cat\/es\/proyecto-experimenta-vias-verdes\/\" \/>\n<meta property=\"og:locale\" content=\"es_ES\" \/>\n<meta property=\"og:type\" content=\"article\" \/>\n<meta property=\"og:title\" content=\"Proyecto \u00abExperimenta v\u00edas verdes\u00bb - Ecovies de Girona\" \/>\n<meta property=\"og:description\" content=\"El Consorci de les Vies Verdes de Girona participa como socio en el proyecto \u00abExperimenta v\u00edas verdes\u00bb, una iniciativa financiada por el Ministerio de Industria y Turismo mediante los fondos Next Generaci\u00f3n de la Uni\u00f3n Europea en el Plan de Recuperaci\u00f3n, Transformaci\u00f3n y Resiliencia.\" \/>\n<meta property=\"og:url\" content=\"https:\/\/www.viesverdes.cat\/es\/proyecto-experimenta-vias-verdes\/\" \/>\n<meta property=\"og:site_name\" content=\"Ecovies de Girona\" \/>\n<meta property=\"article:publisher\" content=\"https:\/\/www.facebook.com\/viesverdesgirona\" \/>\n<meta property=\"article:modified_time\" content=\"2024-10-22T11:21:53+00:00\" \/>\n<meta property=\"og:image\" content=\"http:\/\/www.viesverdes.cat\/wp-content\/uploads\/2024\/10\/Recurso-2.png\" \/>\n<meta name=\"twitter:card\" content=\"summary_large_image\" \/>\n<meta name=\"twitter:site\" content=\"@viesverdesgi\" \/>\n<meta name=\"twitter:label1\" content=\"Tiempo de lectura\" \/>\n\t<meta name=\"twitter:data1\" content=\"3 minutos\" \/>\n<script type=\"application\/ld+json\" class=\"yoast-schema-graph\">{\"@context\":\"https:\/\/schema.org\",\"@graph\":[{\"@type\":\"WebPage\",\"@id\":\"https:\/\/www.viesverdes.cat\/es\/proyecto-experimenta-vias-verdes\/\",\"url\":\"https:\/\/www.viesverdes.cat\/es\/proyecto-experimenta-vias-verdes\/\",\"name\":\"Proyecto \u00abExperimenta v\u00edas verdes\u00bb - Ecovies de Girona\",\"isPartOf\":{\"@id\":\"https:\/\/www.viesverdes.cat\/#website\"},\"primaryImageOfPage\":{\"@id\":\"https:\/\/www.viesverdes.cat\/es\/proyecto-experimenta-vias-verdes\/#primaryimage\"},\"image\":{\"@id\":\"https:\/\/www.viesverdes.cat\/es\/proyecto-experimenta-vias-verdes\/#primaryimage\"},\"thumbnailUrl\":\"http:\/\/www.viesverdes.cat\/wp-content\/uploads\/2024\/10\/Recurso-2.png\",\"datePublished\":\"2024-10-21T12:36:01+00:00\",\"dateModified\":\"2024-10-22T11:21:53+00:00\",\"description\":\"El Consorci de les Vies Verdes de Girona participa como socio en el proyecto \u00abExperimenta v\u00edas verdes\u00bb, una iniciativa financiada por el Ministerio de Industria y Turismo mediante los fondos Next Generaci\u00f3n de la Uni\u00f3n Europea en el Plan de Recuperaci\u00f3n, Transformaci\u00f3n y Resiliencia.\",\"breadcrumb\":{\"@id\":\"https:\/\/www.viesverdes.cat\/es\/proyecto-experimenta-vias-verdes\/#breadcrumb\"},\"inLanguage\":\"es\",\"potentialAction\":[{\"@type\":\"ReadAction\",\"target\":[\"https:\/\/www.viesverdes.cat\/es\/proyecto-experimenta-vias-verdes\/\"]}]},{\"@type\":\"ImageObject\",\"inLanguage\":\"es\",\"@id\":\"https:\/\/www.viesverdes.cat\/es\/proyecto-experimenta-vias-verdes\/#primaryimage\",\"url\":\"https:\/\/www.viesverdes.cat\/wp-content\/uploads\/2024\/10\/Recurso-2.png\",\"contentUrl\":\"https:\/\/www.viesverdes.cat\/wp-content\/uploads\/2024\/10\/Recurso-2.png\",\"width\":200,\"height\":80},{\"@type\":\"BreadcrumbList\",\"@id\":\"https:\/\/www.viesverdes.cat\/es\/proyecto-experimenta-vias-verdes\/#breadcrumb\",\"itemListElement\":[{\"@type\":\"ListItem\",\"position\":1,\"name\":\"Inici\",\"item\":\"https:\/\/www.viesverdes.cat\/\"},{\"@type\":\"ListItem\",\"position\":2,\"name\":\"Proyecto \u00abExperimenta v\u00edas verdes\u00bb\"}]},{\"@type\":\"WebSite\",\"@id\":\"https:\/\/www.viesverdes.cat\/#website\",\"url\":\"https:\/\/www.viesverdes.cat\/\",\"name\":\"Vies Verdes i Pirinexus\",\"description\":\"\",\"publisher\":{\"@id\":\"https:\/\/www.viesverdes.cat\/#organization\"},\"potentialAction\":[{\"@type\":\"SearchAction\",\"target\":{\"@type\":\"EntryPoint\",\"urlTemplate\":\"https:\/\/www.viesverdes.cat\/?s={search_term_string}\"},\"query-input\":\"required name=search_term_string\"}],\"inLanguage\":\"es\"},{\"@type\":\"Organization\",\"@id\":\"https:\/\/www.viesverdes.cat\/#organization\",\"name\":\"Consorci de les Vies Verdes de Girona\",\"url\":\"https:\/\/www.viesverdes.cat\/\",\"logo\":{\"@type\":\"ImageObject\",\"inLanguage\":\"es\",\"@id\":\"https:\/\/www.viesverdes.cat\/#\/schema\/logo\/image\/\",\"url\":\"https:\/\/www.viesverdes.cat\/wp-content\/uploads\/2023\/04\/Logo-Consorci-Vies-Verdes-color-1-e1682501524240.png\",\"contentUrl\":\"https:\/\/www.viesverdes.cat\/wp-content\/uploads\/2023\/04\/Logo-Consorci-Vies-Verdes-color-1-e1682501524240.png\",\"width\":350,\"height\":41,\"caption\":\"Consorci de les Vies Verdes de Girona\"},\"image\":{\"@id\":\"https:\/\/www.viesverdes.cat\/#\/schema\/logo\/image\/\"},\"sameAs\":[\"https:\/\/www.facebook.com\/viesverdesgirona\",\"https:\/\/twitter.com\/viesverdesgi\",\"https:\/\/www.youtube.com\/viesverdesgi\",\"https:\/\/www.instagram.com\/viesverdesgi\/\"]}]}<\/script>\n<!-- \/ Yoast SEO plugin. -->","yoast_head_json":{"title":"Proyecto \u00abExperimenta v\u00edas verdes\u00bb - Ecovies de Girona","description":"El Consorci de les Vies Verdes de Girona participa como socio en el proyecto \u00abExperimenta v\u00edas verdes\u00bb, una iniciativa financiada por el Ministerio de Industria y Turismo mediante los fondos Next Generaci\u00f3n de la Uni\u00f3n Europea en el Plan de Recuperaci\u00f3n, Transformaci\u00f3n y Resiliencia.","robots":{"index":"index","follow":"follow","max-snippet":"max-snippet:-1","max-image-preview":"max-image-preview:large","max-video-preview":"max-video-preview:-1"},"canonical":"https:\/\/www.viesverdes.cat\/es\/proyecto-experimenta-vias-verdes\/","og_locale":"es_ES","og_type":"article","og_title":"Proyecto \u00abExperimenta v\u00edas verdes\u00bb - Ecovies de Girona","og_description":"El Consorci de les Vies Verdes de Girona participa como socio en el proyecto \u00abExperimenta v\u00edas verdes\u00bb, una iniciativa financiada por el Ministerio de Industria y Turismo mediante los fondos Next Generaci\u00f3n de la Uni\u00f3n Europea en el Plan de Recuperaci\u00f3n, Transformaci\u00f3n y Resiliencia.","og_url":"https:\/\/www.viesverdes.cat\/es\/proyecto-experimenta-vias-verdes\/","og_site_name":"Ecovies de Girona","article_publisher":"https:\/\/www.facebook.com\/viesverdesgirona","article_modified_time":"2024-10-22T11:21:53+00:00","og_image":[{"url":"http:\/\/www.viesverdes.cat\/wp-content\/uploads\/2024\/10\/Recurso-2.png"}],"twitter_card":"summary_large_image","twitter_site":"@viesverdesgi","twitter_misc":{"Tiempo de lectura":"3 minutos"},"schema":{"@context":"https:\/\/schema.org","@graph":[{"@type":"WebPage","@id":"https:\/\/www.viesverdes.cat\/es\/proyecto-experimenta-vias-verdes\/","url":"https:\/\/www.viesverdes.cat\/es\/proyecto-experimenta-vias-verdes\/","name":"Proyecto \u00abExperimenta v\u00edas verdes\u00bb - Ecovies de Girona","isPartOf":{"@id":"https:\/\/www.viesverdes.cat\/#website"},"primaryImageOfPage":{"@id":"https:\/\/www.viesverdes.cat\/es\/proyecto-experimenta-vias-verdes\/#primaryimage"},"image":{"@id":"https:\/\/www.viesverdes.cat\/es\/proyecto-experimenta-vias-verdes\/#primaryimage"},"thumbnailUrl":"http:\/\/www.viesverdes.cat\/wp-content\/uploads\/2024\/10\/Recurso-2.png","datePublished":"2024-10-21T12:36:01+00:00","dateModified":"2024-10-22T11:21:53+00:00","description":"El Consorci de les Vies Verdes de Girona participa como socio en el proyecto \u00abExperimenta v\u00edas verdes\u00bb, una iniciativa financiada por el Ministerio de Industria y Turismo mediante los fondos Next Generaci\u00f3n de la Uni\u00f3n Europea en el Plan de Recuperaci\u00f3n, Transformaci\u00f3n y Resiliencia.","breadcrumb":{"@id":"https:\/\/www.viesverdes.cat\/es\/proyecto-experimenta-vias-verdes\/#breadcrumb"},"inLanguage":"es","potentialAction":[{"@type":"ReadAction","target":["https:\/\/www.viesverdes.cat\/es\/proyecto-experimenta-vias-verdes\/"]}]},{"@type":"ImageObject","inLanguage":"es","@id":"https:\/\/www.viesverdes.cat\/es\/proyecto-experimenta-vias-verdes\/#primaryimage","url":"https:\/\/www.viesverdes.cat\/wp-content\/uploads\/2024\/10\/Recurso-2.png","contentUrl":"https:\/\/www.viesverdes.cat\/wp-content\/uploads\/2024\/10\/Recurso-2.png","width":200,"height":80},{"@type":"BreadcrumbList","@id":"https:\/\/www.viesverdes.cat\/es\/proyecto-experimenta-vias-verdes\/#breadcrumb","itemListElement":[{"@type":"ListItem","position":1,"name":"Inici","item":"https:\/\/www.viesverdes.cat\/"},{"@type":"ListItem","position":2,"name":"Proyecto \u00abExperimenta v\u00edas verdes\u00bb"}]},{"@type":"WebSite","@id":"https:\/\/www.viesverdes.cat\/#website","url":"https:\/\/www.viesverdes.cat\/","name":"Vies Verdes i Pirinexus","description":"","publisher":{"@id":"https:\/\/www.viesverdes.cat\/#organization"},"potentialAction":[{"@type":"SearchAction","target":{"@type":"EntryPoint","urlTemplate":"https:\/\/www.viesverdes.cat\/?s={search_term_string}"},"query-input":"required name=search_term_string"}],"inLanguage":"es"},{"@type":"Organization","@id":"https:\/\/www.viesverdes.cat\/#organization","name":"Consorci de les Vies Verdes de Girona","url":"https:\/\/www.viesverdes.cat\/","logo":{"@type":"ImageObject","inLanguage":"es","@id":"https:\/\/www.viesverdes.cat\/#\/schema\/logo\/image\/","url":"https:\/\/www.viesverdes.cat\/wp-content\/uploads\/2023\/04\/Logo-Consorci-Vies-Verdes-color-1-e1682501524240.png","contentUrl":"https:\/\/www.viesverdes.cat\/wp-content\/uploads\/2023\/04\/Logo-Consorci-Vies-Verdes-color-1-e1682501524240.png","width":350,"height":41,"caption":"Consorci de les Vies Verdes de Girona"},"image":{"@id":"https:\/\/www.viesverdes.cat\/#\/schema\/logo\/image\/"},"sameAs":["https:\/\/www.facebook.com\/viesverdesgirona","https:\/\/twitter.com\/viesverdesgi","https:\/\/www.youtube.com\/viesverdesgi","https:\/\/www.instagram.com\/viesverdesgi\/"]}]}},"_links":{"self":[{"href":"https:\/\/www.viesverdes.cat\/es\/wp-json\/wp\/v2\/pages\/26303"}],"collection":[{"href":"https:\/\/www.viesverdes.cat\/es\/wp-json\/wp\/v2\/pages"}],"about":[{"href":"https:\/\/www.viesverdes.cat\/es\/wp-json\/wp\/v2\/types\/page"}],"author":[{"embeddable":true,"href":"https:\/\/www.viesverdes.cat\/es\/wp-json\/wp\/v2\/users\/4"}],"replies":[{"embeddable":true,"href":"https:\/\/www.viesverdes.cat\/es\/wp-json\/wp\/v2\/comments?post=26303"}],"version-history":[{"count":4,"href":"https:\/\/www.viesverdes.cat\/es\/wp-json\/wp\/v2\/pages\/26303\/revisions"}],"predecessor-version":[{"id":26323,"href":"https:\/\/www.viesverdes.cat\/es\/wp-json\/wp\/v2\/pages\/26303\/revisions\/26323"}],"wp:attachment":[{"href":"https:\/\/www.viesverdes.cat\/es\/wp-json\/wp\/v2\/media?parent=26303"}],"curies":[{"name":"wp","href":"https:\/\/api.w.org\/{rel}","templated":true}]}}