{"id":27351,"date":"2023-01-04T11:54:22","date_gmt":"2023-01-04T10:54:22","guid":{"rendered":"https:\/\/www.viesverdes.cat\/planes-de-sostenibilidad-turistica\/"},"modified":"2025-03-04T10:37:42","modified_gmt":"2025-03-04T09:37:42","slug":"planes-de-sostenibilidad-turistica","status":"publish","type":"page","link":"https:\/\/www.viesverdes.cat\/es\/planes-de-sostenibilidad-turistica\/","title":{"rendered":"Planes de Sostenibilidad Tur\u00edstica (PSTD)"},"content":{"rendered":"<p>&nbsp;<\/p>\n<p><img loading=\"lazy\" decoding=\"async\" class=\"alignnone wp-image-20539\" src=\"http:\/\/www.viesverdes.cat\/wp-content\/uploads\/2023\/01\/Logo-PLANES-catala-color-300x115.jpg\" alt=\"\" width=\"352\" height=\"135\" srcset=\"https:\/\/www.viesverdes.cat\/wp-content\/uploads\/2023\/01\/Logo-PLANES-catala-color-300x115.jpg 300w, https:\/\/www.viesverdes.cat\/wp-content\/uploads\/2023\/01\/Logo-PLANES-catala-color-768x294.jpg 768w, https:\/\/www.viesverdes.cat\/wp-content\/uploads\/2023\/01\/Logo-PLANES-catala-color.jpg 832w\" sizes=\"(max-width: 352px) 100vw, 352px\" \/><\/p>\n<p>&nbsp;<\/p>\n<p>El Consorci de les Vies verdes de Girona est\u00e1 trabajando en la ampliaci\u00f3n y mejora de las rutas en las comarcas gerundenses, gracias a una ayuda de los <strong data-start=\"199\" data-end=\"279\">Planes de Sostenibilidad Tur\u00edstica en Destinos para entidades locales (PSTD)<\/strong>, financiados con el fondo europeo <strong data-start=\"314\" data-end=\"333\">Next Generation<\/strong>. Estos planes otorgan unos <strong data-start=\"361\" data-end=\"386\">3,5 millones de euros<\/strong> al Consorcio y suponen casi el <strong data-start=\"418\" data-end=\"446\">100 % de la financiaci\u00f3n<\/strong> de la mayor\u00eda de las actuaciones. La ejecuci\u00f3n de las actuaciones se distribuye en tres anualidades y finalizar\u00e1 en 2024.<\/p>\n<p>El nuevo plan prev\u00e9 <strong data-start=\"592\" data-end=\"617\">dieciocho actuaciones<\/strong>, de las cuales <strong data-start=\"633\" data-end=\"642\">cinco<\/strong> suponen la construcci\u00f3n de nuevos tramos de v\u00eda verde en distintos puntos de la geograf\u00eda gerundense, <strong data-start=\"745\" data-end=\"753\">ocho<\/strong> son mejoras en v\u00edas verdes existentes, <strong data-start=\"793\" data-end=\"803\">cuatro<\/strong> est\u00e1n relacionadas con un proyecto de difusi\u00f3n y promoci\u00f3n de las v\u00edas verdes existentes, y se prev\u00e9 <strong data-start=\"905\" data-end=\"923\">otra actuaci\u00f3n<\/strong> que incluir\u00e1 la asistencia externa de apoyo en la gesti\u00f3n de la subvenci\u00f3n.<\/p>\n<p>Las actuaciones que implican la construcci\u00f3n y adecuaci\u00f3n de infraestructura tur\u00edstica permitir\u00e1n crear <strong data-start=\"1107\" data-end=\"1138\">14 km de nuevas v\u00edas verdes<\/strong>, con un coste proyectado de <strong data-start=\"1167\" data-end=\"1189\">3.230.253,14 euros<\/strong>. Tambi\u00e9n se reforzar\u00e1 la se\u00f1alizaci\u00f3n, se ampliar\u00e1 el alumbrado p\u00fablico en algunos tramos y se llevar\u00e1n a cabo diversas acciones de promoci\u00f3n y comunicaci\u00f3n.<\/p>\n<p>La distribuci\u00f3n inicial de los financiamientos anuales es la siguiente (recuadro de datos con textos en catal\u00e1n):<\/p>\n<p><img loading=\"lazy\" decoding=\"async\" class=\"alignnone wp-image-20905\" src=\"http:\/\/www.viesverdes.cat\/wp-content\/uploads\/2023\/01\/quadre-import-Planes.jpg\" alt=\"\" width=\"842\" height=\"153\" srcset=\"https:\/\/www.viesverdes.cat\/wp-content\/uploads\/2023\/01\/quadre-import-Planes.jpg 611w, https:\/\/www.viesverdes.cat\/wp-content\/uploads\/2023\/01\/quadre-import-Planes-300x55.jpg 300w\" sizes=\"(max-width: 842px) 100vw, 842px\" \/><\/p>\n<p><a href=\"http:\/\/www.viesverdes.cat\/wp-content\/uploads\/2023\/01\/Antecedents_PSTD-CVVGi.pdf\" target=\"_blank\" rel=\"noopener\">Ver detalles de la subvenci\u00f3n en (CAT): Antecedents_PSTD CVVGi<\/a><\/p>\n<p><a href=\"http:\/\/www.viesverdes.cat\/wp-content\/uploads\/2023\/01\/Pla-Financer_22_02_10-1.pdf\" target=\"_blank\" rel=\"noopener\">Plan Financiero PLANES 22-24 CAT)<\/a>: \u00a0Proyectos, Costos, Ayudas.<\/p>\n<p>El PSTD est\u00e1 financiado con fondos procedentes de la <strong data-start=\"53\" data-end=\"93\">Uni\u00f3n Europea &#8211; Next Generation (UE)<\/strong> del <strong data-start=\"98\" data-end=\"161\">Plan de Recuperaci\u00f3n, Transformaci\u00f3n y Resiliencia. C14.I01<\/strong>.<\/p>\n<p>&nbsp;<\/p>\n<p><img loading=\"lazy\" decoding=\"async\" class=\"alignnone size-full wp-image-26354\" src=\"http:\/\/www.viesverdes.cat\/wp-content\/uploads\/2024\/11\/Franja-5-logos-PSTD-gener-2024.png\" alt=\"Logos PSTD\" width=\"1900\" height=\"89\" srcset=\"https:\/\/www.viesverdes.cat\/wp-content\/uploads\/2024\/11\/Franja-5-logos-PSTD-gener-2024.png 1900w, https:\/\/www.viesverdes.cat\/wp-content\/uploads\/2024\/11\/Franja-5-logos-PSTD-gener-2024-300x14.png 300w, https:\/\/www.viesverdes.cat\/wp-content\/uploads\/2024\/11\/Franja-5-logos-PSTD-gener-2024-768x36.png 768w, https:\/\/www.viesverdes.cat\/wp-content\/uploads\/2024\/11\/Franja-5-logos-PSTD-gener-2024-1024x48.png 1024w, https:\/\/www.viesverdes.cat\/wp-content\/uploads\/2024\/11\/Franja-5-logos-PSTD-gener-2024-1536x72.png 1536w\" sizes=\"(max-width: 1900px) 100vw, 1900px\" \/><\/p>\n","protected":false},"excerpt":{"rendered":"<p>&nbsp; &nbsp; El Consorci de les Vies verdes de Girona est\u00e1 trabajando en la ampliaci\u00f3n y mejora de las rutas en las comarcas gerundenses, gracias a una ayuda de los Planes de Sostenibilidad Tur\u00edstica en Destinos para entidades locales (PSTD), financiados con el fondo europeo Next Generation. Estos planes otorgan unos 3,5 millones de euros [&hellip;]<\/p>\n","protected":false},"author":4,"featured_media":0,"parent":0,"menu_order":0,"comment_status":"closed","ping_status":"closed","template":"","meta":{"_acf_changed":false,"footnotes":""},"acf":[],"yoast_head":"<!-- This site is optimized with the Yoast SEO plugin v22.2 - https:\/\/yoast.com\/wordpress\/plugins\/seo\/ -->\n<title>Planes de Sostenibilidad Tur\u00edstica (PSTD) - Ecovies de Girona<\/title>\n<meta name=\"robots\" content=\"index, follow, max-snippet:-1, max-image-preview:large, max-video-preview:-1\" \/>\n<link rel=\"canonical\" href=\"https:\/\/www.viesverdes.cat\/es\/planes-de-sostenibilidad-turistica\/\" \/>\n<meta property=\"og:locale\" content=\"es_ES\" \/>\n<meta property=\"og:type\" content=\"article\" \/>\n<meta property=\"og:title\" content=\"Planes de Sostenibilidad Tur\u00edstica (PSTD) - Ecovies de Girona\" \/>\n<meta property=\"og:description\" content=\"&nbsp; &nbsp; El Consorci de les Vies verdes de Girona est\u00e1 trabajando en la ampliaci\u00f3n y mejora de las rutas en las comarcas gerundenses, gracias a una ayuda de los Planes de Sostenibilidad Tur\u00edstica en Destinos para entidades locales (PSTD), financiados con el fondo europeo Next Generation. Estos planes otorgan unos 3,5 millones de euros [&hellip;]\" \/>\n<meta property=\"og:url\" content=\"https:\/\/www.viesverdes.cat\/es\/planes-de-sostenibilidad-turistica\/\" \/>\n<meta property=\"og:site_name\" content=\"Ecovies de Girona\" \/>\n<meta property=\"article:publisher\" content=\"https:\/\/www.facebook.com\/viesverdesgirona\" \/>\n<meta property=\"article:modified_time\" content=\"2025-03-04T09:37:42+00:00\" \/>\n<meta property=\"og:image\" content=\"http:\/\/www.viesverdes.cat\/wp-content\/uploads\/2023\/01\/Logo-PLANES-catala-color-300x115.jpg\" \/>\n<meta name=\"twitter:card\" content=\"summary_large_image\" \/>\n<meta name=\"twitter:site\" content=\"@viesverdesgi\" \/>\n<meta name=\"twitter:label1\" content=\"Tiempo de lectura\" \/>\n\t<meta name=\"twitter:data1\" content=\"2 minutos\" \/>\n<script type=\"application\/ld+json\" class=\"yoast-schema-graph\">{\"@context\":\"https:\/\/schema.org\",\"@graph\":[{\"@type\":\"WebPage\",\"@id\":\"https:\/\/www.viesverdes.cat\/es\/planes-de-sostenibilidad-turistica\/\",\"url\":\"https:\/\/www.viesverdes.cat\/es\/planes-de-sostenibilidad-turistica\/\",\"name\":\"Planes de Sostenibilidad Tur\u00edstica (PSTD) - Ecovies de Girona\",\"isPartOf\":{\"@id\":\"https:\/\/www.viesverdes.cat\/#website\"},\"primaryImageOfPage\":{\"@id\":\"https:\/\/www.viesverdes.cat\/es\/planes-de-sostenibilidad-turistica\/#primaryimage\"},\"image\":{\"@id\":\"https:\/\/www.viesverdes.cat\/es\/planes-de-sostenibilidad-turistica\/#primaryimage\"},\"thumbnailUrl\":\"http:\/\/www.viesverdes.cat\/wp-content\/uploads\/2023\/01\/Logo-PLANES-catala-color-300x115.jpg\",\"datePublished\":\"2023-01-04T10:54:22+00:00\",\"dateModified\":\"2025-03-04T09:37:42+00:00\",\"breadcrumb\":{\"@id\":\"https:\/\/www.viesverdes.cat\/es\/planes-de-sostenibilidad-turistica\/#breadcrumb\"},\"inLanguage\":\"es\",\"potentialAction\":[{\"@type\":\"ReadAction\",\"target\":[\"https:\/\/www.viesverdes.cat\/es\/planes-de-sostenibilidad-turistica\/\"]}]},{\"@type\":\"ImageObject\",\"inLanguage\":\"es\",\"@id\":\"https:\/\/www.viesverdes.cat\/es\/planes-de-sostenibilidad-turistica\/#primaryimage\",\"url\":\"https:\/\/www.viesverdes.cat\/wp-content\/uploads\/2023\/01\/Logo-PLANES-catala-color.jpg\",\"contentUrl\":\"https:\/\/www.viesverdes.cat\/wp-content\/uploads\/2023\/01\/Logo-PLANES-catala-color.jpg\",\"width\":832,\"height\":318},{\"@type\":\"BreadcrumbList\",\"@id\":\"https:\/\/www.viesverdes.cat\/es\/planes-de-sostenibilidad-turistica\/#breadcrumb\",\"itemListElement\":[{\"@type\":\"ListItem\",\"position\":1,\"name\":\"Inici\",\"item\":\"https:\/\/www.viesverdes.cat\/\"},{\"@type\":\"ListItem\",\"position\":2,\"name\":\"Planes de Sostenibilidad Tur\u00edstica (PSTD)\"}]},{\"@type\":\"WebSite\",\"@id\":\"https:\/\/www.viesverdes.cat\/#website\",\"url\":\"https:\/\/www.viesverdes.cat\/\",\"name\":\"Vies Verdes i Pirinexus\",\"description\":\"\",\"publisher\":{\"@id\":\"https:\/\/www.viesverdes.cat\/#organization\"},\"potentialAction\":[{\"@type\":\"SearchAction\",\"target\":{\"@type\":\"EntryPoint\",\"urlTemplate\":\"https:\/\/www.viesverdes.cat\/?s={search_term_string}\"},\"query-input\":\"required name=search_term_string\"}],\"inLanguage\":\"es\"},{\"@type\":\"Organization\",\"@id\":\"https:\/\/www.viesverdes.cat\/#organization\",\"name\":\"Consorci de les Vies Verdes de Girona\",\"url\":\"https:\/\/www.viesverdes.cat\/\",\"logo\":{\"@type\":\"ImageObject\",\"inLanguage\":\"es\",\"@id\":\"https:\/\/www.viesverdes.cat\/#\/schema\/logo\/image\/\",\"url\":\"https:\/\/www.viesverdes.cat\/wp-content\/uploads\/2023\/04\/Logo-Consorci-Vies-Verdes-color-1-e1682501524240.png\",\"contentUrl\":\"https:\/\/www.viesverdes.cat\/wp-content\/uploads\/2023\/04\/Logo-Consorci-Vies-Verdes-color-1-e1682501524240.png\",\"width\":350,\"height\":41,\"caption\":\"Consorci de les Vies Verdes de Girona\"},\"image\":{\"@id\":\"https:\/\/www.viesverdes.cat\/#\/schema\/logo\/image\/\"},\"sameAs\":[\"https:\/\/www.facebook.com\/viesverdesgirona\",\"https:\/\/twitter.com\/viesverdesgi\",\"https:\/\/www.youtube.com\/viesverdesgi\",\"https:\/\/www.instagram.com\/viesverdesgi\/\"]}]}<\/script>\n<!-- \/ Yoast SEO plugin. -->","yoast_head_json":{"title":"Planes de Sostenibilidad Tur\u00edstica (PSTD) - Ecovies de Girona","robots":{"index":"index","follow":"follow","max-snippet":"max-snippet:-1","max-image-preview":"max-image-preview:large","max-video-preview":"max-video-preview:-1"},"canonical":"https:\/\/www.viesverdes.cat\/es\/planes-de-sostenibilidad-turistica\/","og_locale":"es_ES","og_type":"article","og_title":"Planes de Sostenibilidad Tur\u00edstica (PSTD) - Ecovies de Girona","og_description":"&nbsp; &nbsp; El Consorci de les Vies verdes de Girona est\u00e1 trabajando en la ampliaci\u00f3n y mejora de las rutas en las comarcas gerundenses, gracias a una ayuda de los Planes de Sostenibilidad Tur\u00edstica en Destinos para entidades locales (PSTD), financiados con el fondo europeo Next Generation. Estos planes otorgan unos 3,5 millones de euros [&hellip;]","og_url":"https:\/\/www.viesverdes.cat\/es\/planes-de-sostenibilidad-turistica\/","og_site_name":"Ecovies de Girona","article_publisher":"https:\/\/www.facebook.com\/viesverdesgirona","article_modified_time":"2025-03-04T09:37:42+00:00","og_image":[{"url":"http:\/\/www.viesverdes.cat\/wp-content\/uploads\/2023\/01\/Logo-PLANES-catala-color-300x115.jpg"}],"twitter_card":"summary_large_image","twitter_site":"@viesverdesgi","twitter_misc":{"Tiempo de lectura":"2 minutos"},"schema":{"@context":"https:\/\/schema.org","@graph":[{"@type":"WebPage","@id":"https:\/\/www.viesverdes.cat\/es\/planes-de-sostenibilidad-turistica\/","url":"https:\/\/www.viesverdes.cat\/es\/planes-de-sostenibilidad-turistica\/","name":"Planes de Sostenibilidad Tur\u00edstica (PSTD) - Ecovies de Girona","isPartOf":{"@id":"https:\/\/www.viesverdes.cat\/#website"},"primaryImageOfPage":{"@id":"https:\/\/www.viesverdes.cat\/es\/planes-de-sostenibilidad-turistica\/#primaryimage"},"image":{"@id":"https:\/\/www.viesverdes.cat\/es\/planes-de-sostenibilidad-turistica\/#primaryimage"},"thumbnailUrl":"http:\/\/www.viesverdes.cat\/wp-content\/uploads\/2023\/01\/Logo-PLANES-catala-color-300x115.jpg","datePublished":"2023-01-04T10:54:22+00:00","dateModified":"2025-03-04T09:37:42+00:00","breadcrumb":{"@id":"https:\/\/www.viesverdes.cat\/es\/planes-de-sostenibilidad-turistica\/#breadcrumb"},"inLanguage":"es","potentialAction":[{"@type":"ReadAction","target":["https:\/\/www.viesverdes.cat\/es\/planes-de-sostenibilidad-turistica\/"]}]},{"@type":"ImageObject","inLanguage":"es","@id":"https:\/\/www.viesverdes.cat\/es\/planes-de-sostenibilidad-turistica\/#primaryimage","url":"https:\/\/www.viesverdes.cat\/wp-content\/uploads\/2023\/01\/Logo-PLANES-catala-color.jpg","contentUrl":"https:\/\/www.viesverdes.cat\/wp-content\/uploads\/2023\/01\/Logo-PLANES-catala-color.jpg","width":832,"height":318},{"@type":"BreadcrumbList","@id":"https:\/\/www.viesverdes.cat\/es\/planes-de-sostenibilidad-turistica\/#breadcrumb","itemListElement":[{"@type":"ListItem","position":1,"name":"Inici","item":"https:\/\/www.viesverdes.cat\/"},{"@type":"ListItem","position":2,"name":"Planes de Sostenibilidad Tur\u00edstica (PSTD)"}]},{"@type":"WebSite","@id":"https:\/\/www.viesverdes.cat\/#website","url":"https:\/\/www.viesverdes.cat\/","name":"Vies Verdes i Pirinexus","description":"","publisher":{"@id":"https:\/\/www.viesverdes.cat\/#organization"},"potentialAction":[{"@type":"SearchAction","target":{"@type":"EntryPoint","urlTemplate":"https:\/\/www.viesverdes.cat\/?s={search_term_string}"},"query-input":"required name=search_term_string"}],"inLanguage":"es"},{"@type":"Organization","@id":"https:\/\/www.viesverdes.cat\/#organization","name":"Consorci de les Vies Verdes de Girona","url":"https:\/\/www.viesverdes.cat\/","logo":{"@type":"ImageObject","inLanguage":"es","@id":"https:\/\/www.viesverdes.cat\/#\/schema\/logo\/image\/","url":"https:\/\/www.viesverdes.cat\/wp-content\/uploads\/2023\/04\/Logo-Consorci-Vies-Verdes-color-1-e1682501524240.png","contentUrl":"https:\/\/www.viesverdes.cat\/wp-content\/uploads\/2023\/04\/Logo-Consorci-Vies-Verdes-color-1-e1682501524240.png","width":350,"height":41,"caption":"Consorci de les Vies Verdes de Girona"},"image":{"@id":"https:\/\/www.viesverdes.cat\/#\/schema\/logo\/image\/"},"sameAs":["https:\/\/www.facebook.com\/viesverdesgirona","https:\/\/twitter.com\/viesverdesgi","https:\/\/www.youtube.com\/viesverdesgi","https:\/\/www.instagram.com\/viesverdesgi\/"]}]}},"_links":{"self":[{"href":"https:\/\/www.viesverdes.cat\/es\/wp-json\/wp\/v2\/pages\/27351"}],"collection":[{"href":"https:\/\/www.viesverdes.cat\/es\/wp-json\/wp\/v2\/pages"}],"about":[{"href":"https:\/\/www.viesverdes.cat\/es\/wp-json\/wp\/v2\/types\/page"}],"author":[{"embeddable":true,"href":"https:\/\/www.viesverdes.cat\/es\/wp-json\/wp\/v2\/users\/4"}],"replies":[{"embeddable":true,"href":"https:\/\/www.viesverdes.cat\/es\/wp-json\/wp\/v2\/comments?post=27351"}],"version-history":[{"count":2,"href":"https:\/\/www.viesverdes.cat\/es\/wp-json\/wp\/v2\/pages\/27351\/revisions"}],"predecessor-version":[{"id":27353,"href":"https:\/\/www.viesverdes.cat\/es\/wp-json\/wp\/v2\/pages\/27351\/revisions\/27353"}],"wp:attachment":[{"href":"https:\/\/www.viesverdes.cat\/es\/wp-json\/wp\/v2\/media?parent=27351"}],"curies":[{"name":"wp","href":"https:\/\/api.w.org\/{rel}","templated":true}]}}