{"id":6006,"date":"2018-06-20T09:21:33","date_gmt":"2018-06-20T08:21:33","guid":{"rendered":"http:\/\/iglesies.cat\/viesverdes\/caracteristiques-vies-verdes-pirinexus\/"},"modified":"2022-05-24T13:16:13","modified_gmt":"2022-05-24T11:16:13","slug":"caracteristiques-vies-verdes-pirinexus","status":"publish","type":"page","link":"https:\/\/www.viesverdes.cat\/es\/caracteristiques-vies-verdes-pirinexus\/","title":{"rendered":"Caracter\u00edsticas V\u00edas Verdes \/ Pirinexus"},"content":{"rendered":"<p>Es importante conocer la diferencia entre V\u00edas Verdes y buena parte de la ruta Pirinexus:<\/p>\n<p>Se entiende por <strong>v\u00edas verdes<\/strong>: \u201cV\u00edas de comunicaci\u00f3n aut\u00f3nomas reservadas para los desplazamientos no motorizados, realizados en un marco de desarrollo integrado que, valorando el medio ambiente y la calidad de vida y respetando condiciones suficientes de anchura, pendiente y calidad del firme, garantizan una utilizaci\u00f3n en convivencia y seguridad a todos los usuarios, con cualquier capacidad f\u00edsica\u201d. En este sentido, la utilizaci\u00f3n de los caminos de servicio a canales y de las v\u00edas de ferrocarril abandonadas constituyen un elemento privilegiado para el desarrollo de las v\u00edas verdes.&#8221;\u00a0 (Declaraci\u00f3n de Lille \u2013 12 de setiembre del 2000)<\/p>\n<p><strong>Pirinexus<\/strong> es una ruta circular de 353 quil\u00f3metros de recorrido que une las comarcas de Girona con el Vallespir i el Rossell\u00f3. Est\u00e1 pensada para hacerse por etapas. Pirinexus pasa por un total de 53 poblaciones y 5 comarcas distintas, y combina trazados de v\u00edas verdes con otras rutas ciclables como caminos rurales o carreteras con baja densidad de tr\u00e1fico. Es necesario adaptarse a la orograf\u00eda del terreno y a los distintos tipos de v\u00edas existentes.<\/p>\n<p>Cabe resaltar que <strong>Pirinexus no es una v\u00eda verde, <\/strong>por tanto,<strong> hay tramos que no son accesibles a todos<\/strong>.<\/p>\n<p>&nbsp;<\/p>\n<h3>El sentido de circulaci\u00f3n de la ruta<\/h3>\n<p>Aunque en la gu\u00eda se recomienda pedalear en el sentido de las agujas del reloj, y las etapas se explican en este orden, pod\u00e9is escoger el sentido de la ruta seg\u00fan los tramos que se deseen conocer, la forma f\u00edsica o la tipolog\u00eda del grupo que pedalea. Esta elecci\u00f3n se hizo para que la Tramuntana, un viento del norte predominante en el \u00e1rea del Empord\u00e0, sople a favor del ciclista.<\/p>\n<p>La ruta est\u00e1 se\u00f1alizada en los dos sentidos de la marcha.<\/p>\n<p><strong>\u00a0<\/strong><\/p>\n<h3>Diferentes terrenos y superf\u00edcies<\/h3>\n<p><strong><u>Del Vol\u00f3 a Palafrugell:<\/u><\/strong>\u00a0esta parte de la ruta est\u00e1 compuesta por caminos agr\u00edcolas, algunos de ellos asfaltados y peque\u00f1os tramos de carreteras secundarias. Algunos puntos presentan pendientes elevadas.<\/p>\n<p><strong><u>De Palafrugell a Olot<\/u><\/strong><u>:<\/u>\u00a0principalmente est\u00e1 compuesta por\u00a0<strong>v\u00edas verdes<\/strong>,\u00a0segregadas del tr\u00e1nsito rodado, excepto en el tramo de Sant Antoni de Calonge a Sant Feliu de Gu\u00edxols, que podemos hacerlo a pie por caminos de ronda o con bicicleta por carretera.<\/p>\n<p><strong><u>D\u2019Olot a Arles de Tec:<\/u><\/strong>\u00a0este tramo del recorrido se hace por carreteras con baja densidad de tr\u00e1nsito, excepto en el tramo que va de Sant Joan de les Abadesses a Camprodon, que discurre por caminos agr\u00edcolas, la mayor\u00eda hormigonados. Algunos puntos de la ruta presentan pendientes elevados.<\/p>\n<p><strong><u>De Arles a El Vol\u00f3:<\/u><\/strong>\u00a0principalmente\u00a0<a href=\"http:\/\/www.payspyreneesmediterranee.org\/\" target=\"_blank\" rel=\"noopener noreferrer\"><strong>v\u00eda verde<\/strong><\/a>, con algunos tramos pendientes por ejecutar pero con alternativas que siguen principalmente caminos agr\u00edcolas y alguna carretera.<\/p>\n<p><strong>\u00a0<\/strong><\/p>\n<h3>Etapas de la ruta<\/h3>\n<p>Si os descarg\u00e1is la\u00a0<strong><a href=\"http:\/\/www.pirinexus.cat\/#?id=1740&amp;no_index=true#content\">gu\u00eda<\/a><\/strong>\u00a0de la ruta Pirinexus, o navegando por la web, ver\u00e9is que Pirinexus se divide en varios tramos\u00a0 &#8211; y tambi\u00e9n si s\u00f3lo hac\u00e9is v\u00edas verdes- pero ten\u00e9is libertad total para decidir qu\u00e9\u00a0etapas\u00a0quer\u00e9is recorrer o si prefer\u00eds realizar la ruta completa.\u00a0Cada uno, en funci\u00f3n de su tiempo, de sus capacidades f\u00edsicas o de sus intereses, puede escoger las etapas que desee y crear la ruta a su gusto.<\/p>\n<p>Recomendamos no superar los 60 km de media por d\u00eda para poder combinar la bicicleta con el disfrute y descubrimiento del territorio que se transita. Para conocer aquellos parajes que no os pod\u00e9is perder, consultad los\u00a0\u00a0<strong><a href=\"http:\/\/www.pirinexus.cat\/index.php?id=1753&amp;idioma=ES#?id=1668&amp;no_index=trueundefined#content\" target=\"_blank\" rel=\"noopener noreferrer\">Principales Atractivos<\/a>.\u00a0<\/strong>As\u00ed pues, seg\u00fan el ritmo diario escogido, podemos destinar entre 6 y 10 d\u00edas a completar la ruta.<\/p>\n","protected":false},"excerpt":{"rendered":"<p>Es importante conocer la diferencia entre V\u00edas Verdes y buena parte de la ruta Pirinexus: Se entiende por v\u00edas verdes: \u201cV\u00edas de comunicaci\u00f3n aut\u00f3nomas reservadas para los desplazamientos no motorizados, realizados en un marco de desarrollo integrado que, valorando el medio ambiente y la calidad de vida y respetando condiciones suficientes de anchura, pendiente y [&hellip;]<\/p>\n","protected":false},"author":2,"featured_media":18188,"parent":0,"menu_order":0,"comment_status":"closed","ping_status":"closed","template":"","meta":{"_acf_changed":false,"footnotes":""},"acf":[],"yoast_head":"<!-- This site is optimized with the Yoast SEO plugin v22.2 - https:\/\/yoast.com\/wordpress\/plugins\/seo\/ -->\n<title>Caracter\u00edsticas V\u00edas Verdes \/ Pirinexus - Ecovies de Girona<\/title>\n<meta name=\"robots\" content=\"index, follow, max-snippet:-1, max-image-preview:large, max-video-preview:-1\" \/>\n<link rel=\"canonical\" href=\"https:\/\/www.viesverdes.cat\/es\/caracteristiques-vies-verdes-pirinexus\/\" \/>\n<meta property=\"og:locale\" content=\"es_ES\" \/>\n<meta property=\"og:type\" content=\"article\" \/>\n<meta property=\"og:title\" content=\"Caracter\u00edsticas V\u00edas Verdes \/ Pirinexus - Ecovies de Girona\" \/>\n<meta property=\"og:description\" content=\"Es importante conocer la diferencia entre V\u00edas Verdes y buena parte de la ruta Pirinexus: Se entiende por v\u00edas verdes: \u201cV\u00edas de comunicaci\u00f3n aut\u00f3nomas reservadas para los desplazamientos no motorizados, realizados en un marco de desarrollo integrado que, valorando el medio ambiente y la calidad de vida y respetando condiciones suficientes de anchura, pendiente y [&hellip;]\" \/>\n<meta property=\"og:url\" content=\"https:\/\/www.viesverdes.cat\/es\/caracteristiques-vies-verdes-pirinexus\/\" \/>\n<meta property=\"og:site_name\" content=\"Ecovies de Girona\" \/>\n<meta property=\"article:publisher\" content=\"https:\/\/www.facebook.com\/viesverdesgirona\" \/>\n<meta property=\"article:modified_time\" content=\"2022-05-24T11:16:13+00:00\" \/>\n<meta property=\"og:image\" content=\"https:\/\/www.viesverdes.cat\/wp-content\/uploads\/2018\/05\/IMG_5148.jpg\" \/>\n\t<meta property=\"og:image:width\" content=\"1048\" \/>\n\t<meta property=\"og:image:height\" content=\"699\" \/>\n\t<meta property=\"og:image:type\" content=\"image\/jpeg\" \/>\n<meta name=\"twitter:card\" content=\"summary_large_image\" \/>\n<meta name=\"twitter:site\" content=\"@viesverdesgi\" \/>\n<meta name=\"twitter:label1\" content=\"Tiempo de lectura\" \/>\n\t<meta name=\"twitter:data1\" content=\"3 minutos\" \/>\n<script type=\"application\/ld+json\" class=\"yoast-schema-graph\">{\"@context\":\"https:\/\/schema.org\",\"@graph\":[{\"@type\":\"WebPage\",\"@id\":\"https:\/\/www.viesverdes.cat\/es\/caracteristiques-vies-verdes-pirinexus\/\",\"url\":\"https:\/\/www.viesverdes.cat\/es\/caracteristiques-vies-verdes-pirinexus\/\",\"name\":\"Caracter\u00edsticas V\u00edas Verdes \/ Pirinexus - Ecovies de Girona\",\"isPartOf\":{\"@id\":\"https:\/\/www.viesverdes.cat\/#website\"},\"primaryImageOfPage\":{\"@id\":\"https:\/\/www.viesverdes.cat\/es\/caracteristiques-vies-verdes-pirinexus\/#primaryimage\"},\"image\":{\"@id\":\"https:\/\/www.viesverdes.cat\/es\/caracteristiques-vies-verdes-pirinexus\/#primaryimage\"},\"thumbnailUrl\":\"https:\/\/www.viesverdes.cat\/wp-content\/uploads\/2018\/05\/IMG_5148.jpg\",\"datePublished\":\"2018-06-20T08:21:33+00:00\",\"dateModified\":\"2022-05-24T11:16:13+00:00\",\"breadcrumb\":{\"@id\":\"https:\/\/www.viesverdes.cat\/es\/caracteristiques-vies-verdes-pirinexus\/#breadcrumb\"},\"inLanguage\":\"es\",\"potentialAction\":[{\"@type\":\"ReadAction\",\"target\":[\"https:\/\/www.viesverdes.cat\/es\/caracteristiques-vies-verdes-pirinexus\/\"]}]},{\"@type\":\"ImageObject\",\"inLanguage\":\"es\",\"@id\":\"https:\/\/www.viesverdes.cat\/es\/caracteristiques-vies-verdes-pirinexus\/#primaryimage\",\"url\":\"https:\/\/www.viesverdes.cat\/wp-content\/uploads\/2018\/05\/IMG_5148.jpg\",\"contentUrl\":\"https:\/\/www.viesverdes.cat\/wp-content\/uploads\/2018\/05\/IMG_5148.jpg\",\"width\":1048,\"height\":699},{\"@type\":\"BreadcrumbList\",\"@id\":\"https:\/\/www.viesverdes.cat\/es\/caracteristiques-vies-verdes-pirinexus\/#breadcrumb\",\"itemListElement\":[{\"@type\":\"ListItem\",\"position\":1,\"name\":\"Inici\",\"item\":\"https:\/\/www.viesverdes.cat\/\"},{\"@type\":\"ListItem\",\"position\":2,\"name\":\"Caracter\u00edsticas V\u00edas Verdes \/ Pirinexus\"}]},{\"@type\":\"WebSite\",\"@id\":\"https:\/\/www.viesverdes.cat\/#website\",\"url\":\"https:\/\/www.viesverdes.cat\/\",\"name\":\"Vies Verdes i Pirinexus\",\"description\":\"\",\"publisher\":{\"@id\":\"https:\/\/www.viesverdes.cat\/#organization\"},\"potentialAction\":[{\"@type\":\"SearchAction\",\"target\":{\"@type\":\"EntryPoint\",\"urlTemplate\":\"https:\/\/www.viesverdes.cat\/?s={search_term_string}\"},\"query-input\":\"required name=search_term_string\"}],\"inLanguage\":\"es\"},{\"@type\":\"Organization\",\"@id\":\"https:\/\/www.viesverdes.cat\/#organization\",\"name\":\"Consorci de les Vies Verdes de Girona\",\"url\":\"https:\/\/www.viesverdes.cat\/\",\"logo\":{\"@type\":\"ImageObject\",\"inLanguage\":\"es\",\"@id\":\"https:\/\/www.viesverdes.cat\/#\/schema\/logo\/image\/\",\"url\":\"https:\/\/www.viesverdes.cat\/wp-content\/uploads\/2023\/04\/Logo-Consorci-Vies-Verdes-color-1-e1682501524240.png\",\"contentUrl\":\"https:\/\/www.viesverdes.cat\/wp-content\/uploads\/2023\/04\/Logo-Consorci-Vies-Verdes-color-1-e1682501524240.png\",\"width\":350,\"height\":41,\"caption\":\"Consorci de les Vies Verdes de Girona\"},\"image\":{\"@id\":\"https:\/\/www.viesverdes.cat\/#\/schema\/logo\/image\/\"},\"sameAs\":[\"https:\/\/www.facebook.com\/viesverdesgirona\",\"https:\/\/twitter.com\/viesverdesgi\",\"https:\/\/www.youtube.com\/viesverdesgi\",\"https:\/\/www.instagram.com\/viesverdesgi\/\"]}]}<\/script>\n<!-- \/ Yoast SEO plugin. -->","yoast_head_json":{"title":"Caracter\u00edsticas V\u00edas Verdes \/ Pirinexus - Ecovies de Girona","robots":{"index":"index","follow":"follow","max-snippet":"max-snippet:-1","max-image-preview":"max-image-preview:large","max-video-preview":"max-video-preview:-1"},"canonical":"https:\/\/www.viesverdes.cat\/es\/caracteristiques-vies-verdes-pirinexus\/","og_locale":"es_ES","og_type":"article","og_title":"Caracter\u00edsticas V\u00edas Verdes \/ Pirinexus - Ecovies de Girona","og_description":"Es importante conocer la diferencia entre V\u00edas Verdes y buena parte de la ruta Pirinexus: Se entiende por v\u00edas verdes: \u201cV\u00edas de comunicaci\u00f3n aut\u00f3nomas reservadas para los desplazamientos no motorizados, realizados en un marco de desarrollo integrado que, valorando el medio ambiente y la calidad de vida y respetando condiciones suficientes de anchura, pendiente y [&hellip;]","og_url":"https:\/\/www.viesverdes.cat\/es\/caracteristiques-vies-verdes-pirinexus\/","og_site_name":"Ecovies de Girona","article_publisher":"https:\/\/www.facebook.com\/viesverdesgirona","article_modified_time":"2022-05-24T11:16:13+00:00","og_image":[{"width":1048,"height":699,"url":"https:\/\/www.viesverdes.cat\/wp-content\/uploads\/2018\/05\/IMG_5148.jpg","type":"image\/jpeg"}],"twitter_card":"summary_large_image","twitter_site":"@viesverdesgi","twitter_misc":{"Tiempo de lectura":"3 minutos"},"schema":{"@context":"https:\/\/schema.org","@graph":[{"@type":"WebPage","@id":"https:\/\/www.viesverdes.cat\/es\/caracteristiques-vies-verdes-pirinexus\/","url":"https:\/\/www.viesverdes.cat\/es\/caracteristiques-vies-verdes-pirinexus\/","name":"Caracter\u00edsticas V\u00edas Verdes \/ Pirinexus - Ecovies de Girona","isPartOf":{"@id":"https:\/\/www.viesverdes.cat\/#website"},"primaryImageOfPage":{"@id":"https:\/\/www.viesverdes.cat\/es\/caracteristiques-vies-verdes-pirinexus\/#primaryimage"},"image":{"@id":"https:\/\/www.viesverdes.cat\/es\/caracteristiques-vies-verdes-pirinexus\/#primaryimage"},"thumbnailUrl":"https:\/\/www.viesverdes.cat\/wp-content\/uploads\/2018\/05\/IMG_5148.jpg","datePublished":"2018-06-20T08:21:33+00:00","dateModified":"2022-05-24T11:16:13+00:00","breadcrumb":{"@id":"https:\/\/www.viesverdes.cat\/es\/caracteristiques-vies-verdes-pirinexus\/#breadcrumb"},"inLanguage":"es","potentialAction":[{"@type":"ReadAction","target":["https:\/\/www.viesverdes.cat\/es\/caracteristiques-vies-verdes-pirinexus\/"]}]},{"@type":"ImageObject","inLanguage":"es","@id":"https:\/\/www.viesverdes.cat\/es\/caracteristiques-vies-verdes-pirinexus\/#primaryimage","url":"https:\/\/www.viesverdes.cat\/wp-content\/uploads\/2018\/05\/IMG_5148.jpg","contentUrl":"https:\/\/www.viesverdes.cat\/wp-content\/uploads\/2018\/05\/IMG_5148.jpg","width":1048,"height":699},{"@type":"BreadcrumbList","@id":"https:\/\/www.viesverdes.cat\/es\/caracteristiques-vies-verdes-pirinexus\/#breadcrumb","itemListElement":[{"@type":"ListItem","position":1,"name":"Inici","item":"https:\/\/www.viesverdes.cat\/"},{"@type":"ListItem","position":2,"name":"Caracter\u00edsticas V\u00edas Verdes \/ Pirinexus"}]},{"@type":"WebSite","@id":"https:\/\/www.viesverdes.cat\/#website","url":"https:\/\/www.viesverdes.cat\/","name":"Vies Verdes i Pirinexus","description":"","publisher":{"@id":"https:\/\/www.viesverdes.cat\/#organization"},"potentialAction":[{"@type":"SearchAction","target":{"@type":"EntryPoint","urlTemplate":"https:\/\/www.viesverdes.cat\/?s={search_term_string}"},"query-input":"required name=search_term_string"}],"inLanguage":"es"},{"@type":"Organization","@id":"https:\/\/www.viesverdes.cat\/#organization","name":"Consorci de les Vies Verdes de Girona","url":"https:\/\/www.viesverdes.cat\/","logo":{"@type":"ImageObject","inLanguage":"es","@id":"https:\/\/www.viesverdes.cat\/#\/schema\/logo\/image\/","url":"https:\/\/www.viesverdes.cat\/wp-content\/uploads\/2023\/04\/Logo-Consorci-Vies-Verdes-color-1-e1682501524240.png","contentUrl":"https:\/\/www.viesverdes.cat\/wp-content\/uploads\/2023\/04\/Logo-Consorci-Vies-Verdes-color-1-e1682501524240.png","width":350,"height":41,"caption":"Consorci de les Vies Verdes de Girona"},"image":{"@id":"https:\/\/www.viesverdes.cat\/#\/schema\/logo\/image\/"},"sameAs":["https:\/\/www.facebook.com\/viesverdesgirona","https:\/\/twitter.com\/viesverdesgi","https:\/\/www.youtube.com\/viesverdesgi","https:\/\/www.instagram.com\/viesverdesgi\/"]}]}},"_links":{"self":[{"href":"https:\/\/www.viesverdes.cat\/es\/wp-json\/wp\/v2\/pages\/6006"}],"collection":[{"href":"https:\/\/www.viesverdes.cat\/es\/wp-json\/wp\/v2\/pages"}],"about":[{"href":"https:\/\/www.viesverdes.cat\/es\/wp-json\/wp\/v2\/types\/page"}],"author":[{"embeddable":true,"href":"https:\/\/www.viesverdes.cat\/es\/wp-json\/wp\/v2\/users\/2"}],"replies":[{"embeddable":true,"href":"https:\/\/www.viesverdes.cat\/es\/wp-json\/wp\/v2\/comments?post=6006"}],"version-history":[{"count":0,"href":"https:\/\/www.viesverdes.cat\/es\/wp-json\/wp\/v2\/pages\/6006\/revisions"}],"wp:featuredmedia":[{"embeddable":true,"href":"https:\/\/www.viesverdes.cat\/es\/wp-json\/wp\/v2\/media\/18188"}],"wp:attachment":[{"href":"https:\/\/www.viesverdes.cat\/es\/wp-json\/wp\/v2\/media?parent=6006"}],"curies":[{"name":"wp","href":"https:\/\/api.w.org\/{rel}","templated":true}]}}