{"id":883,"date":"2018-06-07T12:27:59","date_gmt":"2018-06-07T11:27:59","guid":{"rendered":"http:\/\/iglesies.cat\/viesverdes\/el-consorci\/"},"modified":"2020-03-02T08:45:44","modified_gmt":"2020-03-02T07:45:44","slug":"el-consorci","status":"publish","type":"page","link":"https:\/\/www.viesverdes.cat\/es\/el-consorci\/","title":{"rendered":"El Consorci"},"content":{"rendered":"<p><strong>El Consorcio de las V\u00edas Verdes de Girona es una entidad p\u00fablica de car\u00e1cter asociativo y de naturaleza institucional y local, creada en el 2003 e integrada por la Diputaci\u00f3n de Girona y los municipios y concejos comarcales se\u00f1alados en los estatutos. Gestiona las distintas rutas que componen las v\u00edas verdes de Girona. Su principales objetivos son el mantenimiento y mejora de infrastructura, la promoci\u00f3n de su uso y la ampliaci\u00f3n de la red. Desde la primavera del 2013, gestiona tambi\u00e9n la ruta Pirinexus, 353 km ciclables que unen Girona con el sur de Francia. <\/strong><\/p>\n<p>Se entiende por <strong>v\u00edas verdes<\/strong>: \u201cV\u00edas de comunicaci\u00f3n aut\u00f3nomas reservadas para los desplazamientos no motorizados, realizados en un marco de desarrollo integrado que, valorando el medio ambiente y la calidad de vida y respetando condiciones suficientes de anchura, pendiente y calidad del firme, garantizan una utilizaci\u00f3n en convivencia y seguridad a todos los usuarios, con cualquier capacidad f\u00edsica\u201d. En este sentido, la utilizaci\u00f3n de los caminos de servicio a canales y de las v\u00edas de ferrocarril abandonadas constituyen un elemento privilegiado para el desarrollo de las v\u00edas verdes.&#8221;<br \/>\n(Declaraci\u00f3n de Lille \u2013 12 de setiembre del 2000)<\/p>\n<p>El recorrido, de unos 160 kil\u00f3metros, se divide en varios tramos: la Ruta del Hierro y del Carb\u00f3n, que va de Ripoll a Ogassa cruzando Sant Joan de les Abadesses, y que tiene muy cerca el cam\u00ed ral de Campdev\u00e0nol; la Ruta del Carrilet I Olot-Girona que va de Olot a Girona por los pueblos de los valles de los r\u00edos Ter, Brugent y Fluvi\u00e0, la Ruta del Carrilet II Girona-Sant Feliu de Gu\u00edxols que desde Girona atraviesa por su margen oriental la depresi\u00f3n de La Selva hasta Llagostera y sigue por el valle del Riudaura, llegando al Mediterr\u00e1nea en Sant Feliu de Gu\u00edxols, y muy cerca del mar, la Ruta del Tren Petit, que une las poblaciones de Palam\u00f3s y Palafrugell. M\u00e1s recientes son la Ruta Termal, entre Cass\u00e0 de la Selva y Caldes de Malavella, y el primer tramo (Girona &#8211; Sarri\u00e0 de Ter) de la futura ruta del Tren Pinxo. Y las m\u00e1s nuevas son la ruta Fornells &#8211; Campllong y 2 peque\u00f1os tramos entre Sant Joan de les Abadesses y Llanars.<\/p>\n<p>La ruta <strong>Pirinexus<\/strong> propone 353 quil\u00f3metros de recorrido para los amantes de las bicicletas o el senderismo, combinando el ejercicio f\u00edsico al aire libre en entornos agradables con el valor a\u00f1adido de descubrir la regi\u00f3n que se visita. Pirinexus pasa por un total de 53 poblaciones y 8 comarcas distintas, y combina trazados de v\u00edas verdes con otras rutas ciclables como caminos rurales o carreteras con baja densidad de tr\u00e1fico.<\/p>\n<p>La anilla ciclotur\u00edstica es un camino que permite circular sin discontinuidad entre sus v\u00edas, conecta dos territorios con infraestructuras de movilidad sostenible, fomenta el respeto por el medio ambiente y promueve la actividad tur\u00edstica.<\/p>\n<ul class=\"llista-consorci\">\n<li><a href=\"#\">Saludo<\/a><\/li>\n<li><a href=\"#\">Or\u00edgenes<\/a><\/li>\n<li><a href=\"#\">Reconocimientos y premios<\/a><\/li>\n<li><a href=\"#\">Organizaci\u00f3n de la entidad<\/a><\/li>\n<li><a href=\"#\">Actualidad<\/a><\/li>\n<li><a href=\"#\">Las rutas<\/a><\/li>\n<li><a href=\"#\">Transparencia<\/a><\/li>\n<\/ul>\n","protected":false},"excerpt":{"rendered":"<p>El Consorcio de las V\u00edas Verdes de Girona es una entidad p\u00fablica de car\u00e1cter asociativo y de naturaleza institucional y local, creada en el 2003 e integrada por la Diputaci\u00f3n de Girona y los municipios y concejos comarcales se\u00f1alados en los estatutos. Gestiona las distintas rutas que componen las v\u00edas verdes de Girona. Su principales [&hellip;]<\/p>\n","protected":false},"author":1,"featured_media":0,"parent":0,"menu_order":0,"comment_status":"closed","ping_status":"closed","template":"page-consorci.php","meta":{"_acf_changed":false,"footnotes":""},"acf":[],"yoast_head":"<!-- This site is optimized with the Yoast SEO plugin v22.2 - https:\/\/yoast.com\/wordpress\/plugins\/seo\/ -->\n<title>El Consorci - Ecovies de Girona<\/title>\n<meta name=\"robots\" content=\"index, follow, max-snippet:-1, max-image-preview:large, max-video-preview:-1\" \/>\n<link rel=\"canonical\" href=\"https:\/\/www.viesverdes.cat\/es\/el-consorci\/\" \/>\n<meta property=\"og:locale\" content=\"es_ES\" \/>\n<meta property=\"og:type\" content=\"article\" \/>\n<meta property=\"og:title\" content=\"El Consorci - Ecovies de Girona\" \/>\n<meta property=\"og:description\" content=\"El Consorcio de las V\u00edas Verdes de Girona es una entidad p\u00fablica de car\u00e1cter asociativo y de naturaleza institucional y local, creada en el 2003 e integrada por la Diputaci\u00f3n de Girona y los municipios y concejos comarcales se\u00f1alados en los estatutos. Gestiona las distintas rutas que componen las v\u00edas verdes de Girona. Su principales [&hellip;]\" \/>\n<meta property=\"og:url\" content=\"https:\/\/www.viesverdes.cat\/es\/el-consorci\/\" \/>\n<meta property=\"og:site_name\" content=\"Ecovies de Girona\" \/>\n<meta property=\"article:publisher\" content=\"https:\/\/www.facebook.com\/viesverdesgirona\" \/>\n<meta property=\"article:modified_time\" content=\"2020-03-02T07:45:44+00:00\" \/>\n<meta name=\"twitter:card\" content=\"summary_large_image\" \/>\n<meta name=\"twitter:site\" content=\"@viesverdesgi\" \/>\n<meta name=\"twitter:label1\" content=\"Tiempo de lectura\" \/>\n\t<meta name=\"twitter:data1\" content=\"3 minutos\" \/>\n<script type=\"application\/ld+json\" class=\"yoast-schema-graph\">{\"@context\":\"https:\/\/schema.org\",\"@graph\":[{\"@type\":\"WebPage\",\"@id\":\"https:\/\/www.viesverdes.cat\/es\/el-consorci\/\",\"url\":\"https:\/\/www.viesverdes.cat\/es\/el-consorci\/\",\"name\":\"El Consorci - Ecovies de Girona\",\"isPartOf\":{\"@id\":\"https:\/\/www.viesverdes.cat\/#website\"},\"datePublished\":\"2018-06-07T11:27:59+00:00\",\"dateModified\":\"2020-03-02T07:45:44+00:00\",\"breadcrumb\":{\"@id\":\"https:\/\/www.viesverdes.cat\/es\/el-consorci\/#breadcrumb\"},\"inLanguage\":\"es\",\"potentialAction\":[{\"@type\":\"ReadAction\",\"target\":[\"https:\/\/www.viesverdes.cat\/es\/el-consorci\/\"]}]},{\"@type\":\"BreadcrumbList\",\"@id\":\"https:\/\/www.viesverdes.cat\/es\/el-consorci\/#breadcrumb\",\"itemListElement\":[{\"@type\":\"ListItem\",\"position\":1,\"name\":\"Inici\",\"item\":\"https:\/\/www.viesverdes.cat\/\"},{\"@type\":\"ListItem\",\"position\":2,\"name\":\"El Consorci\"}]},{\"@type\":\"WebSite\",\"@id\":\"https:\/\/www.viesverdes.cat\/#website\",\"url\":\"https:\/\/www.viesverdes.cat\/\",\"name\":\"Vies Verdes i Pirinexus\",\"description\":\"\",\"publisher\":{\"@id\":\"https:\/\/www.viesverdes.cat\/#organization\"},\"potentialAction\":[{\"@type\":\"SearchAction\",\"target\":{\"@type\":\"EntryPoint\",\"urlTemplate\":\"https:\/\/www.viesverdes.cat\/?s={search_term_string}\"},\"query-input\":\"required name=search_term_string\"}],\"inLanguage\":\"es\"},{\"@type\":\"Organization\",\"@id\":\"https:\/\/www.viesverdes.cat\/#organization\",\"name\":\"Consorci de les Vies Verdes de Girona\",\"url\":\"https:\/\/www.viesverdes.cat\/\",\"logo\":{\"@type\":\"ImageObject\",\"inLanguage\":\"es\",\"@id\":\"https:\/\/www.viesverdes.cat\/#\/schema\/logo\/image\/\",\"url\":\"https:\/\/www.viesverdes.cat\/wp-content\/uploads\/2023\/04\/Logo-Consorci-Vies-Verdes-color-1-e1682501524240.png\",\"contentUrl\":\"https:\/\/www.viesverdes.cat\/wp-content\/uploads\/2023\/04\/Logo-Consorci-Vies-Verdes-color-1-e1682501524240.png\",\"width\":350,\"height\":41,\"caption\":\"Consorci de les Vies Verdes de Girona\"},\"image\":{\"@id\":\"https:\/\/www.viesverdes.cat\/#\/schema\/logo\/image\/\"},\"sameAs\":[\"https:\/\/www.facebook.com\/viesverdesgirona\",\"https:\/\/twitter.com\/viesverdesgi\",\"https:\/\/www.youtube.com\/viesverdesgi\",\"https:\/\/www.instagram.com\/viesverdesgi\/\"]}]}<\/script>\n<!-- \/ Yoast SEO plugin. -->","yoast_head_json":{"title":"El Consorci - Ecovies de Girona","robots":{"index":"index","follow":"follow","max-snippet":"max-snippet:-1","max-image-preview":"max-image-preview:large","max-video-preview":"max-video-preview:-1"},"canonical":"https:\/\/www.viesverdes.cat\/es\/el-consorci\/","og_locale":"es_ES","og_type":"article","og_title":"El Consorci - Ecovies de Girona","og_description":"El Consorcio de las V\u00edas Verdes de Girona es una entidad p\u00fablica de car\u00e1cter asociativo y de naturaleza institucional y local, creada en el 2003 e integrada por la Diputaci\u00f3n de Girona y los municipios y concejos comarcales se\u00f1alados en los estatutos. Gestiona las distintas rutas que componen las v\u00edas verdes de Girona. Su principales [&hellip;]","og_url":"https:\/\/www.viesverdes.cat\/es\/el-consorci\/","og_site_name":"Ecovies de Girona","article_publisher":"https:\/\/www.facebook.com\/viesverdesgirona","article_modified_time":"2020-03-02T07:45:44+00:00","twitter_card":"summary_large_image","twitter_site":"@viesverdesgi","twitter_misc":{"Tiempo de lectura":"3 minutos"},"schema":{"@context":"https:\/\/schema.org","@graph":[{"@type":"WebPage","@id":"https:\/\/www.viesverdes.cat\/es\/el-consorci\/","url":"https:\/\/www.viesverdes.cat\/es\/el-consorci\/","name":"El Consorci - Ecovies de Girona","isPartOf":{"@id":"https:\/\/www.viesverdes.cat\/#website"},"datePublished":"2018-06-07T11:27:59+00:00","dateModified":"2020-03-02T07:45:44+00:00","breadcrumb":{"@id":"https:\/\/www.viesverdes.cat\/es\/el-consorci\/#breadcrumb"},"inLanguage":"es","potentialAction":[{"@type":"ReadAction","target":["https:\/\/www.viesverdes.cat\/es\/el-consorci\/"]}]},{"@type":"BreadcrumbList","@id":"https:\/\/www.viesverdes.cat\/es\/el-consorci\/#breadcrumb","itemListElement":[{"@type":"ListItem","position":1,"name":"Inici","item":"https:\/\/www.viesverdes.cat\/"},{"@type":"ListItem","position":2,"name":"El Consorci"}]},{"@type":"WebSite","@id":"https:\/\/www.viesverdes.cat\/#website","url":"https:\/\/www.viesverdes.cat\/","name":"Vies Verdes i Pirinexus","description":"","publisher":{"@id":"https:\/\/www.viesverdes.cat\/#organization"},"potentialAction":[{"@type":"SearchAction","target":{"@type":"EntryPoint","urlTemplate":"https:\/\/www.viesverdes.cat\/?s={search_term_string}"},"query-input":"required name=search_term_string"}],"inLanguage":"es"},{"@type":"Organization","@id":"https:\/\/www.viesverdes.cat\/#organization","name":"Consorci de les Vies Verdes de Girona","url":"https:\/\/www.viesverdes.cat\/","logo":{"@type":"ImageObject","inLanguage":"es","@id":"https:\/\/www.viesverdes.cat\/#\/schema\/logo\/image\/","url":"https:\/\/www.viesverdes.cat\/wp-content\/uploads\/2023\/04\/Logo-Consorci-Vies-Verdes-color-1-e1682501524240.png","contentUrl":"https:\/\/www.viesverdes.cat\/wp-content\/uploads\/2023\/04\/Logo-Consorci-Vies-Verdes-color-1-e1682501524240.png","width":350,"height":41,"caption":"Consorci de les Vies Verdes de Girona"},"image":{"@id":"https:\/\/www.viesverdes.cat\/#\/schema\/logo\/image\/"},"sameAs":["https:\/\/www.facebook.com\/viesverdesgirona","https:\/\/twitter.com\/viesverdesgi","https:\/\/www.youtube.com\/viesverdesgi","https:\/\/www.instagram.com\/viesverdesgi\/"]}]}},"_links":{"self":[{"href":"https:\/\/www.viesverdes.cat\/es\/wp-json\/wp\/v2\/pages\/883"}],"collection":[{"href":"https:\/\/www.viesverdes.cat\/es\/wp-json\/wp\/v2\/pages"}],"about":[{"href":"https:\/\/www.viesverdes.cat\/es\/wp-json\/wp\/v2\/types\/page"}],"author":[{"embeddable":true,"href":"https:\/\/www.viesverdes.cat\/es\/wp-json\/wp\/v2\/users\/1"}],"replies":[{"embeddable":true,"href":"https:\/\/www.viesverdes.cat\/es\/wp-json\/wp\/v2\/comments?post=883"}],"version-history":[{"count":0,"href":"https:\/\/www.viesverdes.cat\/es\/wp-json\/wp\/v2\/pages\/883\/revisions"}],"wp:attachment":[{"href":"https:\/\/www.viesverdes.cat\/es\/wp-json\/wp\/v2\/media?parent=883"}],"curies":[{"name":"wp","href":"https:\/\/api.w.org\/{rel}","templated":true}]}}