{"id":889,"date":"2018-06-12T11:27:49","date_gmt":"2018-06-12T10:27:49","guid":{"rendered":"http:\/\/iglesies.cat\/viesverdes\/salutacio\/"},"modified":"2024-03-12T13:31:08","modified_gmt":"2024-03-12T12:31:08","slug":"salutacio","status":"publish","type":"page","link":"https:\/\/www.viesverdes.cat\/es\/el-consorci\/salutacio\/","title":{"rendered":"Saludo"},"content":{"rendered":"<p>Para conocer un territorio es importante saborearlo poco a poco, y eso nos lo permite el ritmo que marca un paseo a pie o en bicicleta. Cada viaje es \u00fanico. Cada descubrimiento es un aprendizaje, una vivencia, un c\u00famulo de experiencias. Os invitamos a viajar con nosotros por el Pre-pirineo, utilizando las <strong>v\u00edas verdes de Girona<\/strong> y descubriendo los municipios de su entorno, y el car\u00e1cter y la historia de sus pueblos.<\/p>\n<p>Las V\u00edas Verdes son unas v\u00edas de comunicaci\u00f3n destinadas exclusivamente a la circulaci\u00f3n a pie y en bicicleta, exceptuando algunos tramos urbanos y zonas compartidas. Son lugares agradables, apartados del tr\u00e1fico, seguros y accesibles, aptos para personas de cualquier edad y condici\u00f3n f\u00edsica, incluso para personas con movilidad reducida.<\/p>\n<p>El Consorci de les Vies Verdes de Girona, organismo de la Diputaci\u00f3n de Girona, gestiona estos trazados desde el a\u00f1o 2003, con la colaboraci\u00f3n de todos los ayuntamientos de la ruta y la implicaci\u00f3n de las administraciones auton\u00f3micas y estatal.<\/p>\n<p>Avanzando en nuestro af\u00e1n por promocionar las v\u00edas verdes de Girona, os ofrecemos esta web, donde podr\u00e9is planificar vuestra ruta a medida, tanto si busc\u00e1is una salida de medio d\u00eda como si son unas vacaciones completas. El ritmo lo marc\u00e1is vosotros, la satisfacci\u00f3n est\u00e1 garantizada.<\/p>\n<p>Adem\u00e1s, durante 3 a\u00f1os trabajamos codo a codo con nuestros socios franceses del <a href=\"http:\/\/www.ledepartement66.fr\/\" target=\"_blank\" rel=\"noopener\"><em>Conseil G\u00e9n\u00e9ral des Pyr\u00e9n\u00e9es Orientales<\/em><\/a> i <a href=\"https:\/\/www.payspyreneesmediterranee.org\/\" target=\"_blank\" rel=\"noopener\"><em>Pays Pyr\u00e9n\u00e9es M\u00e9diterran\u00e9e<\/em><\/a> para crear la primera gran ruta ciclotur\u00edstica catalana que enlaza la Catalunya Nord con las comarcas de Girona. La <strong>ruta Pirinexus<\/strong>, un gran c\u00edrculo de m\u00e1s de 350 kil\u00f3metros que conecta los Pirineos con la Costa Brava y permite visitar nuestro peque\u00f1o para\u00edso, ya sea en bicicleta o a pie.<\/p>\n<p>Para gozar de nuestro territorio, las variantes que se pueden hacer en base a esta ruta son infinitas. Os proponemos que visit\u00e9is Pirinexus en diferentes momentos del a\u00f1o, en los que os ofreceremos cultura, historia, naturaleza, aventura y deportes, festivales musicales y teatro, el mejor golf del Mediterr\u00e1neo, belleza y salud, enoturismo, gastronom\u00eda y muchas cosas m\u00e1s.<\/p>\n","protected":false},"excerpt":{"rendered":"<p>Para conocer un territorio es importante saborearlo poco a poco, y eso nos lo permite el ritmo que marca un paseo a pie o en bicicleta. Cada viaje es \u00fanico. Cada descubrimiento es un aprendizaje, una vivencia, un c\u00famulo de experiencias. Os invitamos a viajar con nosotros por el Pre-pirineo, utilizando las v\u00edas verdes de [&hellip;]<\/p>\n","protected":false},"author":1,"featured_media":0,"parent":883,"menu_order":0,"comment_status":"closed","ping_status":"closed","template":"page-salutacio.php","meta":{"_acf_changed":false,"footnotes":""},"acf":[],"yoast_head":"<!-- This site is optimized with the Yoast SEO plugin v22.2 - https:\/\/yoast.com\/wordpress\/plugins\/seo\/ -->\n<title>Saludo - Ecovies de Girona<\/title>\n<meta name=\"robots\" content=\"index, follow, max-snippet:-1, max-image-preview:large, max-video-preview:-1\" \/>\n<link rel=\"canonical\" href=\"https:\/\/www.viesverdes.cat\/es\/el-consorci\/salutacio\/\" \/>\n<meta property=\"og:locale\" content=\"es_ES\" \/>\n<meta property=\"og:type\" content=\"article\" \/>\n<meta property=\"og:title\" content=\"Saludo - Ecovies de Girona\" \/>\n<meta property=\"og:description\" content=\"Para conocer un territorio es importante saborearlo poco a poco, y eso nos lo permite el ritmo que marca un paseo a pie o en bicicleta. Cada viaje es \u00fanico. Cada descubrimiento es un aprendizaje, una vivencia, un c\u00famulo de experiencias. Os invitamos a viajar con nosotros por el Pre-pirineo, utilizando las v\u00edas verdes de [&hellip;]\" \/>\n<meta property=\"og:url\" content=\"https:\/\/www.viesverdes.cat\/es\/el-consorci\/salutacio\/\" \/>\n<meta property=\"og:site_name\" content=\"Ecovies de Girona\" \/>\n<meta property=\"article:publisher\" content=\"https:\/\/www.facebook.com\/viesverdesgirona\" \/>\n<meta property=\"article:modified_time\" content=\"2024-03-12T12:31:08+00:00\" \/>\n<meta name=\"twitter:card\" content=\"summary_large_image\" \/>\n<meta name=\"twitter:site\" content=\"@viesverdesgi\" \/>\n<meta name=\"twitter:label1\" content=\"Tiempo de lectura\" \/>\n\t<meta name=\"twitter:data1\" content=\"2 minutos\" \/>\n<script type=\"application\/ld+json\" class=\"yoast-schema-graph\">{\"@context\":\"https:\/\/schema.org\",\"@graph\":[{\"@type\":\"WebPage\",\"@id\":\"https:\/\/www.viesverdes.cat\/es\/el-consorci\/salutacio\/\",\"url\":\"https:\/\/www.viesverdes.cat\/es\/el-consorci\/salutacio\/\",\"name\":\"Saludo - Ecovies de Girona\",\"isPartOf\":{\"@id\":\"https:\/\/www.viesverdes.cat\/#website\"},\"datePublished\":\"2018-06-12T10:27:49+00:00\",\"dateModified\":\"2024-03-12T12:31:08+00:00\",\"breadcrumb\":{\"@id\":\"https:\/\/www.viesverdes.cat\/es\/el-consorci\/salutacio\/#breadcrumb\"},\"inLanguage\":\"es\",\"potentialAction\":[{\"@type\":\"ReadAction\",\"target\":[\"https:\/\/www.viesverdes.cat\/es\/el-consorci\/salutacio\/\"]}]},{\"@type\":\"BreadcrumbList\",\"@id\":\"https:\/\/www.viesverdes.cat\/es\/el-consorci\/salutacio\/#breadcrumb\",\"itemListElement\":[{\"@type\":\"ListItem\",\"position\":1,\"name\":\"Inici\",\"item\":\"https:\/\/www.viesverdes.cat\/\"},{\"@type\":\"ListItem\",\"position\":2,\"name\":\"El Consorci\",\"item\":\"https:\/\/www.viesverdes.cat\/es\/el-consorci\/\"},{\"@type\":\"ListItem\",\"position\":3,\"name\":\"Saludo\"}]},{\"@type\":\"WebSite\",\"@id\":\"https:\/\/www.viesverdes.cat\/#website\",\"url\":\"https:\/\/www.viesverdes.cat\/\",\"name\":\"Vies Verdes i Pirinexus\",\"description\":\"\",\"publisher\":{\"@id\":\"https:\/\/www.viesverdes.cat\/#organization\"},\"potentialAction\":[{\"@type\":\"SearchAction\",\"target\":{\"@type\":\"EntryPoint\",\"urlTemplate\":\"https:\/\/www.viesverdes.cat\/?s={search_term_string}\"},\"query-input\":\"required name=search_term_string\"}],\"inLanguage\":\"es\"},{\"@type\":\"Organization\",\"@id\":\"https:\/\/www.viesverdes.cat\/#organization\",\"name\":\"Consorci de les Vies Verdes de Girona\",\"url\":\"https:\/\/www.viesverdes.cat\/\",\"logo\":{\"@type\":\"ImageObject\",\"inLanguage\":\"es\",\"@id\":\"https:\/\/www.viesverdes.cat\/#\/schema\/logo\/image\/\",\"url\":\"https:\/\/www.viesverdes.cat\/wp-content\/uploads\/2023\/04\/Logo-Consorci-Vies-Verdes-color-1-e1682501524240.png\",\"contentUrl\":\"https:\/\/www.viesverdes.cat\/wp-content\/uploads\/2023\/04\/Logo-Consorci-Vies-Verdes-color-1-e1682501524240.png\",\"width\":350,\"height\":41,\"caption\":\"Consorci de les Vies Verdes de Girona\"},\"image\":{\"@id\":\"https:\/\/www.viesverdes.cat\/#\/schema\/logo\/image\/\"},\"sameAs\":[\"https:\/\/www.facebook.com\/viesverdesgirona\",\"https:\/\/twitter.com\/viesverdesgi\",\"https:\/\/www.youtube.com\/viesverdesgi\",\"https:\/\/www.instagram.com\/viesverdesgi\/\"]}]}<\/script>\n<!-- \/ Yoast SEO plugin. -->","yoast_head_json":{"title":"Saludo - Ecovies de Girona","robots":{"index":"index","follow":"follow","max-snippet":"max-snippet:-1","max-image-preview":"max-image-preview:large","max-video-preview":"max-video-preview:-1"},"canonical":"https:\/\/www.viesverdes.cat\/es\/el-consorci\/salutacio\/","og_locale":"es_ES","og_type":"article","og_title":"Saludo - Ecovies de Girona","og_description":"Para conocer un territorio es importante saborearlo poco a poco, y eso nos lo permite el ritmo que marca un paseo a pie o en bicicleta. Cada viaje es \u00fanico. Cada descubrimiento es un aprendizaje, una vivencia, un c\u00famulo de experiencias. Os invitamos a viajar con nosotros por el Pre-pirineo, utilizando las v\u00edas verdes de [&hellip;]","og_url":"https:\/\/www.viesverdes.cat\/es\/el-consorci\/salutacio\/","og_site_name":"Ecovies de Girona","article_publisher":"https:\/\/www.facebook.com\/viesverdesgirona","article_modified_time":"2024-03-12T12:31:08+00:00","twitter_card":"summary_large_image","twitter_site":"@viesverdesgi","twitter_misc":{"Tiempo de lectura":"2 minutos"},"schema":{"@context":"https:\/\/schema.org","@graph":[{"@type":"WebPage","@id":"https:\/\/www.viesverdes.cat\/es\/el-consorci\/salutacio\/","url":"https:\/\/www.viesverdes.cat\/es\/el-consorci\/salutacio\/","name":"Saludo - Ecovies de Girona","isPartOf":{"@id":"https:\/\/www.viesverdes.cat\/#website"},"datePublished":"2018-06-12T10:27:49+00:00","dateModified":"2024-03-12T12:31:08+00:00","breadcrumb":{"@id":"https:\/\/www.viesverdes.cat\/es\/el-consorci\/salutacio\/#breadcrumb"},"inLanguage":"es","potentialAction":[{"@type":"ReadAction","target":["https:\/\/www.viesverdes.cat\/es\/el-consorci\/salutacio\/"]}]},{"@type":"BreadcrumbList","@id":"https:\/\/www.viesverdes.cat\/es\/el-consorci\/salutacio\/#breadcrumb","itemListElement":[{"@type":"ListItem","position":1,"name":"Inici","item":"https:\/\/www.viesverdes.cat\/"},{"@type":"ListItem","position":2,"name":"El Consorci","item":"https:\/\/www.viesverdes.cat\/es\/el-consorci\/"},{"@type":"ListItem","position":3,"name":"Saludo"}]},{"@type":"WebSite","@id":"https:\/\/www.viesverdes.cat\/#website","url":"https:\/\/www.viesverdes.cat\/","name":"Vies Verdes i Pirinexus","description":"","publisher":{"@id":"https:\/\/www.viesverdes.cat\/#organization"},"potentialAction":[{"@type":"SearchAction","target":{"@type":"EntryPoint","urlTemplate":"https:\/\/www.viesverdes.cat\/?s={search_term_string}"},"query-input":"required name=search_term_string"}],"inLanguage":"es"},{"@type":"Organization","@id":"https:\/\/www.viesverdes.cat\/#organization","name":"Consorci de les Vies Verdes de Girona","url":"https:\/\/www.viesverdes.cat\/","logo":{"@type":"ImageObject","inLanguage":"es","@id":"https:\/\/www.viesverdes.cat\/#\/schema\/logo\/image\/","url":"https:\/\/www.viesverdes.cat\/wp-content\/uploads\/2023\/04\/Logo-Consorci-Vies-Verdes-color-1-e1682501524240.png","contentUrl":"https:\/\/www.viesverdes.cat\/wp-content\/uploads\/2023\/04\/Logo-Consorci-Vies-Verdes-color-1-e1682501524240.png","width":350,"height":41,"caption":"Consorci de les Vies Verdes de Girona"},"image":{"@id":"https:\/\/www.viesverdes.cat\/#\/schema\/logo\/image\/"},"sameAs":["https:\/\/www.facebook.com\/viesverdesgirona","https:\/\/twitter.com\/viesverdesgi","https:\/\/www.youtube.com\/viesverdesgi","https:\/\/www.instagram.com\/viesverdesgi\/"]}]}},"_links":{"self":[{"href":"https:\/\/www.viesverdes.cat\/es\/wp-json\/wp\/v2\/pages\/889"}],"collection":[{"href":"https:\/\/www.viesverdes.cat\/es\/wp-json\/wp\/v2\/pages"}],"about":[{"href":"https:\/\/www.viesverdes.cat\/es\/wp-json\/wp\/v2\/types\/page"}],"author":[{"embeddable":true,"href":"https:\/\/www.viesverdes.cat\/es\/wp-json\/wp\/v2\/users\/1"}],"replies":[{"embeddable":true,"href":"https:\/\/www.viesverdes.cat\/es\/wp-json\/wp\/v2\/comments?post=889"}],"version-history":[{"count":1,"href":"https:\/\/www.viesverdes.cat\/es\/wp-json\/wp\/v2\/pages\/889\/revisions"}],"predecessor-version":[{"id":24766,"href":"https:\/\/www.viesverdes.cat\/es\/wp-json\/wp\/v2\/pages\/889\/revisions\/24766"}],"up":[{"embeddable":true,"href":"https:\/\/www.viesverdes.cat\/es\/wp-json\/wp\/v2\/pages\/883"}],"wp:attachment":[{"href":"https:\/\/www.viesverdes.cat\/es\/wp-json\/wp\/v2\/media?parent=889"}],"curies":[{"name":"wp","href":"https:\/\/api.w.org\/{rel}","templated":true}]}}