{"id":918,"date":"2018-06-12T15:09:04","date_gmt":"2018-06-12T14:09:04","guid":{"rendered":"http:\/\/iglesies.cat\/viesverdes\/reconeixements-i-premis\/"},"modified":"2019-09-17T14:18:51","modified_gmt":"2019-09-17T12:18:51","slug":"reconeixements-i-premis","status":"publish","type":"page","link":"https:\/\/www.viesverdes.cat\/es\/reconeixements-i-premis\/","title":{"rendered":"Reconocimientos y Premios"},"content":{"rendered":"<p>Las v\u00edas verdes de Girona han sido galardonadas en varias ocasiones desde su creaci\u00f3n, consiguiendo convertirse en un referente europeo en promoci\u00f3n del senderismo y el cicloturismo.<\/p>\n<table class=\"table table-consorci\">\n<tbody>\n<tr>\n<td><strong>2003<\/strong><\/td>\n<td>2\u00ba Premio de las V\u00edas Verdes Europeas<\/td>\n<\/tr>\n<tr>\n<td><strong>2007<\/strong><\/td>\n<td>Menci\u00f3n Especial en la categor\u00eda &#8220;Desarrollo y Turismo&#8221;<\/td>\n<\/tr>\n<tr>\n<td><strong>2011<\/strong><\/td>\n<td>1er Premio categor\u00eda \u00abIniciativas Ejemplares\u00bb por el proyecto \u201cDescobrint els secrets de les vies verdes\u201d<\/td>\n<\/tr>\n<\/tbody>\n<\/table>\n<p>Todos \u00e9stos, concedidos por la <a href=\"http:\/\/www.aevv-egwa.org\/es\" target=\"_blank\" rel=\"noopener\">Asociaci\u00f3n Europea de V\u00edas Verdes<\/a> (EGWA)<\/p>\n<p><strong>2014<\/strong><\/p>\n<p>La <strong>ruta Pirinexus<\/strong> se erigi\u00f3 finalista como &#8220;Mejor Ruta Europea de Cicloturismo&#8221; en el 2014, galard\u00f3n concedido por la prestigiosa feria de senderismo y cicloturismo holandesa <a href=\"http:\/\/fietsenwandelbeurs.nl\/index.php\/nl\/\" target=\"_blank\" rel=\"noopener\">Fiets en Wandelbeurs<\/a>.<\/p>\n<p><a href=\"http:\/\/www.viesverdes.cat\/wp-content\/uploads\/2018\/06\/segell_angl\u00e8s-Best-Cycleroute-copia.jpg\"><img loading=\"lazy\" decoding=\"async\" class=\"alignnone wp-image-11665\" src=\"http:\/\/www.viesverdes.cat\/wp-content\/uploads\/2018\/06\/segell_angl\u00e8s-Best-Cycleroute-copia-189x300.jpg\" alt=\"\" width=\"98\" height=\"156\" srcset=\"https:\/\/www.viesverdes.cat\/wp-content\/uploads\/2018\/06\/segell_angl\u00e8s-Best-Cycleroute-copia-189x300.jpg 189w, https:\/\/www.viesverdes.cat\/wp-content\/uploads\/2018\/06\/segell_angl\u00e8s-Best-Cycleroute-copia-644x1024.jpg 644w, https:\/\/www.viesverdes.cat\/wp-content\/uploads\/2018\/06\/segell_angl\u00e8s-Best-Cycleroute-copia.jpg 716w\" sizes=\"(max-width: 98px) 100vw, 98px\" \/><\/a><\/p>\n<p><strong>2018<\/strong><\/p>\n<ul>\n<li>Finalistas en los premios\u00a0<strong>Guardons de Turisme de Catalunya<\/strong>, categor\u00eda <strong>Turismo Responsable<\/strong>, con el projecte de rutes accesibles para personas ciegas o con dificultades visuales, de Girona al parque tecnol\u00f3gico.<\/li>\n<li>Finalistas\u00a0 en los <strong>premis e-Tech<\/strong>, por parte d&#8217;Iglesies Associats,\u00a0 por la nueva web accesible www.viesverdes.cat, categor\u00eda &#8220;<b>Tecnolog\u00eda\u00a0aplicada a las empresas<\/b>&#8220;.<\/li>\n<\/ul>\n<p><strong>2019<\/strong><\/p>\n<ul>\n<li><strong>2\u00ba Premio Europeo de las V\u00edas Verdes<\/strong>, en la categor\u00eda de iniciativas ejemplares, por el proyecto de accesibilidad visual.<\/li>\n<\/ul>\n","protected":false},"excerpt":{"rendered":"<p>Las v\u00edas verdes de Girona han sido galardonadas en varias ocasiones desde su creaci\u00f3n, consiguiendo convertirse en un referente europeo en promoci\u00f3n del senderismo y el cicloturismo. 2003 2\u00ba Premio de las V\u00edas Verdes Europeas 2007 Menci\u00f3n Especial en la categor\u00eda &#8220;Desarrollo y Turismo&#8221; 2011 1er Premio categor\u00eda \u00abIniciativas Ejemplares\u00bb por el proyecto \u201cDescobrint els [&hellip;]<\/p>\n","protected":false},"author":1,"featured_media":0,"parent":0,"menu_order":0,"comment_status":"closed","ping_status":"closed","template":"page-consorci.php","meta":{"_acf_changed":false,"footnotes":""},"acf":[],"yoast_head":"<!-- This site is optimized with the Yoast SEO plugin v22.2 - https:\/\/yoast.com\/wordpress\/plugins\/seo\/ -->\n<title>Reconocimientos y Premios - Ecovies de Girona<\/title>\n<meta name=\"robots\" content=\"index, follow, max-snippet:-1, max-image-preview:large, max-video-preview:-1\" \/>\n<link rel=\"canonical\" href=\"https:\/\/www.viesverdes.cat\/es\/reconeixements-i-premis\/\" \/>\n<meta property=\"og:locale\" content=\"es_ES\" \/>\n<meta property=\"og:type\" content=\"article\" \/>\n<meta property=\"og:title\" content=\"Reconocimientos y Premios - Ecovies de Girona\" \/>\n<meta property=\"og:description\" content=\"Las v\u00edas verdes de Girona han sido galardonadas en varias ocasiones desde su creaci\u00f3n, consiguiendo convertirse en un referente europeo en promoci\u00f3n del senderismo y el cicloturismo. 2003 2\u00ba Premio de las V\u00edas Verdes Europeas 2007 Menci\u00f3n Especial en la categor\u00eda &#8220;Desarrollo y Turismo&#8221; 2011 1er Premio categor\u00eda \u00abIniciativas Ejemplares\u00bb por el proyecto \u201cDescobrint els [&hellip;]\" \/>\n<meta property=\"og:url\" content=\"https:\/\/www.viesverdes.cat\/es\/reconeixements-i-premis\/\" \/>\n<meta property=\"og:site_name\" content=\"Ecovies de Girona\" \/>\n<meta property=\"article:publisher\" content=\"https:\/\/www.facebook.com\/viesverdesgirona\" \/>\n<meta property=\"article:modified_time\" content=\"2019-09-17T12:18:51+00:00\" \/>\n<meta name=\"twitter:card\" content=\"summary_large_image\" \/>\n<meta name=\"twitter:site\" content=\"@viesverdesgi\" \/>\n<meta name=\"twitter:label1\" content=\"Tiempo de lectura\" \/>\n\t<meta name=\"twitter:data1\" content=\"1 minuto\" \/>\n<script type=\"application\/ld+json\" class=\"yoast-schema-graph\">{\"@context\":\"https:\/\/schema.org\",\"@graph\":[{\"@type\":\"WebPage\",\"@id\":\"https:\/\/www.viesverdes.cat\/es\/reconeixements-i-premis\/\",\"url\":\"https:\/\/www.viesverdes.cat\/es\/reconeixements-i-premis\/\",\"name\":\"Reconocimientos y Premios - Ecovies de Girona\",\"isPartOf\":{\"@id\":\"https:\/\/www.viesverdes.cat\/#website\"},\"datePublished\":\"2018-06-12T14:09:04+00:00\",\"dateModified\":\"2019-09-17T12:18:51+00:00\",\"breadcrumb\":{\"@id\":\"https:\/\/www.viesverdes.cat\/es\/reconeixements-i-premis\/#breadcrumb\"},\"inLanguage\":\"es\",\"potentialAction\":[{\"@type\":\"ReadAction\",\"target\":[\"https:\/\/www.viesverdes.cat\/es\/reconeixements-i-premis\/\"]}]},{\"@type\":\"BreadcrumbList\",\"@id\":\"https:\/\/www.viesverdes.cat\/es\/reconeixements-i-premis\/#breadcrumb\",\"itemListElement\":[{\"@type\":\"ListItem\",\"position\":1,\"name\":\"Inici\",\"item\":\"https:\/\/www.viesverdes.cat\/\"},{\"@type\":\"ListItem\",\"position\":2,\"name\":\"Reconocimientos y Premios\"}]},{\"@type\":\"WebSite\",\"@id\":\"https:\/\/www.viesverdes.cat\/#website\",\"url\":\"https:\/\/www.viesverdes.cat\/\",\"name\":\"Vies Verdes i Pirinexus\",\"description\":\"\",\"publisher\":{\"@id\":\"https:\/\/www.viesverdes.cat\/#organization\"},\"potentialAction\":[{\"@type\":\"SearchAction\",\"target\":{\"@type\":\"EntryPoint\",\"urlTemplate\":\"https:\/\/www.viesverdes.cat\/?s={search_term_string}\"},\"query-input\":\"required name=search_term_string\"}],\"inLanguage\":\"es\"},{\"@type\":\"Organization\",\"@id\":\"https:\/\/www.viesverdes.cat\/#organization\",\"name\":\"Consorci de les Vies Verdes de Girona\",\"url\":\"https:\/\/www.viesverdes.cat\/\",\"logo\":{\"@type\":\"ImageObject\",\"inLanguage\":\"es\",\"@id\":\"https:\/\/www.viesverdes.cat\/#\/schema\/logo\/image\/\",\"url\":\"https:\/\/www.viesverdes.cat\/wp-content\/uploads\/2023\/04\/Logo-Consorci-Vies-Verdes-color-1-e1682501524240.png\",\"contentUrl\":\"https:\/\/www.viesverdes.cat\/wp-content\/uploads\/2023\/04\/Logo-Consorci-Vies-Verdes-color-1-e1682501524240.png\",\"width\":350,\"height\":41,\"caption\":\"Consorci de les Vies Verdes de Girona\"},\"image\":{\"@id\":\"https:\/\/www.viesverdes.cat\/#\/schema\/logo\/image\/\"},\"sameAs\":[\"https:\/\/www.facebook.com\/viesverdesgirona\",\"https:\/\/twitter.com\/viesverdesgi\",\"https:\/\/www.youtube.com\/viesverdesgi\",\"https:\/\/www.instagram.com\/viesverdesgi\/\"]}]}<\/script>\n<!-- \/ Yoast SEO plugin. -->","yoast_head_json":{"title":"Reconocimientos y Premios - Ecovies de Girona","robots":{"index":"index","follow":"follow","max-snippet":"max-snippet:-1","max-image-preview":"max-image-preview:large","max-video-preview":"max-video-preview:-1"},"canonical":"https:\/\/www.viesverdes.cat\/es\/reconeixements-i-premis\/","og_locale":"es_ES","og_type":"article","og_title":"Reconocimientos y Premios - Ecovies de Girona","og_description":"Las v\u00edas verdes de Girona han sido galardonadas en varias ocasiones desde su creaci\u00f3n, consiguiendo convertirse en un referente europeo en promoci\u00f3n del senderismo y el cicloturismo. 2003 2\u00ba Premio de las V\u00edas Verdes Europeas 2007 Menci\u00f3n Especial en la categor\u00eda &#8220;Desarrollo y Turismo&#8221; 2011 1er Premio categor\u00eda \u00abIniciativas Ejemplares\u00bb por el proyecto \u201cDescobrint els [&hellip;]","og_url":"https:\/\/www.viesverdes.cat\/es\/reconeixements-i-premis\/","og_site_name":"Ecovies de Girona","article_publisher":"https:\/\/www.facebook.com\/viesverdesgirona","article_modified_time":"2019-09-17T12:18:51+00:00","twitter_card":"summary_large_image","twitter_site":"@viesverdesgi","twitter_misc":{"Tiempo de lectura":"1 minuto"},"schema":{"@context":"https:\/\/schema.org","@graph":[{"@type":"WebPage","@id":"https:\/\/www.viesverdes.cat\/es\/reconeixements-i-premis\/","url":"https:\/\/www.viesverdes.cat\/es\/reconeixements-i-premis\/","name":"Reconocimientos y Premios - Ecovies de Girona","isPartOf":{"@id":"https:\/\/www.viesverdes.cat\/#website"},"datePublished":"2018-06-12T14:09:04+00:00","dateModified":"2019-09-17T12:18:51+00:00","breadcrumb":{"@id":"https:\/\/www.viesverdes.cat\/es\/reconeixements-i-premis\/#breadcrumb"},"inLanguage":"es","potentialAction":[{"@type":"ReadAction","target":["https:\/\/www.viesverdes.cat\/es\/reconeixements-i-premis\/"]}]},{"@type":"BreadcrumbList","@id":"https:\/\/www.viesverdes.cat\/es\/reconeixements-i-premis\/#breadcrumb","itemListElement":[{"@type":"ListItem","position":1,"name":"Inici","item":"https:\/\/www.viesverdes.cat\/"},{"@type":"ListItem","position":2,"name":"Reconocimientos y Premios"}]},{"@type":"WebSite","@id":"https:\/\/www.viesverdes.cat\/#website","url":"https:\/\/www.viesverdes.cat\/","name":"Vies Verdes i Pirinexus","description":"","publisher":{"@id":"https:\/\/www.viesverdes.cat\/#organization"},"potentialAction":[{"@type":"SearchAction","target":{"@type":"EntryPoint","urlTemplate":"https:\/\/www.viesverdes.cat\/?s={search_term_string}"},"query-input":"required name=search_term_string"}],"inLanguage":"es"},{"@type":"Organization","@id":"https:\/\/www.viesverdes.cat\/#organization","name":"Consorci de les Vies Verdes de Girona","url":"https:\/\/www.viesverdes.cat\/","logo":{"@type":"ImageObject","inLanguage":"es","@id":"https:\/\/www.viesverdes.cat\/#\/schema\/logo\/image\/","url":"https:\/\/www.viesverdes.cat\/wp-content\/uploads\/2023\/04\/Logo-Consorci-Vies-Verdes-color-1-e1682501524240.png","contentUrl":"https:\/\/www.viesverdes.cat\/wp-content\/uploads\/2023\/04\/Logo-Consorci-Vies-Verdes-color-1-e1682501524240.png","width":350,"height":41,"caption":"Consorci de les Vies Verdes de Girona"},"image":{"@id":"https:\/\/www.viesverdes.cat\/#\/schema\/logo\/image\/"},"sameAs":["https:\/\/www.facebook.com\/viesverdesgirona","https:\/\/twitter.com\/viesverdesgi","https:\/\/www.youtube.com\/viesverdesgi","https:\/\/www.instagram.com\/viesverdesgi\/"]}]}},"_links":{"self":[{"href":"https:\/\/www.viesverdes.cat\/es\/wp-json\/wp\/v2\/pages\/918"}],"collection":[{"href":"https:\/\/www.viesverdes.cat\/es\/wp-json\/wp\/v2\/pages"}],"about":[{"href":"https:\/\/www.viesverdes.cat\/es\/wp-json\/wp\/v2\/types\/page"}],"author":[{"embeddable":true,"href":"https:\/\/www.viesverdes.cat\/es\/wp-json\/wp\/v2\/users\/1"}],"replies":[{"embeddable":true,"href":"https:\/\/www.viesverdes.cat\/es\/wp-json\/wp\/v2\/comments?post=918"}],"version-history":[{"count":0,"href":"https:\/\/www.viesverdes.cat\/es\/wp-json\/wp\/v2\/pages\/918\/revisions"}],"wp:attachment":[{"href":"https:\/\/www.viesverdes.cat\/es\/wp-json\/wp\/v2\/media?parent=918"}],"curies":[{"name":"wp","href":"https:\/\/api.w.org\/{rel}","templated":true}]}}