{"id":1057,"date":"2018-06-19T11:47:31","date_gmt":"2018-06-19T10:47:31","guid":{"rendered":"http:\/\/iglesies.cat\/viesverdes\/?page_id=1057"},"modified":"2024-02-06T10:10:13","modified_gmt":"2024-02-06T09:10:13","slug":"information-legal","status":"publish","type":"page","link":"https:\/\/www.viesverdes.cat\/fr\/information-legal\/","title":{"rendered":"Information L\u00e9gal"},"content":{"rendered":"<p>Ce site Internet et son domaine <a href=\"https:\/\/www.viesverdes.cat\/fr\/\" target=\"_blank\" rel=\"noopener\"><em>viesverdes.cat<\/em><\/a> sont la propri\u00e9t\u00e9 du Consorci de les Vies Verdes de Girona (ci-apr\u00e8s, le Consortium), titulaire du CIF P1700047B, domicili\u00e9 \u00e0 Ronda de Sant Antoni Maria Claret, 28 A, 1r, 17002 G\u00e9rone, t\u00e9l\u00e9phone +34\u00a0972\u00a0486\u00a0950 et adresse \u00e9lectronique <a href=\"mailto:info@viesverdes.org\" target=\"_blank\" rel=\"noopener\"><em>info@viesverdes.org<\/em><\/a>.<\/p>\n<p>___<\/p>\n<p>Les informations fournies \u00e0 travers ce site Internet ne remplacent pas celles figurant sur le site \u00e9lectronique du Consortium, ni dans les canaux et plates-formes du site \u00e9lectronique du Consortium, ces derni\u00e8res \u00e9tant les seules \u00e0 avoir pleine valeur juridique.<\/p>\n<p>&nbsp;<\/p>\n<p>Le Consortium n\u2019est pas responsable du contenu, de l\u2019exactitude et de la mise \u00e0 jour des informations provenant de tiers et qui figurent sur le site Internet, ou auxquelles il est fait r\u00e9f\u00e9rence \u00e0 travers des liens ou tout autre syst\u00e8me.<\/p>\n<p>___<\/p>\n<p>Le site Internet et son contenu, y compris les textes, images, graphiques, bases de donn\u00e9es et tout autre mat\u00e9riel, sont mis \u00e0 la disposition du public \u00e0 des fins d\u2019information et pour proposer des services dans le cadre des comp\u00e9tences et des fonctions du Consortium. Des droits de propri\u00e9t\u00e9 intellectuelle s\u2019appliquent \u00e0 certains de ces contenus qui sont la propri\u00e9t\u00e9 du Consortium ou de tiers qui en ont autoris\u00e9 leur utilisation par ce biais.<\/p>\n<p>De mani\u00e8re g\u00e9n\u00e9rale, et sauf indication contraire expresse pour des cas individuels, la reproduction, la distribution et la communication publique du contenu de ce site peuvent \u00eatre effectu\u00e9es \u00e0 condition d\u2019en mentionner la source. Cependant, le contenu ne peut \u00eatre utilis\u00e9 \u00e0 des fins commerciales, ni pour cr\u00e9er des \u0153uvres qui en d\u00e9couleraient, sans l\u2019autorisation expresse du Consortium.<\/p>\n<p>Ces conditions s\u2019appliquent aux contenus du site prot\u00e9g\u00e9s par les droits d\u2019auteur. Elles font aussi l\u2019objet de la licence \u00ab\u00a0Attribution \u2013 Non commerciale \u2013 Partage dans les m\u00eames conditions 4.0 (CC BY-NC-SA 4.0)\u00a0\u00bb de Creative Commons.<\/p>\n<p>Les designs et logos qui identifient le site Internet ne peuvent \u00eatre reproduits et utilis\u00e9s qu\u2019avec l\u2019autorisation pr\u00e9alable du Consortium, ou lorsqu\u2019il s\u2019agit d\u2019identifier des activit\u00e9s ou des initiatives faisant l\u2019objet du soutien explicite du Consortium. Le Consortium en autorise \u00e9galement l\u2019usage \u00e0 but non lucratif \u00e0 des fins \u00e9ducatives, de recherche, d\u2019\u00e9tude ou de diffusion culturelle.<\/p>\n<p>Aucune pr\u00e9sentation des contenus de ce site dans une fen\u00eatre externe (<em>framing<\/em>) n\u2019est autoris\u00e9e sans l\u2019autorisation expresse par \u00e9crit du Consortium.<\/p>\n<p>___<\/p>\n<p>Le Consortium traite des donn\u00e9es personnelles dans l\u2019exercice de ses facult\u00e9s et fonctions. Ce site Internet et le site \u00e9lectronique du Consortium contiennent des formulaires qui lui permettent d\u2019obtenir des donn\u00e9es. Les formulaires informent sur les finalit\u00e9s de la collecte des donn\u00e9es et sur les aspects les plus pertinents du traitement. Ce <a href=\"https:\/\/www.viesverdes.cat\/fr\/politique-de-confidentialite\/\" target=\"_blank\" rel=\"noopener\">lien<\/a> apporte des informations sur la politique de protection des donn\u00e9es du Consortium.<\/p>\n<p>___<\/p>\n<p>Le Consortium informe que ce site Internet utilise des fichiers d\u00e9nomm\u00e9s <em>cookies<\/em> qui rendent plus pratique et plus rapide la communication entre l\u2019utilisateur et le site. La dur\u00e9e de vie de ces cookies est limit\u00e9e \u00e0 celle strictement n\u00e9cessaire pour atteindre ces objectifs. L\u2019utilisateur peut configurer son navigateur Internet pour en savoir plus et contr\u00f4ler les cookies. L\u2019utilisateur est inform\u00e9 au pr\u00e9alable de leur installation sur son dispositif. Il peut en savoir plus sur la politique en mati\u00e8re de cookies \u00e0 travers ce <a href=\"https:\/\/www.viesverdes.cat\/fr\/cookies\/\" target=\"_blank\" rel=\"noopener\">lien<\/a>.<\/p>\n<p>___<\/p>\n<p>Le Consortium n\u2019est pas responsable envers les utilisateurs de son site Internet des dommages ou des pertes pouvant r\u00e9sulter d\u2019interf\u00e9rences, d\u2019omissions, d\u2019interruptions, de virus informatiques, de surcharge des lignes, de pannes ou de d\u00e9connexions lorsque ces \u00e9v\u00e9nements sont dus \u00e0 des causes ind\u00e9pendantes de sa volont\u00e9. Il n\u2019est pas non plus responsable des dommages qui pourraient \u00eatre caus\u00e9s par des tiers sous forme d\u2019intromissions ill\u00e9gitimes hors du contr\u00f4le du Consortium. Chaque fois qu\u2019il en sera possible, le Consortium informera au pr\u00e9alable de toute interruption du fonctionnement du site et des services.<\/p>\n","protected":false},"excerpt":{"rendered":"<p>Ce site Internet et son domaine viesverdes.cat sont la propri\u00e9t\u00e9 du Consorci de les Vies Verdes de Girona (ci-apr\u00e8s, le Consortium), titulaire du CIF P1700047B, domicili\u00e9 \u00e0 Ronda de Sant Antoni Maria Claret, 28 A, 1r, 17002 G\u00e9rone, t\u00e9l\u00e9phone +34\u00a0972\u00a0486\u00a0950 et adresse \u00e9lectronique info@viesverdes.org. ___ Les informations fournies \u00e0 travers ce site Internet ne remplacent [&hellip;]<\/p>\n","protected":false},"author":1,"featured_media":0,"parent":0,"menu_order":0,"comment_status":"closed","ping_status":"closed","template":"","meta":{"_acf_changed":false,"footnotes":""},"acf":[],"yoast_head":"<!-- This site is optimized with the Yoast SEO plugin v22.2 - https:\/\/yoast.com\/wordpress\/plugins\/seo\/ -->\n<title>Information L\u00e9gal - Ecovies de Girona<\/title>\n<meta name=\"robots\" content=\"index, follow, max-snippet:-1, max-image-preview:large, max-video-preview:-1\" \/>\n<link rel=\"canonical\" href=\"https:\/\/www.viesverdes.cat\/fr\/information-legal\/\" \/>\n<meta property=\"og:locale\" content=\"fr_FR\" \/>\n<meta property=\"og:type\" content=\"article\" \/>\n<meta property=\"og:title\" content=\"Information L\u00e9gal - Ecovies de Girona\" \/>\n<meta property=\"og:description\" content=\"Ce site Internet et son domaine viesverdes.cat sont la propri\u00e9t\u00e9 du Consorci de les Vies Verdes de Girona (ci-apr\u00e8s, le Consortium), titulaire du CIF P1700047B, domicili\u00e9 \u00e0 Ronda de Sant Antoni Maria Claret, 28 A, 1r, 17002 G\u00e9rone, t\u00e9l\u00e9phone +34\u00a0972\u00a0486\u00a0950 et adresse \u00e9lectronique info@viesverdes.org. ___ Les informations fournies \u00e0 travers ce site Internet ne remplacent [&hellip;]\" \/>\n<meta property=\"og:url\" content=\"https:\/\/www.viesverdes.cat\/fr\/information-legal\/\" \/>\n<meta property=\"og:site_name\" content=\"Ecovies de Girona\" \/>\n<meta property=\"article:publisher\" content=\"https:\/\/www.facebook.com\/viesverdesgirona\" \/>\n<meta property=\"article:modified_time\" content=\"2024-02-06T09:10:13+00:00\" \/>\n<meta name=\"twitter:card\" content=\"summary_large_image\" \/>\n<meta name=\"twitter:site\" content=\"@viesverdesgi\" \/>\n<meta name=\"twitter:label1\" content=\"Dur\u00e9e de lecture estim\u00e9e\" \/>\n\t<meta name=\"twitter:data1\" content=\"3 minutes\" \/>\n<script type=\"application\/ld+json\" class=\"yoast-schema-graph\">{\"@context\":\"https:\/\/schema.org\",\"@graph\":[{\"@type\":\"WebPage\",\"@id\":\"https:\/\/www.viesverdes.cat\/fr\/information-legal\/\",\"url\":\"https:\/\/www.viesverdes.cat\/fr\/information-legal\/\",\"name\":\"Information L\u00e9gal - Ecovies de Girona\",\"isPartOf\":{\"@id\":\"https:\/\/www.viesverdes.cat\/#website\"},\"datePublished\":\"2018-06-19T10:47:31+00:00\",\"dateModified\":\"2024-02-06T09:10:13+00:00\",\"breadcrumb\":{\"@id\":\"https:\/\/www.viesverdes.cat\/fr\/information-legal\/#breadcrumb\"},\"inLanguage\":\"fr-FR\",\"potentialAction\":[{\"@type\":\"ReadAction\",\"target\":[\"https:\/\/www.viesverdes.cat\/fr\/information-legal\/\"]}]},{\"@type\":\"BreadcrumbList\",\"@id\":\"https:\/\/www.viesverdes.cat\/fr\/information-legal\/#breadcrumb\",\"itemListElement\":[{\"@type\":\"ListItem\",\"position\":1,\"name\":\"Inici\",\"item\":\"https:\/\/www.viesverdes.cat\/\"},{\"@type\":\"ListItem\",\"position\":2,\"name\":\"Information L\u00e9gal\"}]},{\"@type\":\"WebSite\",\"@id\":\"https:\/\/www.viesverdes.cat\/#website\",\"url\":\"https:\/\/www.viesverdes.cat\/\",\"name\":\"Vies Verdes i Pirinexus\",\"description\":\"\",\"publisher\":{\"@id\":\"https:\/\/www.viesverdes.cat\/#organization\"},\"potentialAction\":[{\"@type\":\"SearchAction\",\"target\":{\"@type\":\"EntryPoint\",\"urlTemplate\":\"https:\/\/www.viesverdes.cat\/?s={search_term_string}\"},\"query-input\":\"required name=search_term_string\"}],\"inLanguage\":\"fr-FR\"},{\"@type\":\"Organization\",\"@id\":\"https:\/\/www.viesverdes.cat\/#organization\",\"name\":\"Consorci de les Vies Verdes de Girona\",\"url\":\"https:\/\/www.viesverdes.cat\/\",\"logo\":{\"@type\":\"ImageObject\",\"inLanguage\":\"fr-FR\",\"@id\":\"https:\/\/www.viesverdes.cat\/#\/schema\/logo\/image\/\",\"url\":\"https:\/\/www.viesverdes.cat\/wp-content\/uploads\/2023\/04\/Logo-Consorci-Vies-Verdes-color-1-e1682501524240.png\",\"contentUrl\":\"https:\/\/www.viesverdes.cat\/wp-content\/uploads\/2023\/04\/Logo-Consorci-Vies-Verdes-color-1-e1682501524240.png\",\"width\":350,\"height\":41,\"caption\":\"Consorci de les Vies Verdes de Girona\"},\"image\":{\"@id\":\"https:\/\/www.viesverdes.cat\/#\/schema\/logo\/image\/\"},\"sameAs\":[\"https:\/\/www.facebook.com\/viesverdesgirona\",\"https:\/\/twitter.com\/viesverdesgi\",\"https:\/\/www.youtube.com\/viesverdesgi\",\"https:\/\/www.instagram.com\/viesverdesgi\/\"]}]}<\/script>\n<!-- \/ Yoast SEO plugin. -->","yoast_head_json":{"title":"Information L\u00e9gal - Ecovies de Girona","robots":{"index":"index","follow":"follow","max-snippet":"max-snippet:-1","max-image-preview":"max-image-preview:large","max-video-preview":"max-video-preview:-1"},"canonical":"https:\/\/www.viesverdes.cat\/fr\/information-legal\/","og_locale":"fr_FR","og_type":"article","og_title":"Information L\u00e9gal - Ecovies de Girona","og_description":"Ce site Internet et son domaine viesverdes.cat sont la propri\u00e9t\u00e9 du Consorci de les Vies Verdes de Girona (ci-apr\u00e8s, le Consortium), titulaire du CIF P1700047B, domicili\u00e9 \u00e0 Ronda de Sant Antoni Maria Claret, 28 A, 1r, 17002 G\u00e9rone, t\u00e9l\u00e9phone +34\u00a0972\u00a0486\u00a0950 et adresse \u00e9lectronique info@viesverdes.org. ___ Les informations fournies \u00e0 travers ce site Internet ne remplacent [&hellip;]","og_url":"https:\/\/www.viesverdes.cat\/fr\/information-legal\/","og_site_name":"Ecovies de Girona","article_publisher":"https:\/\/www.facebook.com\/viesverdesgirona","article_modified_time":"2024-02-06T09:10:13+00:00","twitter_card":"summary_large_image","twitter_site":"@viesverdesgi","twitter_misc":{"Dur\u00e9e de lecture estim\u00e9e":"3 minutes"},"schema":{"@context":"https:\/\/schema.org","@graph":[{"@type":"WebPage","@id":"https:\/\/www.viesverdes.cat\/fr\/information-legal\/","url":"https:\/\/www.viesverdes.cat\/fr\/information-legal\/","name":"Information L\u00e9gal - Ecovies de Girona","isPartOf":{"@id":"https:\/\/www.viesverdes.cat\/#website"},"datePublished":"2018-06-19T10:47:31+00:00","dateModified":"2024-02-06T09:10:13+00:00","breadcrumb":{"@id":"https:\/\/www.viesverdes.cat\/fr\/information-legal\/#breadcrumb"},"inLanguage":"fr-FR","potentialAction":[{"@type":"ReadAction","target":["https:\/\/www.viesverdes.cat\/fr\/information-legal\/"]}]},{"@type":"BreadcrumbList","@id":"https:\/\/www.viesverdes.cat\/fr\/information-legal\/#breadcrumb","itemListElement":[{"@type":"ListItem","position":1,"name":"Inici","item":"https:\/\/www.viesverdes.cat\/"},{"@type":"ListItem","position":2,"name":"Information L\u00e9gal"}]},{"@type":"WebSite","@id":"https:\/\/www.viesverdes.cat\/#website","url":"https:\/\/www.viesverdes.cat\/","name":"Vies Verdes i Pirinexus","description":"","publisher":{"@id":"https:\/\/www.viesverdes.cat\/#organization"},"potentialAction":[{"@type":"SearchAction","target":{"@type":"EntryPoint","urlTemplate":"https:\/\/www.viesverdes.cat\/?s={search_term_string}"},"query-input":"required name=search_term_string"}],"inLanguage":"fr-FR"},{"@type":"Organization","@id":"https:\/\/www.viesverdes.cat\/#organization","name":"Consorci de les Vies Verdes de Girona","url":"https:\/\/www.viesverdes.cat\/","logo":{"@type":"ImageObject","inLanguage":"fr-FR","@id":"https:\/\/www.viesverdes.cat\/#\/schema\/logo\/image\/","url":"https:\/\/www.viesverdes.cat\/wp-content\/uploads\/2023\/04\/Logo-Consorci-Vies-Verdes-color-1-e1682501524240.png","contentUrl":"https:\/\/www.viesverdes.cat\/wp-content\/uploads\/2023\/04\/Logo-Consorci-Vies-Verdes-color-1-e1682501524240.png","width":350,"height":41,"caption":"Consorci de les Vies Verdes de Girona"},"image":{"@id":"https:\/\/www.viesverdes.cat\/#\/schema\/logo\/image\/"},"sameAs":["https:\/\/www.facebook.com\/viesverdesgirona","https:\/\/twitter.com\/viesverdesgi","https:\/\/www.youtube.com\/viesverdesgi","https:\/\/www.instagram.com\/viesverdesgi\/"]}]}},"_links":{"self":[{"href":"https:\/\/www.viesverdes.cat\/fr\/wp-json\/wp\/v2\/pages\/1057"}],"collection":[{"href":"https:\/\/www.viesverdes.cat\/fr\/wp-json\/wp\/v2\/pages"}],"about":[{"href":"https:\/\/www.viesverdes.cat\/fr\/wp-json\/wp\/v2\/types\/page"}],"author":[{"embeddable":true,"href":"https:\/\/www.viesverdes.cat\/fr\/wp-json\/wp\/v2\/users\/1"}],"replies":[{"embeddable":true,"href":"https:\/\/www.viesverdes.cat\/fr\/wp-json\/wp\/v2\/comments?post=1057"}],"version-history":[{"count":2,"href":"https:\/\/www.viesverdes.cat\/fr\/wp-json\/wp\/v2\/pages\/1057\/revisions"}],"predecessor-version":[{"id":24536,"href":"https:\/\/www.viesverdes.cat\/fr\/wp-json\/wp\/v2\/pages\/1057\/revisions\/24536"}],"wp:attachment":[{"href":"https:\/\/www.viesverdes.cat\/fr\/wp-json\/wp\/v2\/media?parent=1057"}],"curies":[{"name":"wp","href":"https:\/\/api.w.org\/{rel}","templated":true}]}}