{"id":1073,"date":"2018-06-19T11:55:58","date_gmt":"2018-06-19T10:55:58","guid":{"rendered":"http:\/\/iglesies.cat\/viesverdes\/?page_id=1073"},"modified":"2024-02-06T10:28:42","modified_gmt":"2024-02-06T09:28:42","slug":"cookies","status":"publish","type":"page","link":"https:\/\/www.viesverdes.cat\/fr\/cookies\/","title":{"rendered":"Politique en mati\u00e8re de cookies"},"content":{"rendered":"<p><strong>Les cookies\u00a0: de quoi s\u2019agit-il\u00a0?<\/strong><\/p>\n<p>Ce site web utilise des cookies et\/ou des technologies similaires qui stockent et r\u00e9cup\u00e8rent des donn\u00e9es lors de la navigation. En g\u00e9n\u00e9ral, ces technologies peuvent servir \u00e0 des fins tr\u00e8s diff\u00e9rentes, comme identifier l\u2019utilisateur, obtenir des informations sur ses habitudes de navigation ou personnaliser la mani\u00e8re dont le contenu est affich\u00e9. Les usages sp\u00e9cifiques de ces technologies sont d\u00e9crits ci-dessous.<\/p>\n<p>&nbsp;<\/p>\n<p><strong>Quels types de cookies ce site web utilise-t-il\u00a0?<\/strong><\/p>\n<ul>\n<li><strong>Cookies techniques n\u00e9cessaires\u00a0:<\/strong> il s\u2019agit de cookies indispensables \u00e0 la connexion. Parmi d\u2019autres finalit\u00e9s, ils permettent de contr\u00f4ler le trafic et la communication des donn\u00e9es, d\u2019identifier la session et d\u2019acc\u00e9der aux pages \u00e0 acc\u00e8s restreint. Il est impossible de les d\u00e9sactiver, car ils sont n\u00e9cessaires au fonctionnement du site.<\/li>\n<li><strong>Cookies de pr\u00e9f\u00e9rences ou de personnalisation\u00a0:<\/strong> il s\u2019agit de cookies rappelant au site les pr\u00e9f\u00e9rences de l\u2019utilisateur (par exemple, sa langue ou la r\u00e9gion depuis laquelle il acc\u00e8de), afin de lui pr\u00eater de meilleurs services.<\/li>\n<li><strong>Cookies d\u2019analyse ou de mesure\u00a0:<\/strong> il s\u2019agit de cookies qui, trait\u00e9s par le Consortium ou par des tiers, permettent de quantifier le nombre d\u2019utilisateurs, et de mesurer et d\u2019effectuer l\u2019analyse statistique de l\u2019utilisation faite par les utilisateurs du service propos\u00e9. Le Consortium analyse la navigation sur le site afin d\u2019am\u00e9liorer la gamme de produits ou de services propos\u00e9s.<\/li>\n<li><strong>Cookies de publicit\u00e9 comportementale\u00a0:<\/strong> il s\u2019agit de cookies qui, trait\u00e9s par le Consortium ou par des tiers, permettent d\u2019analyser les habitudes de navigation afin d\u2019afficher des publicit\u00e9s en fonction du profil de navigation.<\/li>\n<li><strong>Cookies de g\u00e9olocalisation\u00a0:<\/strong> il s\u2019agit de cookies permettant de conna\u00eetre la localisation g\u00e9ographique de l\u2019utilisateur.<\/li>\n<\/ul>\n<p>&nbsp;<\/p>\n<p><strong>Les diff\u00e9rents types de cookies selon qui les g\u00e8re<\/strong><\/p>\n<p>Selon qui g\u00e8re le serveur ou le domaine \u00e0 partir duquel les cookies sont envoy\u00e9s, il existe deux types de cookies\u00a0:<\/p>\n<ul>\n<li><strong>Les cookies propres\u00a0:<\/strong> il s\u2019agit de ceux qui appartiennent au propri\u00e9taire du site Internet depuis lequel les services sont pr\u00eat\u00e9s aux utilisateurs.<\/li>\n<li><strong>Les cookies de tiers\u00a0:<\/strong> il s\u2019agit de ceux envoy\u00e9s aux utilisateurs par un tiers autre que le propri\u00e9taire du site Internet.<\/li>\n<\/ul>\n<p>Il se peut que les cookies envoy\u00e9s par des tiers ne puissent pas \u00eatre supprim\u00e9s apr\u00e8s les avoir accept\u00e9s depuis la configuration du site Internet. Dans ce cas, les cookies peuvent \u00eatre supprim\u00e9s \u00e0 l\u2019aide du syst\u00e8me habilit\u00e9 par le tiers, le cas \u00e9ch\u00e9ant, ou directement depuis le navigateur de l\u2019utilisateur.<\/p>\n<p>Le lien suivant permet d\u2019en savoir plus sur les tiers, ainsi que sur les transferts internationaux pouvant \u00e9ventuellement \u00eatre effectu\u00e9s\u00a0: [<em>enlla\u00e7 a la configuraci\u00f3 del b\u00e0ner que informa sobre tercers<\/em>].<\/p>\n<p>&nbsp;<\/p>\n<p><strong>Dur\u00e9e de validit\u00e9 et p\u00e9riode de conservation des cookies<\/strong><\/p>\n<p>Il existe deux types de cookies selon leur dur\u00e9e de vie\u00a0:<\/p>\n<ul>\n<li><strong>Les cookies de session\u00a0:<\/strong> il s\u2019agit de cookies temporaires qui restent dans le dossier des cookies du navigateur jusqu\u2019\u00e0 ce que l\u2019utilisateur ferme la session.<\/li>\n<li><strong>Les cookies persistants\u00a0:<\/strong> ces cookies sont gard\u00e9s et le site les lit \u00e0 chaque acc\u00e8s.<\/li>\n<\/ul>\n<p>&nbsp;<\/p>\n<p>Le lien suivant permet d\u2019en savoir plus sur la dur\u00e9e de conservation de chaque type de cookies utilis\u00e9s sur ce site :<\/p>\n<p>&nbsp;<\/p>\n<p>Le consentement donn\u00e9 pour l\u2019utilisation de cookies peut dans tous les cas \u00eatre r\u00e9voqu\u00e9 en les supprimant \u00e0 l\u2019aide des options du navigateur de l\u2019utilisateur. Le navigateur peut \u00e9galement \u00eatre configur\u00e9 pour informer l\u2019utilisateur \u00e0 chaque installation de cookies. Les liens suivants fournissent des informations sur les diff\u00e9rentes mani\u00e8res de proc\u00e9der en fonction du navigateur utilis\u00e9.<\/p>\n<p>&nbsp;<\/p>\n<p>\u2013 Pour Firefox (<a href=\"http:\/\/support.mozilla.org\/ca\/kb\/Galetes\">lien<\/a>)<\/p>\n<p>\u2013 Pour Chrome (<a href=\"http:\/\/support.google.com\/chrome\/bin\/answer.py?hl=es&amp;answer=95647\">lien<\/a>)<\/p>\n<p>\u2013 Pour Explorer (<a href=\"https:\/\/support.microsoft.com\/es-es\/help\/278835\/how-to-delete-cookie-files-in-internet-explorer\">lien<\/a>)<\/p>\n<p>\u2013 Pour Edge (<a href=\"https:\/\/support.microsoft.com\/es-es\/help\/4027947\/windows-delete-cookies\">lien<\/a>)<\/p>\n<p>\u2013 Pour IOS pour Safari (<a href=\"http:\/\/support.apple.com\/kb\/HT1677?viewlocale=es_ES&amp;locale=es_ES\">lien<\/a>)<\/p>\n<p>\u2013 Pour Opera (<a href=\"https:\/\/help.opera.com\/en\/latest\/web-preferences\/#cookies\">lien<\/a>)<\/p>\n","protected":false},"excerpt":{"rendered":"<p>Les cookies\u00a0: de quoi s\u2019agit-il\u00a0? Ce site web utilise des cookies et\/ou des technologies similaires qui stockent et r\u00e9cup\u00e8rent des donn\u00e9es lors de la navigation. En g\u00e9n\u00e9ral, ces technologies peuvent servir \u00e0 des fins tr\u00e8s diff\u00e9rentes, comme identifier l\u2019utilisateur, obtenir des informations sur ses habitudes de navigation ou personnaliser la mani\u00e8re dont le contenu est [&hellip;]<\/p>\n","protected":false},"author":1,"featured_media":0,"parent":0,"menu_order":0,"comment_status":"closed","ping_status":"closed","template":"","meta":{"_acf_changed":false,"footnotes":""},"acf":[],"yoast_head":"<!-- This site is optimized with the Yoast SEO plugin v22.2 - https:\/\/yoast.com\/wordpress\/plugins\/seo\/ -->\n<title>Politique en mati\u00e8re de cookies - Ecovies de Girona<\/title>\n<meta name=\"robots\" content=\"index, follow, max-snippet:-1, max-image-preview:large, max-video-preview:-1\" \/>\n<link rel=\"canonical\" href=\"https:\/\/www.viesverdes.cat\/fr\/cookies\/\" \/>\n<meta property=\"og:locale\" content=\"fr_FR\" \/>\n<meta property=\"og:type\" content=\"article\" \/>\n<meta property=\"og:title\" content=\"Politique en mati\u00e8re de cookies - Ecovies de Girona\" \/>\n<meta property=\"og:description\" content=\"Les cookies\u00a0: de quoi s\u2019agit-il\u00a0? Ce site web utilise des cookies et\/ou des technologies similaires qui stockent et r\u00e9cup\u00e8rent des donn\u00e9es lors de la navigation. En g\u00e9n\u00e9ral, ces technologies peuvent servir \u00e0 des fins tr\u00e8s diff\u00e9rentes, comme identifier l\u2019utilisateur, obtenir des informations sur ses habitudes de navigation ou personnaliser la mani\u00e8re dont le contenu est [&hellip;]\" \/>\n<meta property=\"og:url\" content=\"https:\/\/www.viesverdes.cat\/fr\/cookies\/\" \/>\n<meta property=\"og:site_name\" content=\"Ecovies de Girona\" \/>\n<meta property=\"article:publisher\" content=\"https:\/\/www.facebook.com\/viesverdesgirona\" \/>\n<meta property=\"article:modified_time\" content=\"2024-02-06T09:28:42+00:00\" \/>\n<meta name=\"twitter:card\" content=\"summary_large_image\" \/>\n<meta name=\"twitter:site\" content=\"@viesverdesgi\" \/>\n<meta name=\"twitter:label1\" content=\"Dur\u00e9e de lecture estim\u00e9e\" \/>\n\t<meta name=\"twitter:data1\" content=\"3 minutes\" \/>\n<script type=\"application\/ld+json\" class=\"yoast-schema-graph\">{\"@context\":\"https:\/\/schema.org\",\"@graph\":[{\"@type\":\"WebPage\",\"@id\":\"https:\/\/www.viesverdes.cat\/fr\/cookies\/\",\"url\":\"https:\/\/www.viesverdes.cat\/fr\/cookies\/\",\"name\":\"Politique en mati\u00e8re de cookies - Ecovies de Girona\",\"isPartOf\":{\"@id\":\"https:\/\/www.viesverdes.cat\/#website\"},\"datePublished\":\"2018-06-19T10:55:58+00:00\",\"dateModified\":\"2024-02-06T09:28:42+00:00\",\"breadcrumb\":{\"@id\":\"https:\/\/www.viesverdes.cat\/fr\/cookies\/#breadcrumb\"},\"inLanguage\":\"fr-FR\",\"potentialAction\":[{\"@type\":\"ReadAction\",\"target\":[\"https:\/\/www.viesverdes.cat\/fr\/cookies\/\"]}]},{\"@type\":\"BreadcrumbList\",\"@id\":\"https:\/\/www.viesverdes.cat\/fr\/cookies\/#breadcrumb\",\"itemListElement\":[{\"@type\":\"ListItem\",\"position\":1,\"name\":\"Inici\",\"item\":\"https:\/\/www.viesverdes.cat\/\"},{\"@type\":\"ListItem\",\"position\":2,\"name\":\"Politique en mati\u00e8re de cookies\"}]},{\"@type\":\"WebSite\",\"@id\":\"https:\/\/www.viesverdes.cat\/#website\",\"url\":\"https:\/\/www.viesverdes.cat\/\",\"name\":\"Vies Verdes i Pirinexus\",\"description\":\"\",\"publisher\":{\"@id\":\"https:\/\/www.viesverdes.cat\/#organization\"},\"potentialAction\":[{\"@type\":\"SearchAction\",\"target\":{\"@type\":\"EntryPoint\",\"urlTemplate\":\"https:\/\/www.viesverdes.cat\/?s={search_term_string}\"},\"query-input\":\"required name=search_term_string\"}],\"inLanguage\":\"fr-FR\"},{\"@type\":\"Organization\",\"@id\":\"https:\/\/www.viesverdes.cat\/#organization\",\"name\":\"Consorci de les Vies Verdes de Girona\",\"url\":\"https:\/\/www.viesverdes.cat\/\",\"logo\":{\"@type\":\"ImageObject\",\"inLanguage\":\"fr-FR\",\"@id\":\"https:\/\/www.viesverdes.cat\/#\/schema\/logo\/image\/\",\"url\":\"https:\/\/www.viesverdes.cat\/wp-content\/uploads\/2023\/04\/Logo-Consorci-Vies-Verdes-color-1-e1682501524240.png\",\"contentUrl\":\"https:\/\/www.viesverdes.cat\/wp-content\/uploads\/2023\/04\/Logo-Consorci-Vies-Verdes-color-1-e1682501524240.png\",\"width\":350,\"height\":41,\"caption\":\"Consorci de les Vies Verdes de Girona\"},\"image\":{\"@id\":\"https:\/\/www.viesverdes.cat\/#\/schema\/logo\/image\/\"},\"sameAs\":[\"https:\/\/www.facebook.com\/viesverdesgirona\",\"https:\/\/twitter.com\/viesverdesgi\",\"https:\/\/www.youtube.com\/viesverdesgi\",\"https:\/\/www.instagram.com\/viesverdesgi\/\"]}]}<\/script>\n<!-- \/ Yoast SEO plugin. -->","yoast_head_json":{"title":"Politique en mati\u00e8re de cookies - Ecovies de Girona","robots":{"index":"index","follow":"follow","max-snippet":"max-snippet:-1","max-image-preview":"max-image-preview:large","max-video-preview":"max-video-preview:-1"},"canonical":"https:\/\/www.viesverdes.cat\/fr\/cookies\/","og_locale":"fr_FR","og_type":"article","og_title":"Politique en mati\u00e8re de cookies - Ecovies de Girona","og_description":"Les cookies\u00a0: de quoi s\u2019agit-il\u00a0? Ce site web utilise des cookies et\/ou des technologies similaires qui stockent et r\u00e9cup\u00e8rent des donn\u00e9es lors de la navigation. En g\u00e9n\u00e9ral, ces technologies peuvent servir \u00e0 des fins tr\u00e8s diff\u00e9rentes, comme identifier l\u2019utilisateur, obtenir des informations sur ses habitudes de navigation ou personnaliser la mani\u00e8re dont le contenu est [&hellip;]","og_url":"https:\/\/www.viesverdes.cat\/fr\/cookies\/","og_site_name":"Ecovies de Girona","article_publisher":"https:\/\/www.facebook.com\/viesverdesgirona","article_modified_time":"2024-02-06T09:28:42+00:00","twitter_card":"summary_large_image","twitter_site":"@viesverdesgi","twitter_misc":{"Dur\u00e9e de lecture estim\u00e9e":"3 minutes"},"schema":{"@context":"https:\/\/schema.org","@graph":[{"@type":"WebPage","@id":"https:\/\/www.viesverdes.cat\/fr\/cookies\/","url":"https:\/\/www.viesverdes.cat\/fr\/cookies\/","name":"Politique en mati\u00e8re de cookies - Ecovies de Girona","isPartOf":{"@id":"https:\/\/www.viesverdes.cat\/#website"},"datePublished":"2018-06-19T10:55:58+00:00","dateModified":"2024-02-06T09:28:42+00:00","breadcrumb":{"@id":"https:\/\/www.viesverdes.cat\/fr\/cookies\/#breadcrumb"},"inLanguage":"fr-FR","potentialAction":[{"@type":"ReadAction","target":["https:\/\/www.viesverdes.cat\/fr\/cookies\/"]}]},{"@type":"BreadcrumbList","@id":"https:\/\/www.viesverdes.cat\/fr\/cookies\/#breadcrumb","itemListElement":[{"@type":"ListItem","position":1,"name":"Inici","item":"https:\/\/www.viesverdes.cat\/"},{"@type":"ListItem","position":2,"name":"Politique en mati\u00e8re de cookies"}]},{"@type":"WebSite","@id":"https:\/\/www.viesverdes.cat\/#website","url":"https:\/\/www.viesverdes.cat\/","name":"Vies Verdes i Pirinexus","description":"","publisher":{"@id":"https:\/\/www.viesverdes.cat\/#organization"},"potentialAction":[{"@type":"SearchAction","target":{"@type":"EntryPoint","urlTemplate":"https:\/\/www.viesverdes.cat\/?s={search_term_string}"},"query-input":"required name=search_term_string"}],"inLanguage":"fr-FR"},{"@type":"Organization","@id":"https:\/\/www.viesverdes.cat\/#organization","name":"Consorci de les Vies Verdes de Girona","url":"https:\/\/www.viesverdes.cat\/","logo":{"@type":"ImageObject","inLanguage":"fr-FR","@id":"https:\/\/www.viesverdes.cat\/#\/schema\/logo\/image\/","url":"https:\/\/www.viesverdes.cat\/wp-content\/uploads\/2023\/04\/Logo-Consorci-Vies-Verdes-color-1-e1682501524240.png","contentUrl":"https:\/\/www.viesverdes.cat\/wp-content\/uploads\/2023\/04\/Logo-Consorci-Vies-Verdes-color-1-e1682501524240.png","width":350,"height":41,"caption":"Consorci de les Vies Verdes de Girona"},"image":{"@id":"https:\/\/www.viesverdes.cat\/#\/schema\/logo\/image\/"},"sameAs":["https:\/\/www.facebook.com\/viesverdesgirona","https:\/\/twitter.com\/viesverdesgi","https:\/\/www.youtube.com\/viesverdesgi","https:\/\/www.instagram.com\/viesverdesgi\/"]}]}},"_links":{"self":[{"href":"https:\/\/www.viesverdes.cat\/fr\/wp-json\/wp\/v2\/pages\/1073"}],"collection":[{"href":"https:\/\/www.viesverdes.cat\/fr\/wp-json\/wp\/v2\/pages"}],"about":[{"href":"https:\/\/www.viesverdes.cat\/fr\/wp-json\/wp\/v2\/types\/page"}],"author":[{"embeddable":true,"href":"https:\/\/www.viesverdes.cat\/fr\/wp-json\/wp\/v2\/users\/1"}],"replies":[{"embeddable":true,"href":"https:\/\/www.viesverdes.cat\/fr\/wp-json\/wp\/v2\/comments?post=1073"}],"version-history":[{"count":2,"href":"https:\/\/www.viesverdes.cat\/fr\/wp-json\/wp\/v2\/pages\/1073\/revisions"}],"predecessor-version":[{"id":24540,"href":"https:\/\/www.viesverdes.cat\/fr\/wp-json\/wp\/v2\/pages\/1073\/revisions\/24540"}],"wp:attachment":[{"href":"https:\/\/www.viesverdes.cat\/fr\/wp-json\/wp\/v2\/media?parent=1073"}],"curies":[{"name":"wp","href":"https:\/\/api.w.org\/{rel}","templated":true}]}}