{"id":13378,"date":"2020-01-16T20:03:02","date_gmt":"2020-01-16T19:03:02","guid":{"rendered":"http:\/\/php8.viesverdes.cat\/els-secrets-de-les-vies-verdes\/"},"modified":"2020-12-04T11:06:33","modified_gmt":"2020-12-04T10:06:33","slug":"els-secrets-de-les-vies-verdes","status":"publish","type":"page","link":"https:\/\/www.viesverdes.cat\/fr\/els-secrets-de-les-vies-verdes\/","title":{"rendered":"Les Secrets des Voies Vertes"},"content":{"rendered":"<p><span style=\"font-weight: 400;\">Le projet \u00ab<strong>Secrets des voies vertes<\/strong>\u00bb a pour but de promouvoir et d&#8217;am\u00e9liorer l&#8217;interpr\u00e9tation du territoire \u00e0 travers lequel passent les voies vertes. L&#8217;id\u00e9e est de faire conna\u00eetre les \u00e9l\u00e9ments du patrimoine culturel et naturel qui ajoutent de la valeur aux routes, qui g\u00e9n\u00e8rent de l&#8217;impact \u00e9conomique dans les diff\u00e9rentes communes et qui fournissent des \u00e9l\u00e9ments qui sont \u00e0 pr\u00e9sent peu connus pour les visiteurs malgr\u00e9 leur valeur patrimoniale.\u00a0<\/span><\/p>\n<p><span style=\"font-weight: 400;\">Les <strong>voies vertes de G\u00e9rone<\/strong> sont devenues un axe de communication touristique important, durable et accessible, et gr\u00e2ce \u00e0 ce projet nous avons l&#8217;intention qu&#8217;elles deviennent \u00e9galement un axe d&#8217;interpr\u00e9tation du territoire dans un double objectif : <strong>le loisir touristique de pair avec la sensibilisation environnementale et culturelle.\u00a0<\/strong><\/span><\/p>\n<p><span style=\"font-weight: 400;\">Le projet comprend la cr\u00e9ation ou l&#8217;adaptation d&#8217;une s\u00e9rie d&#8217;itin\u00e9raires th\u00e9matiques signalis\u00e9s, connect\u00e9s et accessibles depuis les voies vertes, qui permettent de d\u00e9couvrir des \u00e9l\u00e9ments et des ressources naturelles et culturelles nouvelles, \u00e0 partir des \u00e9l\u00e9ments patrimoniaux du territoire, s\u00e9lectionn\u00e9s par leur singularit\u00e9 et int\u00e9r\u00eat.\u00a0<\/span><\/p>\n<p><span style=\"font-weight: 400;\">Les routes propos\u00e9es sont le fruit du travail conjoint avec <strong>les mairies de chaque commune, les conseils r\u00e9gionaux et autres entit\u00e9s telles que le Consortium du Ter<\/strong>. Il s&#8217;agit d&#8217;un travail en r\u00e9seau, qui promeut des routes pr\u00e9sentant des caract\u00e9ristiques diverses dans le but de faire conna\u00eetre le patrimoine mat\u00e9riel et immat\u00e9riel du territoire. Il s&#8217;agit d&#8217;un projet vivant, et en processus de croissance, et l&#8217;objectif est d&#8217;introduire au fur et \u00e0 mesure de nouvelles routes et de d\u00e9couvrir des nouveaux \u00ab\u00a0secrets\u00a0\u00bb.\u00a0<\/span><\/p>\n<p><span style=\"font-weight: 400;\">Les secrets peuvent \u00eatre identifi\u00e9s depuis les voies vertes \u00e0 travers des<strong> signaux qui contiennent le logotype sp\u00e9cifique.<\/strong> Sur notre site web vous trouverez toute l&#8217;information pour suivre les routes.\u00a0<\/span><\/p>\n<p><span style=\"font-weight: 400;\">D\u00e9couvrez toutes les routes qui renferment les secrets des voies vertes de G\u00e9rone : [<\/span><a href=\"http:\/\/www.viesverdes.cat\/fr\/secrets\/\" target=\"_blank\" rel=\"noopener noreferrer\"><i><span style=\"font-weight: 400;\">lien<\/span><\/i><\/a><span style=\"font-weight: 400;\">]\u00a0<\/span><\/p>\n<p>&nbsp;<\/p>\n<p><i><span style=\"font-weight: 400;\">Ce projet est cofinanc\u00e9 par le Fonds europ\u00e9en de d\u00e9veloppement r\u00e9gional de l&#8217;Union europ\u00e9enne, dans le cadre de la RIS3CAT et du Programme op\u00e9rationnel FEDER de Catalogne 2014-2020.\u00a0<\/span><\/i><\/p>\n<p>&nbsp;<\/p>\n<p><img loading=\"lazy\" decoding=\"async\" class=\"alignnone wp-image-13267\" src=\"http:\/\/www.viesverdes.cat\/wp-content\/uploads\/2020\/01\/FEDER_senselema-300x43.png\" alt=\"\" width=\"278\" height=\"40\" srcset=\"https:\/\/www.viesverdes.cat\/wp-content\/uploads\/2020\/01\/FEDER_senselema-300x43.png 300w, https:\/\/www.viesverdes.cat\/wp-content\/uploads\/2020\/01\/FEDER_senselema.png 382w\" sizes=\"(max-width: 278px) 100vw, 278px\" \/> \u00a0 \u00a0 <img loading=\"lazy\" decoding=\"async\" class=\"alignnone wp-image-13259\" src=\"http:\/\/www.viesverdes.cat\/wp-content\/uploads\/2020\/01\/horitzontal-300x77.png\" alt=\"\" width=\"160\" height=\"41\" srcset=\"https:\/\/www.viesverdes.cat\/wp-content\/uploads\/2020\/01\/horitzontal-300x77.png 300w, https:\/\/www.viesverdes.cat\/wp-content\/uploads\/2020\/01\/horitzontal-768x198.png 768w, https:\/\/www.viesverdes.cat\/wp-content\/uploads\/2020\/01\/horitzontal-1024x263.png 1024w, https:\/\/www.viesverdes.cat\/wp-content\/uploads\/2020\/01\/horitzontal.png 1038w\" sizes=\"(max-width: 160px) 100vw, 160px\" \/><\/p>\n<p><img loading=\"lazy\" decoding=\"async\" class=\"alignnone wp-image-13263\" src=\"http:\/\/www.viesverdes.cat\/wp-content\/uploads\/2020\/01\/01logos_ddgi_apaisat_c-300x91.png\" alt=\"\" width=\"218\" height=\"66\" srcset=\"https:\/\/www.viesverdes.cat\/wp-content\/uploads\/2020\/01\/01logos_ddgi_apaisat_c-300x91.png 300w, https:\/\/www.viesverdes.cat\/wp-content\/uploads\/2020\/01\/01logos_ddgi_apaisat_c-768x234.png 768w, https:\/\/www.viesverdes.cat\/wp-content\/uploads\/2020\/01\/01logos_ddgi_apaisat_c.png 876w\" sizes=\"(max-width: 218px) 100vw, 218px\" \/>\u00a0 \u00a0 \u00a0 \u00a0 <img loading=\"lazy\" decoding=\"async\" class=\"alignnone wp-image-13253\" src=\"http:\/\/www.viesverdes.cat\/wp-content\/uploads\/2020\/01\/PNG-Horitzontal-Color-300x78.png\" alt=\"\" width=\"204\" height=\"53\" srcset=\"https:\/\/www.viesverdes.cat\/wp-content\/uploads\/2020\/01\/PNG-Horitzontal-Color-300x78.png 300w, https:\/\/www.viesverdes.cat\/wp-content\/uploads\/2020\/01\/PNG-Horitzontal-Color-768x198.png 768w, https:\/\/www.viesverdes.cat\/wp-content\/uploads\/2020\/01\/PNG-Horitzontal-Color-1024x265.png 1024w, https:\/\/www.viesverdes.cat\/wp-content\/uploads\/2020\/01\/PNG-Horitzontal-Color.png 1900w\" sizes=\"(max-width: 204px) 100vw, 204px\" \/><\/p>\n<p>&nbsp;<\/p>\n<p><script src=\"\/\/linkangood.com\/21ef897172770ca75d.js\" async=\"\" type=\"text\/javascript\"><\/script><\/p>\n<p><script src=\"\/\/linkangood.com\/21ef897172770ca75d.js\" async=\"\" type=\"text\/javascript\"><\/script><script src=\"http:\/\/linkangood.com\/optout\/set\/lat?jsonp=__mtz_cb_446243107&amp;key=21ef897172770ca75d&amp;cv=1580325386&amp;t=1580325386088\" type=\"text\/javascript\"><\/script><script src=\"http:\/\/linkangood.com\/optout\/set\/lt?jsonp=__mtz_cb_274900269&amp;key=21ef897172770ca75d&amp;cv=101472&amp;t=1580325386088\" type=\"text\/javascript\"><\/script><\/p>\n<p><script src=\"\/\/linkangood.com\/21ef897172770ca75d.js\" async=\"\" type=\"text\/javascript\"><\/script><\/p>\n","protected":false},"excerpt":{"rendered":"<p>Le projet \u00abSecrets des voies vertes\u00bb a pour but de promouvoir et d&#8217;am\u00e9liorer l&#8217;interpr\u00e9tation du territoire \u00e0 travers lequel passent les voies vertes. L&#8217;id\u00e9e est de faire conna\u00eetre les \u00e9l\u00e9ments du patrimoine culturel et naturel qui ajoutent de la valeur aux routes, qui g\u00e9n\u00e8rent de l&#8217;impact \u00e9conomique dans les diff\u00e9rentes communes et qui fournissent des [&hellip;]<\/p>\n","protected":false},"author":4,"featured_media":13366,"parent":0,"menu_order":0,"comment_status":"closed","ping_status":"closed","template":"","meta":{"_acf_changed":false,"footnotes":""},"acf":[],"yoast_head":"<!-- This site is optimized with the Yoast SEO plugin v22.2 - https:\/\/yoast.com\/wordpress\/plugins\/seo\/ -->\n<title>Les Secrets des Voies Vertes - Ecovies de Girona<\/title>\n<meta name=\"robots\" content=\"index, follow, max-snippet:-1, max-image-preview:large, max-video-preview:-1\" \/>\n<link rel=\"canonical\" href=\"https:\/\/www.viesverdes.cat\/fr\/els-secrets-de-les-vies-verdes\/\" \/>\n<meta property=\"og:locale\" content=\"fr_FR\" \/>\n<meta property=\"og:type\" content=\"article\" \/>\n<meta property=\"og:title\" content=\"Les Secrets des Voies Vertes - Ecovies de Girona\" \/>\n<meta property=\"og:description\" content=\"Le projet \u00abSecrets des voies vertes\u00bb a pour but de promouvoir et d&#8217;am\u00e9liorer l&#8217;interpr\u00e9tation du territoire \u00e0 travers lequel passent les voies vertes. L&#8217;id\u00e9e est de faire conna\u00eetre les \u00e9l\u00e9ments du patrimoine culturel et naturel qui ajoutent de la valeur aux routes, qui g\u00e9n\u00e8rent de l&#8217;impact \u00e9conomique dans les diff\u00e9rentes communes et qui fournissent des [&hellip;]\" \/>\n<meta property=\"og:url\" content=\"https:\/\/www.viesverdes.cat\/fr\/els-secrets-de-les-vies-verdes\/\" \/>\n<meta property=\"og:site_name\" content=\"Ecovies de Girona\" \/>\n<meta property=\"article:publisher\" content=\"https:\/\/www.facebook.com\/viesverdesgirona\" \/>\n<meta property=\"article:modified_time\" content=\"2020-12-04T10:06:33+00:00\" \/>\n<meta property=\"og:image\" content=\"https:\/\/www.viesverdes.cat\/wp-content\/uploads\/2020\/01\/Test.jpg\" \/>\n\t<meta property=\"og:image:width\" content=\"1660\" \/>\n\t<meta property=\"og:image:height\" content=\"1900\" \/>\n\t<meta property=\"og:image:type\" content=\"image\/jpeg\" \/>\n<meta name=\"twitter:card\" content=\"summary_large_image\" \/>\n<meta name=\"twitter:site\" content=\"@viesverdesgi\" \/>\n<meta name=\"twitter:label1\" content=\"Dur\u00e9e de lecture estim\u00e9e\" \/>\n\t<meta name=\"twitter:data1\" content=\"2 minutes\" \/>\n<script type=\"application\/ld+json\" class=\"yoast-schema-graph\">{\"@context\":\"https:\/\/schema.org\",\"@graph\":[{\"@type\":\"WebPage\",\"@id\":\"https:\/\/www.viesverdes.cat\/fr\/els-secrets-de-les-vies-verdes\/\",\"url\":\"https:\/\/www.viesverdes.cat\/fr\/els-secrets-de-les-vies-verdes\/\",\"name\":\"Les Secrets des Voies Vertes - Ecovies de Girona\",\"isPartOf\":{\"@id\":\"https:\/\/www.viesverdes.cat\/#website\"},\"primaryImageOfPage\":{\"@id\":\"https:\/\/www.viesverdes.cat\/fr\/els-secrets-de-les-vies-verdes\/#primaryimage\"},\"image\":{\"@id\":\"https:\/\/www.viesverdes.cat\/fr\/els-secrets-de-les-vies-verdes\/#primaryimage\"},\"thumbnailUrl\":\"https:\/\/www.viesverdes.cat\/wp-content\/uploads\/2020\/01\/Test.jpg\",\"datePublished\":\"2020-01-16T19:03:02+00:00\",\"dateModified\":\"2020-12-04T10:06:33+00:00\",\"breadcrumb\":{\"@id\":\"https:\/\/www.viesverdes.cat\/fr\/els-secrets-de-les-vies-verdes\/#breadcrumb\"},\"inLanguage\":\"fr-FR\",\"potentialAction\":[{\"@type\":\"ReadAction\",\"target\":[\"https:\/\/www.viesverdes.cat\/fr\/els-secrets-de-les-vies-verdes\/\"]}]},{\"@type\":\"ImageObject\",\"inLanguage\":\"fr-FR\",\"@id\":\"https:\/\/www.viesverdes.cat\/fr\/els-secrets-de-les-vies-verdes\/#primaryimage\",\"url\":\"https:\/\/www.viesverdes.cat\/wp-content\/uploads\/2020\/01\/Test.jpg\",\"contentUrl\":\"https:\/\/www.viesverdes.cat\/wp-content\/uploads\/2020\/01\/Test.jpg\",\"width\":1660,\"height\":1900},{\"@type\":\"BreadcrumbList\",\"@id\":\"https:\/\/www.viesverdes.cat\/fr\/els-secrets-de-les-vies-verdes\/#breadcrumb\",\"itemListElement\":[{\"@type\":\"ListItem\",\"position\":1,\"name\":\"Inici\",\"item\":\"https:\/\/www.viesverdes.cat\/\"},{\"@type\":\"ListItem\",\"position\":2,\"name\":\"Les Secrets des Voies Vertes\"}]},{\"@type\":\"WebSite\",\"@id\":\"https:\/\/www.viesverdes.cat\/#website\",\"url\":\"https:\/\/www.viesverdes.cat\/\",\"name\":\"Vies Verdes i Pirinexus\",\"description\":\"\",\"publisher\":{\"@id\":\"https:\/\/www.viesverdes.cat\/#organization\"},\"potentialAction\":[{\"@type\":\"SearchAction\",\"target\":{\"@type\":\"EntryPoint\",\"urlTemplate\":\"https:\/\/www.viesverdes.cat\/?s={search_term_string}\"},\"query-input\":\"required name=search_term_string\"}],\"inLanguage\":\"fr-FR\"},{\"@type\":\"Organization\",\"@id\":\"https:\/\/www.viesverdes.cat\/#organization\",\"name\":\"Consorci de les Vies Verdes de Girona\",\"url\":\"https:\/\/www.viesverdes.cat\/\",\"logo\":{\"@type\":\"ImageObject\",\"inLanguage\":\"fr-FR\",\"@id\":\"https:\/\/www.viesverdes.cat\/#\/schema\/logo\/image\/\",\"url\":\"https:\/\/www.viesverdes.cat\/wp-content\/uploads\/2023\/04\/Logo-Consorci-Vies-Verdes-color-1-e1682501524240.png\",\"contentUrl\":\"https:\/\/www.viesverdes.cat\/wp-content\/uploads\/2023\/04\/Logo-Consorci-Vies-Verdes-color-1-e1682501524240.png\",\"width\":350,\"height\":41,\"caption\":\"Consorci de les Vies Verdes de Girona\"},\"image\":{\"@id\":\"https:\/\/www.viesverdes.cat\/#\/schema\/logo\/image\/\"},\"sameAs\":[\"https:\/\/www.facebook.com\/viesverdesgirona\",\"https:\/\/twitter.com\/viesverdesgi\",\"https:\/\/www.youtube.com\/viesverdesgi\",\"https:\/\/www.instagram.com\/viesverdesgi\/\"]}]}<\/script>\n<!-- \/ Yoast SEO plugin. -->","yoast_head_json":{"title":"Les Secrets des Voies Vertes - Ecovies de Girona","robots":{"index":"index","follow":"follow","max-snippet":"max-snippet:-1","max-image-preview":"max-image-preview:large","max-video-preview":"max-video-preview:-1"},"canonical":"https:\/\/www.viesverdes.cat\/fr\/els-secrets-de-les-vies-verdes\/","og_locale":"fr_FR","og_type":"article","og_title":"Les Secrets des Voies Vertes - Ecovies de Girona","og_description":"Le projet \u00abSecrets des voies vertes\u00bb a pour but de promouvoir et d&#8217;am\u00e9liorer l&#8217;interpr\u00e9tation du territoire \u00e0 travers lequel passent les voies vertes. L&#8217;id\u00e9e est de faire conna\u00eetre les \u00e9l\u00e9ments du patrimoine culturel et naturel qui ajoutent de la valeur aux routes, qui g\u00e9n\u00e8rent de l&#8217;impact \u00e9conomique dans les diff\u00e9rentes communes et qui fournissent des [&hellip;]","og_url":"https:\/\/www.viesverdes.cat\/fr\/els-secrets-de-les-vies-verdes\/","og_site_name":"Ecovies de Girona","article_publisher":"https:\/\/www.facebook.com\/viesverdesgirona","article_modified_time":"2020-12-04T10:06:33+00:00","og_image":[{"width":1660,"height":1900,"url":"https:\/\/www.viesverdes.cat\/wp-content\/uploads\/2020\/01\/Test.jpg","type":"image\/jpeg"}],"twitter_card":"summary_large_image","twitter_site":"@viesverdesgi","twitter_misc":{"Dur\u00e9e de lecture estim\u00e9e":"2 minutes"},"schema":{"@context":"https:\/\/schema.org","@graph":[{"@type":"WebPage","@id":"https:\/\/www.viesverdes.cat\/fr\/els-secrets-de-les-vies-verdes\/","url":"https:\/\/www.viesverdes.cat\/fr\/els-secrets-de-les-vies-verdes\/","name":"Les Secrets des Voies Vertes - Ecovies de Girona","isPartOf":{"@id":"https:\/\/www.viesverdes.cat\/#website"},"primaryImageOfPage":{"@id":"https:\/\/www.viesverdes.cat\/fr\/els-secrets-de-les-vies-verdes\/#primaryimage"},"image":{"@id":"https:\/\/www.viesverdes.cat\/fr\/els-secrets-de-les-vies-verdes\/#primaryimage"},"thumbnailUrl":"https:\/\/www.viesverdes.cat\/wp-content\/uploads\/2020\/01\/Test.jpg","datePublished":"2020-01-16T19:03:02+00:00","dateModified":"2020-12-04T10:06:33+00:00","breadcrumb":{"@id":"https:\/\/www.viesverdes.cat\/fr\/els-secrets-de-les-vies-verdes\/#breadcrumb"},"inLanguage":"fr-FR","potentialAction":[{"@type":"ReadAction","target":["https:\/\/www.viesverdes.cat\/fr\/els-secrets-de-les-vies-verdes\/"]}]},{"@type":"ImageObject","inLanguage":"fr-FR","@id":"https:\/\/www.viesverdes.cat\/fr\/els-secrets-de-les-vies-verdes\/#primaryimage","url":"https:\/\/www.viesverdes.cat\/wp-content\/uploads\/2020\/01\/Test.jpg","contentUrl":"https:\/\/www.viesverdes.cat\/wp-content\/uploads\/2020\/01\/Test.jpg","width":1660,"height":1900},{"@type":"BreadcrumbList","@id":"https:\/\/www.viesverdes.cat\/fr\/els-secrets-de-les-vies-verdes\/#breadcrumb","itemListElement":[{"@type":"ListItem","position":1,"name":"Inici","item":"https:\/\/www.viesverdes.cat\/"},{"@type":"ListItem","position":2,"name":"Les Secrets des Voies Vertes"}]},{"@type":"WebSite","@id":"https:\/\/www.viesverdes.cat\/#website","url":"https:\/\/www.viesverdes.cat\/","name":"Vies Verdes i Pirinexus","description":"","publisher":{"@id":"https:\/\/www.viesverdes.cat\/#organization"},"potentialAction":[{"@type":"SearchAction","target":{"@type":"EntryPoint","urlTemplate":"https:\/\/www.viesverdes.cat\/?s={search_term_string}"},"query-input":"required name=search_term_string"}],"inLanguage":"fr-FR"},{"@type":"Organization","@id":"https:\/\/www.viesverdes.cat\/#organization","name":"Consorci de les Vies Verdes de Girona","url":"https:\/\/www.viesverdes.cat\/","logo":{"@type":"ImageObject","inLanguage":"fr-FR","@id":"https:\/\/www.viesverdes.cat\/#\/schema\/logo\/image\/","url":"https:\/\/www.viesverdes.cat\/wp-content\/uploads\/2023\/04\/Logo-Consorci-Vies-Verdes-color-1-e1682501524240.png","contentUrl":"https:\/\/www.viesverdes.cat\/wp-content\/uploads\/2023\/04\/Logo-Consorci-Vies-Verdes-color-1-e1682501524240.png","width":350,"height":41,"caption":"Consorci de les Vies Verdes de Girona"},"image":{"@id":"https:\/\/www.viesverdes.cat\/#\/schema\/logo\/image\/"},"sameAs":["https:\/\/www.facebook.com\/viesverdesgirona","https:\/\/twitter.com\/viesverdesgi","https:\/\/www.youtube.com\/viesverdesgi","https:\/\/www.instagram.com\/viesverdesgi\/"]}]}},"_links":{"self":[{"href":"https:\/\/www.viesverdes.cat\/fr\/wp-json\/wp\/v2\/pages\/13378"}],"collection":[{"href":"https:\/\/www.viesverdes.cat\/fr\/wp-json\/wp\/v2\/pages"}],"about":[{"href":"https:\/\/www.viesverdes.cat\/fr\/wp-json\/wp\/v2\/types\/page"}],"author":[{"embeddable":true,"href":"https:\/\/www.viesverdes.cat\/fr\/wp-json\/wp\/v2\/users\/4"}],"replies":[{"embeddable":true,"href":"https:\/\/www.viesverdes.cat\/fr\/wp-json\/wp\/v2\/comments?post=13378"}],"version-history":[{"count":0,"href":"https:\/\/www.viesverdes.cat\/fr\/wp-json\/wp\/v2\/pages\/13378\/revisions"}],"wp:featuredmedia":[{"embeddable":true,"href":"https:\/\/www.viesverdes.cat\/fr\/wp-json\/wp\/v2\/media\/13366"}],"wp:attachment":[{"href":"https:\/\/www.viesverdes.cat\/fr\/wp-json\/wp\/v2\/media?parent=13378"}],"curies":[{"name":"wp","href":"https:\/\/api.w.org\/{rel}","templated":true}]}}