{"id":15882,"date":"2021-04-13T13:02:17","date_gmt":"2021-04-13T11:02:17","guid":{"rendered":"http:\/\/php8.viesverdes.cat\/aplicacion-secretos-de-las-vias-verdes\/"},"modified":"2021-10-15T14:30:27","modified_gmt":"2021-10-15T12:30:27","slug":"application-secrets-de-les-vies-verdes","status":"publish","type":"page","link":"https:\/\/www.viesverdes.cat\/fr\/application-secrets-de-les-vies-verdes\/","title":{"rendered":"Application \u00ab Secrets de les Vies Verdes \u00bb"},"content":{"rendered":"<p><iframe loading=\"lazy\" title=\"SECRETS DES VOIES VERTES - Girona\" width=\"500\" height=\"281\" src=\"https:\/\/www.youtube.com\/embed\/Hb7uJ9TNbmM?feature=oembed\" frameborder=\"0\" allow=\"accelerometer; autoplay; clipboard-write; encrypted-media; gyroscope; picture-in-picture\" allowfullscreen><\/iframe><\/p>\n<p align=\"justify\">Les<b> Secrets de les Vies Verdes<\/b> est une application qui, \u00e0 travers la ludification (les jeux), permet aux visiteurs de mieux d\u00e9couvrir les \u00e9l\u00e9ments patrimoniaux, culturels et naturels \u00e0 proximit\u00e9 des voies vertes de la province de G\u00e9rone.<\/p>\n<p align=\"justify\">L&#8217;application vous servira de guide pour emprunter les itin\u00e9raires propos\u00e9s, r\u00e9sultat d&#8217;un travail men\u00e9 conjointement avec les municipalit\u00e9s et les agents pr\u00e9sents sur le territoire.<\/p>\n<p align=\"justify\">Ces itin\u00e9raires sont accessibles depuis la voie verte, et vous permettront de d\u00e9couvrir des histoires, des l\u00e9gendes et des curiosit\u00e9s des diff\u00e9rentes communes des voies vertes tout en jouant en r\u00e9pondant \u00e0 des questions, en faisant des puzzles ou en cherchant des objets en r\u00e9alit\u00e9 augment\u00e9e dissimul\u00e9s dans les diff\u00e9rents sites d&#8217;int\u00e9r\u00eat.<\/p>\n<p align=\"justify\">Il s&#8217;agit d&#8217;un projet vivant, en d\u00e9veloppement permanent, qui int\u00e9grera \u00e0 l&#8217;avenir de nouveaux itin\u00e9raires pour faire d\u00e9couvrir de nouveaux secrets. Les voies vertes d\u00e9j\u00e0 existantes passent sur les communes suivantes\u00a0:<\/p>\n<ul>\n<li>Amer<\/li>\n<li>Angl\u00e8s<\/li>\n<li>Bescan\u00f3<\/li>\n<li>Caldes de Malavella<\/li>\n<li>Ripoll<\/li>\n<li>Sant Joan de les Abadesses<\/li>\n<li>Sarri\u00e0 de Ter<\/li>\n<\/ul>\n<p>&nbsp;<\/p>\n<p align=\"justify\"><b>T\u00e9l\u00e9chargez l&#8217;application\u00a0:<\/b><\/p>\n<ul>\n<li>Google Play \u2013 Android: <a href=\"https:\/\/play.google.com\/store\/apps\/details?id=com.bihartech.ViesVerdes\">https:\/\/play.google.com\/store\/apps\/details?id=com.bihartech.ViesVerdes<\/a><\/li>\n<li>AppleStore \u2013 iOS: <a href=\"https:\/\/apps.apple.com\/us\/app\/els-secrets-de-les-vies-verdes\/id1560136545\">https:\/\/apps.apple.com\/us\/app\/els-secrets-de-les-vies-verdes\/id1560136545<\/a><\/li>\n<\/ul>\n\n        <style type='text\/css'>\n            \n        <\/style>\n        <!-- see gallery_shortcode() in wp-includes\/media.php -->\n        <div id='gallery-1' class='gallery galleryid-15882'><ul><li class='gallery-item'>\n            <div class='gallery-icon'>\n                <a class='link-gallery' href='https:\/\/www.viesverdes.cat\/wp-content\/uploads\/2021\/04\/Screenshot_20210210-130234_ST-JOAN-AB.Els-Secrets-de-les-Vies-Verdes-461x1024.jpg' rel='lightbox[gallery-0]' data-lightbox-gallery='lightbox[gallery-0]'><img class='img-responsive attachment-thumbnail size-thumbnail' alt='' src='https:\/\/www.viesverdes.cat\/wp-content\/uploads\/2021\/04\/Screenshot_20210210-130234_ST-JOAN-AB.Els-Secrets-de-les-Vies-Verdes-150x150.jpg'><\/a>\n            <\/div><\/li><li class='gallery-item'>\n            <div class='gallery-icon'>\n                <a class='link-gallery' href='https:\/\/www.viesverdes.cat\/wp-content\/uploads\/2021\/04\/Screenshot_20210211-133637_Els-Secrets-de-les-Vies-Verdes-461x1024.jpg' rel='lightbox[gallery-0]' data-lightbox-gallery='lightbox[gallery-0]'><img class='img-responsive attachment-thumbnail size-thumbnail' alt='' src='https:\/\/www.viesverdes.cat\/wp-content\/uploads\/2021\/04\/Screenshot_20210211-133637_Els-Secrets-de-les-Vies-Verdes-150x150.jpg'><\/a>\n            <\/div><\/li><li class='gallery-item'>\n            <div class='gallery-icon'>\n                <a class='link-gallery' href='https:\/\/www.viesverdes.cat\/wp-content\/uploads\/2021\/04\/Screenshot_20210211-133659_Els-Secrets-de-les-Vies-Verdes-461x1024.jpg' rel='lightbox[gallery-0]' data-lightbox-gallery='lightbox[gallery-0]'><img class='img-responsive attachment-thumbnail size-thumbnail' alt='' src='https:\/\/www.viesverdes.cat\/wp-content\/uploads\/2021\/04\/Screenshot_20210211-133659_Els-Secrets-de-les-Vies-Verdes-150x150.jpg'><\/a>\n            <\/div><\/li><li class='gallery-item'>\n            <div class='gallery-icon'>\n                <a class='link-gallery' href='https:\/\/www.viesverdes.cat\/wp-content\/uploads\/2021\/04\/Screenshot_20210211-133745_Els-Secrets-de-les-Vies-Verdes-461x1024.jpg' rel='lightbox[gallery-0]' data-lightbox-gallery='lightbox[gallery-0]'><img class='img-responsive attachment-thumbnail size-thumbnail' alt='' src='https:\/\/www.viesverdes.cat\/wp-content\/uploads\/2021\/04\/Screenshot_20210211-133745_Els-Secrets-de-les-Vies-Verdes-150x150.jpg'><\/a>\n            <\/div><\/li><li class='gallery-item'>\n            <div class='gallery-icon'>\n                <a class='link-gallery' href='https:\/\/www.viesverdes.cat\/wp-content\/uploads\/2021\/04\/Screenshot_20201214-150222_Els-Secrets-de-les-Vies-Verdes-461x1024.jpg' rel='lightbox[gallery-0]' data-lightbox-gallery='lightbox[gallery-0]'><img class='img-responsive attachment-thumbnail size-thumbnail' alt='' src='https:\/\/www.viesverdes.cat\/wp-content\/uploads\/2021\/04\/Screenshot_20201214-150222_Els-Secrets-de-les-Vies-Verdes-150x150.jpg'><\/a>\n            <\/div><\/li><li class='gallery-item'>\n            <div class='gallery-icon'>\n                <a class='link-gallery' href='https:\/\/www.viesverdes.cat\/wp-content\/uploads\/2021\/04\/Screenshot_20210211-133758_Els-Secrets-de-les-Vies-Verdes-1024x461.jpg' rel='lightbox[gallery-0]' data-lightbox-gallery='lightbox[gallery-0]'><img class='img-responsive attachment-thumbnail size-thumbnail' alt='' src='https:\/\/www.viesverdes.cat\/wp-content\/uploads\/2021\/04\/Screenshot_20210211-133758_Els-Secrets-de-les-Vies-Verdes-150x150.jpg'><\/a>\n            <\/div><\/li><br style=\"clear: both\" \/><li class='gallery-item'>\n            <div class='gallery-icon'>\n                <a class='link-gallery' href='https:\/\/www.viesverdes.cat\/wp-content\/uploads\/2021\/04\/Screenshot_20210210-103050_Els-Secrets-de-les-Vies-Verdes-461x1024.jpg' rel='lightbox[gallery-0]' data-lightbox-gallery='lightbox[gallery-0]'><img class='img-responsive attachment-thumbnail size-thumbnail' alt='' src='https:\/\/www.viesverdes.cat\/wp-content\/uploads\/2021\/04\/Screenshot_20210210-103050_Els-Secrets-de-les-Vies-Verdes-150x150.jpg'><\/a>\n            <\/div><\/li><li class='gallery-item'>\n            <div class='gallery-icon'>\n                <a class='link-gallery' href='https:\/\/www.viesverdes.cat\/wp-content\/uploads\/2021\/04\/Screenshot_20210226-091834-BESCANO\u0301_Els-Secrets-de-les-Vies-Verdes-461x1024.jpg' rel='lightbox[gallery-0]' data-lightbox-gallery='lightbox[gallery-0]'><img class='img-responsive attachment-thumbnail size-thumbnail' alt='' src='https:\/\/www.viesverdes.cat\/wp-content\/uploads\/2021\/04\/Screenshot_20210226-091834-BESCANO\u0301_Els-Secrets-de-les-Vies-Verdes-150x150.jpg'><\/a>\n            <\/div><\/li><li class='gallery-item'>\n            <div class='gallery-icon'>\n                <a class='link-gallery' href='https:\/\/www.viesverdes.cat\/wp-content\/uploads\/2021\/04\/Screenshot_20210211-133737_Els-Secrets-de-les-Vies-Verdes-461x1024.jpg' rel='lightbox[gallery-0]' data-lightbox-gallery='lightbox[gallery-0]'><img class='img-responsive attachment-thumbnail size-thumbnail' alt='' src='https:\/\/www.viesverdes.cat\/wp-content\/uploads\/2021\/04\/Screenshot_20210211-133737_Els-Secrets-de-les-Vies-Verdes-150x150.jpg'><\/a>\n            <\/div><\/li><li class='gallery-item'>\n            <div class='gallery-icon'>\n                <a class='link-gallery' href='https:\/\/www.viesverdes.cat\/wp-content\/uploads\/2021\/04\/Screenshot_20210211-134551_Els-Secrets-de-les-Vies-Verdes-1024x461.jpg' rel='lightbox[gallery-0]' data-lightbox-gallery='lightbox[gallery-0]'><img class='img-responsive attachment-thumbnail size-thumbnail' alt='' src='https:\/\/www.viesverdes.cat\/wp-content\/uploads\/2021\/04\/Screenshot_20210211-134551_Els-Secrets-de-les-Vies-Verdes-150x150.jpg'><\/a>\n            <\/div><\/li><li class='gallery-item'>\n            <div class='gallery-icon'>\n                <a class='link-gallery' href='https:\/\/www.viesverdes.cat\/wp-content\/uploads\/2021\/04\/Screenshot_20210226-125529-AMER_Els-Secrets-de-les-Vies-Verdes-461x1024.jpg' rel='lightbox[gallery-0]' data-lightbox-gallery='lightbox[gallery-0]'><img class='img-responsive attachment-thumbnail size-thumbnail' alt='' src='https:\/\/www.viesverdes.cat\/wp-content\/uploads\/2021\/04\/Screenshot_20210226-125529-AMER_Els-Secrets-de-les-Vies-Verdes-150x150.jpg'><\/a>\n            <\/div><\/li><li class='gallery-item'>\n            <div class='gallery-icon'>\n                <a class='link-gallery' href='https:\/\/www.viesverdes.cat\/wp-content\/uploads\/2021\/04\/Screenshot_20210211-134455_Els-Secrets-de-les-Vies-Verdes-1024x461.jpg' rel='lightbox[gallery-0]' data-lightbox-gallery='lightbox[gallery-0]'><img class='img-responsive attachment-thumbnail size-thumbnail' alt='' src='https:\/\/www.viesverdes.cat\/wp-content\/uploads\/2021\/04\/Screenshot_20210211-134455_Els-Secrets-de-les-Vies-Verdes-150x150.jpg'><\/a>\n            <\/div><\/li><br style=\"clear: both\" \/><ul>\n            <br style='clear: both;' \/>\n        <\/div>\n\n<ul>\n<li>\n<p lang=\"es-ES\" align=\"justify\">L&#8217;information de chaque Secret et de la voie, avec les sites d&#8217;int\u00e9r\u00eat qui y sont associ\u00e9s.<\/p>\n<\/li>\n<li>\n<p lang=\"es-ES\" align=\"justify\">Une carte permettant de v\u00e9rifier votre localisation et de visualiser les itin\u00e9raires.<\/p>\n<\/li>\n<li>\n<p lang=\"es-ES\" align=\"justify\">L&#8217;information sur le patrimoine associ\u00e9 au passage historique du chemin de fer le long des voies vertes.<\/p>\n<\/li>\n<li>\n<p lang=\"es-ES\" align=\"justify\">Quatre jeux pour d\u00e9couvrir les Secrets de les Vies Verdes : survol des voies vertes, questions sur les itin\u00e9raires et le territoire, puzzles et jeu d&#8217;indices pour trouver des objets dissimul\u00e9s gr\u00e2ce \u00e0 la r\u00e9alit\u00e9 augment\u00e9e. Et r\u00e9ussirez-vous \u00e0 faire partie de la liste des 10 premiers au classement ?<\/p>\n<\/li>\n<\/ul>\n<p lang=\"es-ES\" align=\"justify\">\n<p lang=\"es-ES\" align=\"justify\">N&#8217;h\u00e9sitez pas \u00e0 participer\u00a0!<\/p>\n<p>&nbsp;<\/p>\n<blockquote class=\"wp-embedded-content\" data-secret=\"a8el7jRWFq\"><p><a href=\"https:\/\/www.viesverdes.cat\/fr\/els-secrets-de-les-vies-verdes\/\">Los Secretos de las V\u00edas Verdes<\/a><\/p><\/blockquote>\n<p><iframe class=\"wp-embedded-content\" sandbox=\"allow-scripts\" security=\"restricted\" style=\"position: absolute; clip: rect(1px, 1px, 1px, 1px);\" title=\"\u00ab\u00a0Los Secretos de las V\u00edas Verdes\u00a0\u00bb &#8212; Vies Verdes\" src=\"https:\/\/www.viesverdes.cat\/fr\/els-secrets-de-les-vies-verdes\/embed\/#?secret=rSWZgsv4RI#?secret=a8el7jRWFq\" data-secret=\"a8el7jRWFq\" width=\"500\" height=\"282\" frameborder=\"0\" marginwidth=\"0\" marginheight=\"0\" scrolling=\"no\"><\/iframe><\/p>\n","protected":false},"excerpt":{"rendered":"<p>Les Secrets de les Vies Verdes est une application qui, \u00e0 travers la ludification (les jeux), permet aux visiteurs de mieux d\u00e9couvrir les \u00e9l\u00e9ments patrimoniaux, culturels et naturels \u00e0 proximit\u00e9 des voies vertes de la province de G\u00e9rone. L&#8217;application vous servira de guide pour emprunter les itin\u00e9raires propos\u00e9s, r\u00e9sultat d&#8217;un travail men\u00e9 conjointement avec les [&hellip;]<\/p>\n","protected":false},"author":4,"featured_media":15810,"parent":0,"menu_order":0,"comment_status":"closed","ping_status":"closed","template":"","meta":{"_acf_changed":false,"footnotes":""},"acf":[],"yoast_head":"<!-- This site is optimized with the Yoast SEO plugin v22.2 - https:\/\/yoast.com\/wordpress\/plugins\/seo\/ -->\n<title>Application \u00ab Secrets de les Vies Verdes \u00bb - Ecovies de Girona<\/title>\n<meta name=\"robots\" content=\"index, follow, max-snippet:-1, max-image-preview:large, max-video-preview:-1\" \/>\n<link rel=\"canonical\" href=\"https:\/\/www.viesverdes.cat\/fr\/application-secrets-de-les-vies-verdes\/\" \/>\n<meta property=\"og:locale\" content=\"fr_FR\" \/>\n<meta property=\"og:type\" content=\"article\" \/>\n<meta property=\"og:title\" content=\"Application \u00ab Secrets de les Vies Verdes \u00bb - Ecovies de Girona\" \/>\n<meta property=\"og:description\" content=\"Les Secrets de les Vies Verdes est une application qui, \u00e0 travers la ludification (les jeux), permet aux visiteurs de mieux d\u00e9couvrir les \u00e9l\u00e9ments patrimoniaux, culturels et naturels \u00e0 proximit\u00e9 des voies vertes de la province de G\u00e9rone. L&#8217;application vous servira de guide pour emprunter les itin\u00e9raires propos\u00e9s, r\u00e9sultat d&#8217;un travail men\u00e9 conjointement avec les [&hellip;]\" \/>\n<meta property=\"og:url\" content=\"https:\/\/www.viesverdes.cat\/fr\/application-secrets-de-les-vies-verdes\/\" \/>\n<meta property=\"og:site_name\" content=\"Ecovies de Girona\" \/>\n<meta property=\"article:publisher\" content=\"https:\/\/www.facebook.com\/viesverdesgirona\" \/>\n<meta property=\"article:modified_time\" content=\"2021-10-15T12:30:27+00:00\" \/>\n<meta property=\"og:image\" content=\"https:\/\/www.viesverdes.cat\/wp-content\/uploads\/2021\/04\/IconAppSecretsVVGi.png\" \/>\n\t<meta property=\"og:image:width\" content=\"512\" \/>\n\t<meta property=\"og:image:height\" content=\"512\" \/>\n\t<meta property=\"og:image:type\" content=\"image\/png\" \/>\n<meta name=\"twitter:card\" content=\"summary_large_image\" \/>\n<meta name=\"twitter:site\" content=\"@viesverdesgi\" \/>\n<meta name=\"twitter:label1\" content=\"Dur\u00e9e de lecture estim\u00e9e\" \/>\n\t<meta name=\"twitter:data1\" content=\"2 minutes\" \/>\n<script type=\"application\/ld+json\" class=\"yoast-schema-graph\">{\"@context\":\"https:\/\/schema.org\",\"@graph\":[{\"@type\":\"WebPage\",\"@id\":\"https:\/\/www.viesverdes.cat\/fr\/application-secrets-de-les-vies-verdes\/\",\"url\":\"https:\/\/www.viesverdes.cat\/fr\/application-secrets-de-les-vies-verdes\/\",\"name\":\"Application \u00ab Secrets de les Vies Verdes \u00bb - Ecovies de Girona\",\"isPartOf\":{\"@id\":\"https:\/\/www.viesverdes.cat\/#website\"},\"primaryImageOfPage\":{\"@id\":\"https:\/\/www.viesverdes.cat\/fr\/application-secrets-de-les-vies-verdes\/#primaryimage\"},\"image\":{\"@id\":\"https:\/\/www.viesverdes.cat\/fr\/application-secrets-de-les-vies-verdes\/#primaryimage\"},\"thumbnailUrl\":\"https:\/\/www.viesverdes.cat\/wp-content\/uploads\/2021\/04\/IconAppSecretsVVGi.png\",\"datePublished\":\"2021-04-13T11:02:17+00:00\",\"dateModified\":\"2021-10-15T12:30:27+00:00\",\"breadcrumb\":{\"@id\":\"https:\/\/www.viesverdes.cat\/fr\/application-secrets-de-les-vies-verdes\/#breadcrumb\"},\"inLanguage\":\"fr-FR\",\"potentialAction\":[{\"@type\":\"ReadAction\",\"target\":[\"https:\/\/www.viesverdes.cat\/fr\/application-secrets-de-les-vies-verdes\/\"]}]},{\"@type\":\"ImageObject\",\"inLanguage\":\"fr-FR\",\"@id\":\"https:\/\/www.viesverdes.cat\/fr\/application-secrets-de-les-vies-verdes\/#primaryimage\",\"url\":\"https:\/\/www.viesverdes.cat\/wp-content\/uploads\/2021\/04\/IconAppSecretsVVGi.png\",\"contentUrl\":\"https:\/\/www.viesverdes.cat\/wp-content\/uploads\/2021\/04\/IconAppSecretsVVGi.png\",\"width\":512,\"height\":512},{\"@type\":\"BreadcrumbList\",\"@id\":\"https:\/\/www.viesverdes.cat\/fr\/application-secrets-de-les-vies-verdes\/#breadcrumb\",\"itemListElement\":[{\"@type\":\"ListItem\",\"position\":1,\"name\":\"Inici\",\"item\":\"https:\/\/www.viesverdes.cat\/\"},{\"@type\":\"ListItem\",\"position\":2,\"name\":\"Application \u00ab Secrets de les Vies Verdes \u00bb\"}]},{\"@type\":\"WebSite\",\"@id\":\"https:\/\/www.viesverdes.cat\/#website\",\"url\":\"https:\/\/www.viesverdes.cat\/\",\"name\":\"Vies Verdes i Pirinexus\",\"description\":\"\",\"publisher\":{\"@id\":\"https:\/\/www.viesverdes.cat\/#organization\"},\"potentialAction\":[{\"@type\":\"SearchAction\",\"target\":{\"@type\":\"EntryPoint\",\"urlTemplate\":\"https:\/\/www.viesverdes.cat\/?s={search_term_string}\"},\"query-input\":\"required name=search_term_string\"}],\"inLanguage\":\"fr-FR\"},{\"@type\":\"Organization\",\"@id\":\"https:\/\/www.viesverdes.cat\/#organization\",\"name\":\"Consorci de les Vies Verdes de Girona\",\"url\":\"https:\/\/www.viesverdes.cat\/\",\"logo\":{\"@type\":\"ImageObject\",\"inLanguage\":\"fr-FR\",\"@id\":\"https:\/\/www.viesverdes.cat\/#\/schema\/logo\/image\/\",\"url\":\"https:\/\/www.viesverdes.cat\/wp-content\/uploads\/2023\/04\/Logo-Consorci-Vies-Verdes-color-1-e1682501524240.png\",\"contentUrl\":\"https:\/\/www.viesverdes.cat\/wp-content\/uploads\/2023\/04\/Logo-Consorci-Vies-Verdes-color-1-e1682501524240.png\",\"width\":350,\"height\":41,\"caption\":\"Consorci de les Vies Verdes de Girona\"},\"image\":{\"@id\":\"https:\/\/www.viesverdes.cat\/#\/schema\/logo\/image\/\"},\"sameAs\":[\"https:\/\/www.facebook.com\/viesverdesgirona\",\"https:\/\/twitter.com\/viesverdesgi\",\"https:\/\/www.youtube.com\/viesverdesgi\",\"https:\/\/www.instagram.com\/viesverdesgi\/\"]}]}<\/script>\n<!-- \/ Yoast SEO plugin. -->","yoast_head_json":{"title":"Application \u00ab Secrets de les Vies Verdes \u00bb - Ecovies de Girona","robots":{"index":"index","follow":"follow","max-snippet":"max-snippet:-1","max-image-preview":"max-image-preview:large","max-video-preview":"max-video-preview:-1"},"canonical":"https:\/\/www.viesverdes.cat\/fr\/application-secrets-de-les-vies-verdes\/","og_locale":"fr_FR","og_type":"article","og_title":"Application \u00ab Secrets de les Vies Verdes \u00bb - Ecovies de Girona","og_description":"Les Secrets de les Vies Verdes est une application qui, \u00e0 travers la ludification (les jeux), permet aux visiteurs de mieux d\u00e9couvrir les \u00e9l\u00e9ments patrimoniaux, culturels et naturels \u00e0 proximit\u00e9 des voies vertes de la province de G\u00e9rone. L&#8217;application vous servira de guide pour emprunter les itin\u00e9raires propos\u00e9s, r\u00e9sultat d&#8217;un travail men\u00e9 conjointement avec les [&hellip;]","og_url":"https:\/\/www.viesverdes.cat\/fr\/application-secrets-de-les-vies-verdes\/","og_site_name":"Ecovies de Girona","article_publisher":"https:\/\/www.facebook.com\/viesverdesgirona","article_modified_time":"2021-10-15T12:30:27+00:00","og_image":[{"width":512,"height":512,"url":"https:\/\/www.viesverdes.cat\/wp-content\/uploads\/2021\/04\/IconAppSecretsVVGi.png","type":"image\/png"}],"twitter_card":"summary_large_image","twitter_site":"@viesverdesgi","twitter_misc":{"Dur\u00e9e de lecture estim\u00e9e":"2 minutes"},"schema":{"@context":"https:\/\/schema.org","@graph":[{"@type":"WebPage","@id":"https:\/\/www.viesverdes.cat\/fr\/application-secrets-de-les-vies-verdes\/","url":"https:\/\/www.viesverdes.cat\/fr\/application-secrets-de-les-vies-verdes\/","name":"Application \u00ab Secrets de les Vies Verdes \u00bb - Ecovies de Girona","isPartOf":{"@id":"https:\/\/www.viesverdes.cat\/#website"},"primaryImageOfPage":{"@id":"https:\/\/www.viesverdes.cat\/fr\/application-secrets-de-les-vies-verdes\/#primaryimage"},"image":{"@id":"https:\/\/www.viesverdes.cat\/fr\/application-secrets-de-les-vies-verdes\/#primaryimage"},"thumbnailUrl":"https:\/\/www.viesverdes.cat\/wp-content\/uploads\/2021\/04\/IconAppSecretsVVGi.png","datePublished":"2021-04-13T11:02:17+00:00","dateModified":"2021-10-15T12:30:27+00:00","breadcrumb":{"@id":"https:\/\/www.viesverdes.cat\/fr\/application-secrets-de-les-vies-verdes\/#breadcrumb"},"inLanguage":"fr-FR","potentialAction":[{"@type":"ReadAction","target":["https:\/\/www.viesverdes.cat\/fr\/application-secrets-de-les-vies-verdes\/"]}]},{"@type":"ImageObject","inLanguage":"fr-FR","@id":"https:\/\/www.viesverdes.cat\/fr\/application-secrets-de-les-vies-verdes\/#primaryimage","url":"https:\/\/www.viesverdes.cat\/wp-content\/uploads\/2021\/04\/IconAppSecretsVVGi.png","contentUrl":"https:\/\/www.viesverdes.cat\/wp-content\/uploads\/2021\/04\/IconAppSecretsVVGi.png","width":512,"height":512},{"@type":"BreadcrumbList","@id":"https:\/\/www.viesverdes.cat\/fr\/application-secrets-de-les-vies-verdes\/#breadcrumb","itemListElement":[{"@type":"ListItem","position":1,"name":"Inici","item":"https:\/\/www.viesverdes.cat\/"},{"@type":"ListItem","position":2,"name":"Application \u00ab Secrets de les Vies Verdes \u00bb"}]},{"@type":"WebSite","@id":"https:\/\/www.viesverdes.cat\/#website","url":"https:\/\/www.viesverdes.cat\/","name":"Vies Verdes i Pirinexus","description":"","publisher":{"@id":"https:\/\/www.viesverdes.cat\/#organization"},"potentialAction":[{"@type":"SearchAction","target":{"@type":"EntryPoint","urlTemplate":"https:\/\/www.viesverdes.cat\/?s={search_term_string}"},"query-input":"required name=search_term_string"}],"inLanguage":"fr-FR"},{"@type":"Organization","@id":"https:\/\/www.viesverdes.cat\/#organization","name":"Consorci de les Vies Verdes de Girona","url":"https:\/\/www.viesverdes.cat\/","logo":{"@type":"ImageObject","inLanguage":"fr-FR","@id":"https:\/\/www.viesverdes.cat\/#\/schema\/logo\/image\/","url":"https:\/\/www.viesverdes.cat\/wp-content\/uploads\/2023\/04\/Logo-Consorci-Vies-Verdes-color-1-e1682501524240.png","contentUrl":"https:\/\/www.viesverdes.cat\/wp-content\/uploads\/2023\/04\/Logo-Consorci-Vies-Verdes-color-1-e1682501524240.png","width":350,"height":41,"caption":"Consorci de les Vies Verdes de Girona"},"image":{"@id":"https:\/\/www.viesverdes.cat\/#\/schema\/logo\/image\/"},"sameAs":["https:\/\/www.facebook.com\/viesverdesgirona","https:\/\/twitter.com\/viesverdesgi","https:\/\/www.youtube.com\/viesverdesgi","https:\/\/www.instagram.com\/viesverdesgi\/"]}]}},"_links":{"self":[{"href":"https:\/\/www.viesverdes.cat\/fr\/wp-json\/wp\/v2\/pages\/15882"}],"collection":[{"href":"https:\/\/www.viesverdes.cat\/fr\/wp-json\/wp\/v2\/pages"}],"about":[{"href":"https:\/\/www.viesverdes.cat\/fr\/wp-json\/wp\/v2\/types\/page"}],"author":[{"embeddable":true,"href":"https:\/\/www.viesverdes.cat\/fr\/wp-json\/wp\/v2\/users\/4"}],"replies":[{"embeddable":true,"href":"https:\/\/www.viesverdes.cat\/fr\/wp-json\/wp\/v2\/comments?post=15882"}],"version-history":[{"count":0,"href":"https:\/\/www.viesverdes.cat\/fr\/wp-json\/wp\/v2\/pages\/15882\/revisions"}],"wp:featuredmedia":[{"embeddable":true,"href":"https:\/\/www.viesverdes.cat\/fr\/wp-json\/wp\/v2\/media\/15810"}],"wp:attachment":[{"href":"https:\/\/www.viesverdes.cat\/fr\/wp-json\/wp\/v2\/media?parent=15882"}],"curies":[{"name":"wp","href":"https:\/\/api.w.org\/{rel}","templated":true}]}}