{"id":29774,"date":"2025-12-18T14:08:45","date_gmt":"2025-12-18T13:08:45","guid":{"rendered":"https:\/\/www.viesverdes.cat\/pyrevelo\/"},"modified":"2025-12-18T14:26:33","modified_gmt":"2025-12-18T13:26:33","slug":"pyrevelo","status":"publish","type":"page","link":"https:\/\/www.viesverdes.cat\/fr\/pyrevelo\/","title":{"rendered":"Pyrevelo"},"content":{"rendered":"<p>&nbsp;<\/p>\n<p>Le projet Pyrevelo consiste \u00e0 l\u2019extension de la connectivit\u00e9 transfrontali\u00e8re et \u00e0 l\u2019am\u00e9lioration des services du r\u00e9seau de voies cyclables, ainsi qu\u2019\u00e0 la promotion conjointe d\u2019une destination touristique de port\u00e9e internationale.<\/p>\n<p><br aria-hidden=\"true\" \/><b data-stringify-type=\"bold\">Objectifs :<\/b>\u00a0Renforcement du r\u00f4le de la culture et du tourisme durable dans le d\u00e9veloppement \u00e9conomique, l\u2019inclusion sociale et l\u2019innovation sociale.<\/p>\n<p><b data-stringify-type=\"bold\">Objectif politique :<\/b>\u00a0OP4. Une Europe plus sociale.<\/p>\n<p><b data-stringify-type=\"bold\">Dur\u00e9e du projet :<\/b>\u00a036 mois.<\/p>\n<p><br aria-hidden=\"true\" \/>Les projets repr\u00e9sentent de nouvelles connexions transfrontali\u00e8res par l\u2019extension des itin\u00e9raires actuels avec de nouveaux parcours, reliant l\u2019Alt Empord\u00e0 au d\u00e9partement des Pyr\u00e9n\u00e9es-Orientales.<br aria-hidden=\"true\" \/>La premi\u00e8re action consiste en la cr\u00e9ation d\u2019une nouvelle voie verte qui reliera les communes d\u2019Albany\u00e0 et de Sant Lloren\u00e7 de la Muga, avec un itin\u00e9raire con\u00e7u pour suivre le trac\u00e9 de la rivi\u00e8re et qui fera partie du Chemin Naturel de la Muga. Ce parcours constituera une nouvelle infrastructure d\u2019environ sept kilom\u00e8tres de voie s\u00e9par\u00e9e du trafic motoris\u00e9.<\/p>\n<p>Le deuxi\u00e8me projet concerne la signalisation de l\u2019itin\u00e9raire cyclable entre Tapis et Terrades, sur le tron\u00e7on qui se connectera au Chemin Naturel de la Muga et qui atteint Costoja, du c\u00f4t\u00e9 fran\u00e7ais de la fronti\u00e8re. Il s\u2019agit d\u2019un itin\u00e9raire empruntant une infrastructure routi\u00e8re existante, qui se raccorde \u00e0 la voie verte du Chemin Naturel de la Muga \u2014 laquelle arrive jusqu\u2019\u00e0 Castell\u00f3 d\u2019Emp\u00faries \u2014 et qui se connecte \u00e9galement \u00e0 la grande route transfrontali\u00e8re Pirinexus.<\/p>\n<p>En outre, une subvention a \u00e9t\u00e9 approuv\u00e9e pour la cr\u00e9ation de six nouveaux points de service d\u2019autor\u00e9paration de v\u00e9los sur le r\u00e9seau des \u00c9covoies de G\u00e9rone.<\/p>\n<p>&nbsp;<\/p>\n<p>&nbsp;<\/p>\n<p><em>Le projet\u00a0<b data-stringify-type=\"bold\">PYREVELO<\/b> a \u00e9t\u00e9 cofinanc\u00e9 \u00e0 hauteur de 65 % par l\u2019Union europ\u00e9enne \u00e0 travers le Programme Interreg VI-A Espagne \u2013 France \u2013 Andorre (POCTEFA 2021-2027). L\u2019objectif du POCTEFA est de renforcer l\u2019int\u00e9gration \u00e9conomique et sociale de la zone frontali\u00e8re Espagne \u2013 France \u2013 Andorre.<\/em><\/p>\n<p>&nbsp;<\/p>\n<p>_______________________________________________<\/p>\n<p>&nbsp;<\/p>\n<p>El projecte Pyrevelo consisteix a l&#8217;ampliaci\u00f3 de la connectivitat transfronterera i millora dels serveis de la xarxa de vies pedalables i promoci\u00f3 conjunta d&#8217;un dest\u00ed tur\u00edstic de rellev\u00e0ncia internacional.<\/p>\n<p><strong>Objectius:<\/strong> Refor\u00e7 del paper de la cultura i el turisme sostenible en el desenvolupament econ\u00f2mic, la inclusi\u00f3 social i la innovaci\u00f3 social<\/p>\n<p><strong>Objectiu pol\u00edtic:<\/strong> OP4. Una Europa m\u00e9s social<\/p>\n<p><strong>Durada del projecte:<\/strong> 36 mesos<\/p>\n<p>&nbsp;<\/p>\n<p>Els projectes representen noves connexions transfrontereres per mitj\u00e0 de l\u2019ampliaci\u00f3 de les rutes actuals amb nous itineraris, que van de l\u2019Alt Empord\u00e0 al departament dels Pirineus Orientals.<br aria-hidden=\"true\" \/>La primera actuaci\u00f3 \u00e9s la creaci\u00f3 d\u2019una nova via verda que unir\u00e0 les poblacions d\u2019Albany\u00e0 i Sant Lloren\u00e7 de la Muga, amb un itinerari plantejat que seguir\u00e0 la traject\u00f2ria del riu i que formar\u00e0 part del Cam\u00ed Natural de la Muga. Aquest trajecte ser\u00e0 una nova infraestructura, d\u2019uns set quil\u00f2metres de via segregada del tr\u00e0nsit motoritzat.<\/p>\n<p>El segon projecte \u00e9s la senyalitzaci\u00f3 de la ruta ciclable entre Tapis i Terrades, en el trajecte que connectar\u00e0 amb el Cam\u00ed Natural de la Muga i que arriba fins a Costoja, a la banda francesa de la frontera. Es tracta d\u2019una ruta sobre una infraestructura vi\u00e0ria existent que enlla\u00e7a amb la via verda del Cam\u00ed Natural de la Muga \u2014que arriba fins a Castell\u00f3 d\u2019Emp\u00faries\u2014, a m\u00e9s d\u2019enlla\u00e7ar tamb\u00e9 amb la gran ruta transfronterera Pirinexus.<\/p>\n<p>A m\u00e9s, s\u2019ha aprovat la subvenci\u00f3 per crear sis punts nous de servei per l\u2019autoreparaci\u00f3 de bicicletes a la xarxa d\u2019Ecovies de Girona.<\/p>\n<p>&nbsp;<\/p>\n<p>&nbsp;<\/p>\n<p><em>El projecte <strong>PYREVELO<\/strong> ha sigut cofinan\u00e7at el 65% per la Uni\u00f3 Europea a trav\u00e9s del Programa Interreg VI-A Espanya \u2013 Fran\u00e7a \u2013 Andorra (POCTEFA 2021-2027). L\u2019objectiu del POCTEFA \u00e9s refor\u00e7ar la integraci\u00f3 econ\u00f2mica i social de la zona fronterera Espanya \u2013 Fran\u00e7a \u2013 Andorra.<\/em><\/p>\n<p>&nbsp;<\/p>\n<p>&nbsp;<\/p>\n<div><img loading=\"lazy\" decoding=\"async\" class=\"alignnone wp-image-29741\" src=\"http:\/\/www.viesverdes.cat\/wp-content\/uploads\/2025\/12\/LOGO_PYREVELO_RGB-300x134.png\" alt=\"Logo Pyrevelo\" width=\"354\" height=\"158\" srcset=\"https:\/\/www.viesverdes.cat\/wp-content\/uploads\/2025\/12\/LOGO_PYREVELO_RGB-300x134.png 300w, https:\/\/www.viesverdes.cat\/wp-content\/uploads\/2025\/12\/LOGO_PYREVELO_RGB-768x344.png 768w, https:\/\/www.viesverdes.cat\/wp-content\/uploads\/2025\/12\/LOGO_PYREVELO_RGB-1024x459.png 1024w, https:\/\/www.viesverdes.cat\/wp-content\/uploads\/2025\/12\/LOGO_PYREVELO_RGB-1536x688.png 1536w, https:\/\/www.viesverdes.cat\/wp-content\/uploads\/2025\/12\/LOGO_PYREVELO_RGB.png 1689w\" sizes=\"(max-width: 354px) 100vw, 354px\" \/><\/div>\n","protected":false},"excerpt":{"rendered":"<p>&nbsp; Le projet Pyrevelo consiste \u00e0 l\u2019extension de la connectivit\u00e9 transfrontali\u00e8re et \u00e0 l\u2019am\u00e9lioration des services du r\u00e9seau de voies cyclables, ainsi qu\u2019\u00e0 la promotion conjointe d\u2019une destination touristique de port\u00e9e internationale. Objectifs :\u00a0Renforcement du r\u00f4le de la culture et du tourisme durable dans le d\u00e9veloppement \u00e9conomique, l\u2019inclusion sociale et l\u2019innovation sociale. Objectif politique :\u00a0OP4. [&hellip;]<\/p>\n","protected":false},"author":4,"featured_media":0,"parent":0,"menu_order":0,"comment_status":"closed","ping_status":"closed","template":"","meta":{"_acf_changed":false,"footnotes":""},"acf":[],"yoast_head":"<!-- This site is optimized with the Yoast SEO plugin v22.2 - https:\/\/yoast.com\/wordpress\/plugins\/seo\/ -->\n<title>Pyrevelo - Ecovies de Girona<\/title>\n<meta name=\"description\" content=\"Pyrevelo amplia la connectivitat de les rutes ciclistes entre Espanya i Fran\u00e7a. Un projecte clau per a la innovaci\u00f3 social i el desenvolupament econ\u00f2mic a trav\u00e9s del cicloturisme internacional. Cofinan\u00e7at per Interreg POCTEFA.\" \/>\n<meta name=\"robots\" content=\"index, follow, max-snippet:-1, max-image-preview:large, max-video-preview:-1\" \/>\n<link rel=\"canonical\" href=\"https:\/\/www.viesverdes.cat\/fr\/pyrevelo\/\" \/>\n<meta property=\"og:locale\" content=\"fr_FR\" \/>\n<meta property=\"og:type\" content=\"article\" \/>\n<meta property=\"og:title\" content=\"Pyrevelo - Ecovies de Girona\" \/>\n<meta property=\"og:description\" content=\"Pyrevelo amplia la connectivitat de les rutes ciclistes entre Espanya i Fran\u00e7a. Un projecte clau per a la innovaci\u00f3 social i el desenvolupament econ\u00f2mic a trav\u00e9s del cicloturisme internacional. Cofinan\u00e7at per Interreg POCTEFA.\" \/>\n<meta property=\"og:url\" content=\"https:\/\/www.viesverdes.cat\/fr\/pyrevelo\/\" \/>\n<meta property=\"og:site_name\" content=\"Ecovies de Girona\" \/>\n<meta property=\"article:publisher\" content=\"https:\/\/www.facebook.com\/viesverdesgirona\" \/>\n<meta property=\"article:modified_time\" content=\"2025-12-18T13:26:33+00:00\" \/>\n<meta property=\"og:image\" content=\"http:\/\/www.viesverdes.cat\/wp-content\/uploads\/2025\/12\/LOGO_PYREVELO_RGB-300x134.png\" \/>\n<meta name=\"twitter:card\" content=\"summary_large_image\" \/>\n<meta name=\"twitter:site\" content=\"@viesverdesgi\" \/>\n<meta name=\"twitter:label1\" content=\"Dur\u00e9e de lecture estim\u00e9e\" \/>\n\t<meta name=\"twitter:data1\" content=\"4 minutes\" \/>\n<script type=\"application\/ld+json\" class=\"yoast-schema-graph\">{\"@context\":\"https:\/\/schema.org\",\"@graph\":[{\"@type\":\"WebPage\",\"@id\":\"https:\/\/www.viesverdes.cat\/fr\/pyrevelo\/\",\"url\":\"https:\/\/www.viesverdes.cat\/fr\/pyrevelo\/\",\"name\":\"Pyrevelo - Ecovies de Girona\",\"isPartOf\":{\"@id\":\"https:\/\/www.viesverdes.cat\/#website\"},\"primaryImageOfPage\":{\"@id\":\"https:\/\/www.viesverdes.cat\/fr\/pyrevelo\/#primaryimage\"},\"image\":{\"@id\":\"https:\/\/www.viesverdes.cat\/fr\/pyrevelo\/#primaryimage\"},\"thumbnailUrl\":\"http:\/\/www.viesverdes.cat\/wp-content\/uploads\/2025\/12\/LOGO_PYREVELO_RGB-300x134.png\",\"datePublished\":\"2025-12-18T13:08:45+00:00\",\"dateModified\":\"2025-12-18T13:26:33+00:00\",\"description\":\"Pyrevelo amplia la connectivitat de les rutes ciclistes entre Espanya i Fran\u00e7a. Un projecte clau per a la innovaci\u00f3 social i el desenvolupament econ\u00f2mic a trav\u00e9s del cicloturisme internacional. Cofinan\u00e7at per Interreg POCTEFA.\",\"breadcrumb\":{\"@id\":\"https:\/\/www.viesverdes.cat\/fr\/pyrevelo\/#breadcrumb\"},\"inLanguage\":\"fr-FR\",\"potentialAction\":[{\"@type\":\"ReadAction\",\"target\":[\"https:\/\/www.viesverdes.cat\/fr\/pyrevelo\/\"]}]},{\"@type\":\"ImageObject\",\"inLanguage\":\"fr-FR\",\"@id\":\"https:\/\/www.viesverdes.cat\/fr\/pyrevelo\/#primaryimage\",\"url\":\"https:\/\/www.viesverdes.cat\/wp-content\/uploads\/2025\/12\/LOGO_PYREVELO_RGB.png\",\"contentUrl\":\"https:\/\/www.viesverdes.cat\/wp-content\/uploads\/2025\/12\/LOGO_PYREVELO_RGB.png\",\"width\":1689,\"height\":757,\"caption\":\"Logo Pyrevelo-Afme\"},{\"@type\":\"BreadcrumbList\",\"@id\":\"https:\/\/www.viesverdes.cat\/fr\/pyrevelo\/#breadcrumb\",\"itemListElement\":[{\"@type\":\"ListItem\",\"position\":1,\"name\":\"Inici\",\"item\":\"https:\/\/www.viesverdes.cat\/\"},{\"@type\":\"ListItem\",\"position\":2,\"name\":\"Pyrevelo\"}]},{\"@type\":\"WebSite\",\"@id\":\"https:\/\/www.viesverdes.cat\/#website\",\"url\":\"https:\/\/www.viesverdes.cat\/\",\"name\":\"Vies Verdes i Pirinexus\",\"description\":\"\",\"publisher\":{\"@id\":\"https:\/\/www.viesverdes.cat\/#organization\"},\"potentialAction\":[{\"@type\":\"SearchAction\",\"target\":{\"@type\":\"EntryPoint\",\"urlTemplate\":\"https:\/\/www.viesverdes.cat\/?s={search_term_string}\"},\"query-input\":\"required name=search_term_string\"}],\"inLanguage\":\"fr-FR\"},{\"@type\":\"Organization\",\"@id\":\"https:\/\/www.viesverdes.cat\/#organization\",\"name\":\"Consorci de les Vies Verdes de Girona\",\"url\":\"https:\/\/www.viesverdes.cat\/\",\"logo\":{\"@type\":\"ImageObject\",\"inLanguage\":\"fr-FR\",\"@id\":\"https:\/\/www.viesverdes.cat\/#\/schema\/logo\/image\/\",\"url\":\"https:\/\/www.viesverdes.cat\/wp-content\/uploads\/2023\/04\/Logo-Consorci-Vies-Verdes-color-1-e1682501524240.png\",\"contentUrl\":\"https:\/\/www.viesverdes.cat\/wp-content\/uploads\/2023\/04\/Logo-Consorci-Vies-Verdes-color-1-e1682501524240.png\",\"width\":350,\"height\":41,\"caption\":\"Consorci de les Vies Verdes de Girona\"},\"image\":{\"@id\":\"https:\/\/www.viesverdes.cat\/#\/schema\/logo\/image\/\"},\"sameAs\":[\"https:\/\/www.facebook.com\/viesverdesgirona\",\"https:\/\/twitter.com\/viesverdesgi\",\"https:\/\/www.youtube.com\/viesverdesgi\",\"https:\/\/www.instagram.com\/viesverdesgi\/\"]}]}<\/script>\n<!-- \/ Yoast SEO plugin. -->","yoast_head_json":{"title":"Pyrevelo - Ecovies de Girona","description":"Pyrevelo amplia la connectivitat de les rutes ciclistes entre Espanya i Fran\u00e7a. Un projecte clau per a la innovaci\u00f3 social i el desenvolupament econ\u00f2mic a trav\u00e9s del cicloturisme internacional. Cofinan\u00e7at per Interreg POCTEFA.","robots":{"index":"index","follow":"follow","max-snippet":"max-snippet:-1","max-image-preview":"max-image-preview:large","max-video-preview":"max-video-preview:-1"},"canonical":"https:\/\/www.viesverdes.cat\/fr\/pyrevelo\/","og_locale":"fr_FR","og_type":"article","og_title":"Pyrevelo - Ecovies de Girona","og_description":"Pyrevelo amplia la connectivitat de les rutes ciclistes entre Espanya i Fran\u00e7a. Un projecte clau per a la innovaci\u00f3 social i el desenvolupament econ\u00f2mic a trav\u00e9s del cicloturisme internacional. Cofinan\u00e7at per Interreg POCTEFA.","og_url":"https:\/\/www.viesverdes.cat\/fr\/pyrevelo\/","og_site_name":"Ecovies de Girona","article_publisher":"https:\/\/www.facebook.com\/viesverdesgirona","article_modified_time":"2025-12-18T13:26:33+00:00","og_image":[{"url":"http:\/\/www.viesverdes.cat\/wp-content\/uploads\/2025\/12\/LOGO_PYREVELO_RGB-300x134.png"}],"twitter_card":"summary_large_image","twitter_site":"@viesverdesgi","twitter_misc":{"Dur\u00e9e de lecture estim\u00e9e":"4 minutes"},"schema":{"@context":"https:\/\/schema.org","@graph":[{"@type":"WebPage","@id":"https:\/\/www.viesverdes.cat\/fr\/pyrevelo\/","url":"https:\/\/www.viesverdes.cat\/fr\/pyrevelo\/","name":"Pyrevelo - Ecovies de Girona","isPartOf":{"@id":"https:\/\/www.viesverdes.cat\/#website"},"primaryImageOfPage":{"@id":"https:\/\/www.viesverdes.cat\/fr\/pyrevelo\/#primaryimage"},"image":{"@id":"https:\/\/www.viesverdes.cat\/fr\/pyrevelo\/#primaryimage"},"thumbnailUrl":"http:\/\/www.viesverdes.cat\/wp-content\/uploads\/2025\/12\/LOGO_PYREVELO_RGB-300x134.png","datePublished":"2025-12-18T13:08:45+00:00","dateModified":"2025-12-18T13:26:33+00:00","description":"Pyrevelo amplia la connectivitat de les rutes ciclistes entre Espanya i Fran\u00e7a. Un projecte clau per a la innovaci\u00f3 social i el desenvolupament econ\u00f2mic a trav\u00e9s del cicloturisme internacional. Cofinan\u00e7at per Interreg POCTEFA.","breadcrumb":{"@id":"https:\/\/www.viesverdes.cat\/fr\/pyrevelo\/#breadcrumb"},"inLanguage":"fr-FR","potentialAction":[{"@type":"ReadAction","target":["https:\/\/www.viesverdes.cat\/fr\/pyrevelo\/"]}]},{"@type":"ImageObject","inLanguage":"fr-FR","@id":"https:\/\/www.viesverdes.cat\/fr\/pyrevelo\/#primaryimage","url":"https:\/\/www.viesverdes.cat\/wp-content\/uploads\/2025\/12\/LOGO_PYREVELO_RGB.png","contentUrl":"https:\/\/www.viesverdes.cat\/wp-content\/uploads\/2025\/12\/LOGO_PYREVELO_RGB.png","width":1689,"height":757,"caption":"Logo Pyrevelo-Afme"},{"@type":"BreadcrumbList","@id":"https:\/\/www.viesverdes.cat\/fr\/pyrevelo\/#breadcrumb","itemListElement":[{"@type":"ListItem","position":1,"name":"Inici","item":"https:\/\/www.viesverdes.cat\/"},{"@type":"ListItem","position":2,"name":"Pyrevelo"}]},{"@type":"WebSite","@id":"https:\/\/www.viesverdes.cat\/#website","url":"https:\/\/www.viesverdes.cat\/","name":"Vies Verdes i Pirinexus","description":"","publisher":{"@id":"https:\/\/www.viesverdes.cat\/#organization"},"potentialAction":[{"@type":"SearchAction","target":{"@type":"EntryPoint","urlTemplate":"https:\/\/www.viesverdes.cat\/?s={search_term_string}"},"query-input":"required name=search_term_string"}],"inLanguage":"fr-FR"},{"@type":"Organization","@id":"https:\/\/www.viesverdes.cat\/#organization","name":"Consorci de les Vies Verdes de Girona","url":"https:\/\/www.viesverdes.cat\/","logo":{"@type":"ImageObject","inLanguage":"fr-FR","@id":"https:\/\/www.viesverdes.cat\/#\/schema\/logo\/image\/","url":"https:\/\/www.viesverdes.cat\/wp-content\/uploads\/2023\/04\/Logo-Consorci-Vies-Verdes-color-1-e1682501524240.png","contentUrl":"https:\/\/www.viesverdes.cat\/wp-content\/uploads\/2023\/04\/Logo-Consorci-Vies-Verdes-color-1-e1682501524240.png","width":350,"height":41,"caption":"Consorci de les Vies Verdes de Girona"},"image":{"@id":"https:\/\/www.viesverdes.cat\/#\/schema\/logo\/image\/"},"sameAs":["https:\/\/www.facebook.com\/viesverdesgirona","https:\/\/twitter.com\/viesverdesgi","https:\/\/www.youtube.com\/viesverdesgi","https:\/\/www.instagram.com\/viesverdesgi\/"]}]}},"_links":{"self":[{"href":"https:\/\/www.viesverdes.cat\/fr\/wp-json\/wp\/v2\/pages\/29774"}],"collection":[{"href":"https:\/\/www.viesverdes.cat\/fr\/wp-json\/wp\/v2\/pages"}],"about":[{"href":"https:\/\/www.viesverdes.cat\/fr\/wp-json\/wp\/v2\/types\/page"}],"author":[{"embeddable":true,"href":"https:\/\/www.viesverdes.cat\/fr\/wp-json\/wp\/v2\/users\/4"}],"replies":[{"embeddable":true,"href":"https:\/\/www.viesverdes.cat\/fr\/wp-json\/wp\/v2\/comments?post=29774"}],"version-history":[{"count":2,"href":"https:\/\/www.viesverdes.cat\/fr\/wp-json\/wp\/v2\/pages\/29774\/revisions"}],"predecessor-version":[{"id":29776,"href":"https:\/\/www.viesverdes.cat\/fr\/wp-json\/wp\/v2\/pages\/29774\/revisions\/29776"}],"wp:attachment":[{"href":"https:\/\/www.viesverdes.cat\/fr\/wp-json\/wp\/v2\/media?parent=29774"}],"curies":[{"name":"wp","href":"https:\/\/api.w.org\/{rel}","templated":true}]}}