{"id":6036,"date":"2018-06-20T09:21:33","date_gmt":"2018-06-20T08:21:33","guid":{"rendered":"http:\/\/iglesies.cat\/viesverdes\/caracteristiques-vies-verdes-pirinexus\/"},"modified":"2022-05-24T13:20:02","modified_gmt":"2022-05-24T11:20:02","slug":"caracteristiques-vies-verdes-pirinexus","status":"publish","type":"page","link":"https:\/\/www.viesverdes.cat\/fr\/caracteristiques-vies-verdes-pirinexus\/","title":{"rendered":"Caract\u00e9ristiques Greenways \/ Pirinexus"},"content":{"rendered":"<p>Il est important de conna\u00eetre la <strong>diff\u00e9rence entre les voies vertes et Pirinexus<\/strong>:<\/p>\n<p>Les \u00ab <strong>voies vertes<\/strong> \u00bb sont des infrastructures de communication am\u00e9nag\u00e9es sur des tron\u00e7ons de voies ferr\u00e9es d\u00e9safect\u00e9es et sur des chemins r\u00e9serv\u00e9s aux usagers non motoris\u00e9s, marcheurs, cyclistes ou personnes \u00e0 mobilit\u00e9 r\u00e9duite, qui peuvent \u00eatre utilis\u00e9es \u00e0 des fins de loisirs et pour se d\u00e9placer entre divers centres d\u2019activit\u00e9s. En g\u00e9n\u00e9ral, ces voies de communication ne sont pas motoris\u00e9es, sont faciles et agr\u00e9ables \u00e0 parcourir, en toute s\u00e9curit\u00e9. Le trac\u00e9 est accessible et int\u00e9gr\u00e9 \u00e0 l\u2019environnement. (D\u00e9claration de Lille \u2013 12 septembre 2000)<\/p>\n<p><b>Pirinexus <\/b>est le plus grand circuit cyclotouristique du sud de l\u2019Europe, reliant la r\u00e9gions de G\u00e9rone, du Vallespir et de Rossell\u00f3:<b>\u00a0<\/b>propose 353 kilom\u00e8tres de parcours aux amateurs de v\u00e9lo ou de randonn\u00e9e, pour un exercice physique en plein air dans un environnement agr\u00e9able, avec la valeur ajout\u00e9e de la d\u00e9couverte de la r\u00e9gion visit\u00e9e.\u00a0 Pirinexus traverse un total de 53 villes ou villages et 5 comarques diff\u00e9rentes, et m\u00eale des trac\u00e9s de voies vertes et d\u2019autres voies cyclables, tels que chemins ruraux ou routes peu fr\u00e9quent\u00e9es.<\/p>\n<p>La boucle cyclotouristique est un chemin permettant de circuler sans discontinuit\u00e9 d\u00b4une voie \u00e0 l\u2019autre ; elle relie deux territoires par des infrastructures de mobilit\u00e9 durable, elle encourage le respect de l\u2019environnement et sert \u00e0 la promotion de l\u2019activit\u00e9 touristique.<\/p>\n<p>Il est \u00e0 noter que <strong>Pirinexus n&#8217;est pas une voie verte, <\/strong>par cons\u00e9quent,<strong> il y a des sections qui ne sont pas accessibles \u00e0 tous<\/strong>.<\/p>\n<p>&nbsp;<\/p>\n<h3>Tron\u00e7ons et\u00a0surfaces diff\u00e9rentes<\/h3>\n<div>\n<p><strong><u>Le Boulou \u2013 Palafrugell:<\/u><\/strong>\u00a0\u00a0Des chemins agricoles, quelques chemins asphalt\u00e9s et quelques petits tron\u00e7ons de routes secondaires. Quelques tron\u00e7ons fortement inclin\u00e9s.<\/p>\n<p><strong><u>Palafrugell \u2013 Olot:<\/u>\u00a0<\/strong>Des\u00a0<strong>voies vertes\u00a0<\/strong>s\u00e9par\u00e9es de la circulation routi\u00e8re, sauf sur le tron\u00e7on Sant Antoni de Calonge \u2013 Sant Feliu de Gu\u00edxols, faisable \u00e0 pied sur des chemins de ronde ou \u00e0 v\u00e9lo par la route.<\/p>\n<p><strong><u>Olot \u2013 Arles-sur-Tech:<\/u><\/strong>\u00a0\u00a0Routes \u00e0 faible densit\u00e9 de circulation, sauf sur le tron\u00e7on Sant Joan de les Abadesses \u2013 Camprodon, qui emprunte des chemins agricoles principalement b\u00e9tonn\u00e9s. Tron\u00e7on fortement inclin\u00e9.<\/p>\n<p><strong><u>Arles-sur-Tech \u2013 Le Boulou<\/u><u>:<\/u><\/strong>\u00a0<a href=\"http:\/\/www.payspyreneesmediterranee.org\/\" target=\"_blank\" rel=\"noopener noreferrer\"><strong>Voie verte \u00e0 France<\/strong><\/a>,\u00a0(avec quelques tron\u00e7ons non termin\u00e9s) dont les alternatives suivent principalement des chemins agricoles et quelques routes.<\/p>\n<\/div>\n<p>&nbsp;<\/p>\n<h3>\u00c9tapes du circuit<\/h3>\n<div>\n<p>La structure du\u00a0\u00a0<strong><a href=\"http:\/\/www.pirinexus.cat\/index.php?id=1&amp;idioma=FR#?id=1740&amp;no_index=trueundefined#content\" target=\"_blank\" rel=\"noopener noreferrer\">guide<\/a><\/strong>\u00a0ne propose pas d&#8217;\u00e9tapes,\u00a0elle offre uniquement une description des tron\u00e7ons. L\u2019id\u00e9e est que chacun, en fonction de son temps, de ses capacit\u00e9s physiques ou de ses int\u00e9r\u00eats, puisse planifier des \u00e9tapes \u00e0 sa mesure. Nous recommandons de ne pas d\u00e9passer 60 km de moyenne par jour et donc de compter environ 6 jours pour faire le tour du circuit.<\/p>\n<p><span style=\"color: #000000;\"><a><span style=\"color: #000000;\">Cela permettra, en plus de p\u00e9daler, d\u2019interagir avec les<\/span>\u00a0<\/a><strong><a href=\"http:\/\/www.pirinexus.cat\/#?id=1672&amp;no_index=true#content\" target=\"_blank\" rel=\"noopener noreferrer\">principaux atouts<\/a>\u00a0<\/strong><\/span>du circuit. Pour faire le circuit de mani\u00e8re plus exhaustive, en d\u00e9veloppant les activit\u00e9s propos\u00e9es et en r\u00e9alisant les circuits d\u00e9tourn\u00e9s propos\u00e9s, un minimum de 10 jours sera n\u00e9cessaire.<\/p>\n<\/div>\n<p>&nbsp;<\/p>\n","protected":false},"excerpt":{"rendered":"<p>Il est important de conna\u00eetre la diff\u00e9rence entre les voies vertes et Pirinexus: Les \u00ab voies vertes \u00bb sont des infrastructures de communication am\u00e9nag\u00e9es sur des tron\u00e7ons de voies ferr\u00e9es d\u00e9safect\u00e9es et sur des chemins r\u00e9serv\u00e9s aux usagers non motoris\u00e9s, marcheurs, cyclistes ou personnes \u00e0 mobilit\u00e9 r\u00e9duite, qui peuvent \u00eatre utilis\u00e9es \u00e0 des fins de [&hellip;]<\/p>\n","protected":false},"author":2,"featured_media":18189,"parent":0,"menu_order":0,"comment_status":"closed","ping_status":"closed","template":"","meta":{"_acf_changed":false,"footnotes":""},"acf":[],"yoast_head":"<!-- This site is optimized with the Yoast SEO plugin v22.2 - https:\/\/yoast.com\/wordpress\/plugins\/seo\/ -->\n<title>Caract\u00e9ristiques Greenways \/ Pirinexus - Ecovies de Girona<\/title>\n<meta name=\"robots\" content=\"index, follow, max-snippet:-1, max-image-preview:large, max-video-preview:-1\" \/>\n<link rel=\"canonical\" href=\"https:\/\/www.viesverdes.cat\/fr\/caracteristiques-vies-verdes-pirinexus\/\" \/>\n<meta property=\"og:locale\" content=\"fr_FR\" \/>\n<meta property=\"og:type\" content=\"article\" \/>\n<meta property=\"og:title\" content=\"Caract\u00e9ristiques Greenways \/ Pirinexus - Ecovies de Girona\" \/>\n<meta property=\"og:description\" content=\"Il est important de conna\u00eetre la diff\u00e9rence entre les voies vertes et Pirinexus: Les \u00ab voies vertes \u00bb sont des infrastructures de communication am\u00e9nag\u00e9es sur des tron\u00e7ons de voies ferr\u00e9es d\u00e9safect\u00e9es et sur des chemins r\u00e9serv\u00e9s aux usagers non motoris\u00e9s, marcheurs, cyclistes ou personnes \u00e0 mobilit\u00e9 r\u00e9duite, qui peuvent \u00eatre utilis\u00e9es \u00e0 des fins de [&hellip;]\" \/>\n<meta property=\"og:url\" content=\"https:\/\/www.viesverdes.cat\/fr\/caracteristiques-vies-verdes-pirinexus\/\" \/>\n<meta property=\"og:site_name\" content=\"Ecovies de Girona\" \/>\n<meta property=\"article:publisher\" content=\"https:\/\/www.facebook.com\/viesverdesgirona\" \/>\n<meta property=\"article:modified_time\" content=\"2022-05-24T11:20:02+00:00\" \/>\n<meta property=\"og:image\" content=\"https:\/\/www.viesverdes.cat\/wp-content\/uploads\/2018\/05\/IMG_5148.jpg\" \/>\n\t<meta property=\"og:image:width\" content=\"1048\" \/>\n\t<meta property=\"og:image:height\" content=\"699\" \/>\n\t<meta property=\"og:image:type\" content=\"image\/jpeg\" \/>\n<meta name=\"twitter:card\" content=\"summary_large_image\" \/>\n<meta name=\"twitter:site\" content=\"@viesverdesgi\" \/>\n<meta name=\"twitter:label1\" content=\"Dur\u00e9e de lecture estim\u00e9e\" \/>\n\t<meta name=\"twitter:data1\" content=\"3 minutes\" \/>\n<script type=\"application\/ld+json\" class=\"yoast-schema-graph\">{\"@context\":\"https:\/\/schema.org\",\"@graph\":[{\"@type\":\"WebPage\",\"@id\":\"https:\/\/www.viesverdes.cat\/fr\/caracteristiques-vies-verdes-pirinexus\/\",\"url\":\"https:\/\/www.viesverdes.cat\/fr\/caracteristiques-vies-verdes-pirinexus\/\",\"name\":\"Caract\u00e9ristiques Greenways \/ Pirinexus - Ecovies de Girona\",\"isPartOf\":{\"@id\":\"https:\/\/www.viesverdes.cat\/#website\"},\"primaryImageOfPage\":{\"@id\":\"https:\/\/www.viesverdes.cat\/fr\/caracteristiques-vies-verdes-pirinexus\/#primaryimage\"},\"image\":{\"@id\":\"https:\/\/www.viesverdes.cat\/fr\/caracteristiques-vies-verdes-pirinexus\/#primaryimage\"},\"thumbnailUrl\":\"https:\/\/www.viesverdes.cat\/wp-content\/uploads\/2018\/05\/IMG_5148.jpg\",\"datePublished\":\"2018-06-20T08:21:33+00:00\",\"dateModified\":\"2022-05-24T11:20:02+00:00\",\"breadcrumb\":{\"@id\":\"https:\/\/www.viesverdes.cat\/fr\/caracteristiques-vies-verdes-pirinexus\/#breadcrumb\"},\"inLanguage\":\"fr-FR\",\"potentialAction\":[{\"@type\":\"ReadAction\",\"target\":[\"https:\/\/www.viesverdes.cat\/fr\/caracteristiques-vies-verdes-pirinexus\/\"]}]},{\"@type\":\"ImageObject\",\"inLanguage\":\"fr-FR\",\"@id\":\"https:\/\/www.viesverdes.cat\/fr\/caracteristiques-vies-verdes-pirinexus\/#primaryimage\",\"url\":\"https:\/\/www.viesverdes.cat\/wp-content\/uploads\/2018\/05\/IMG_5148.jpg\",\"contentUrl\":\"https:\/\/www.viesverdes.cat\/wp-content\/uploads\/2018\/05\/IMG_5148.jpg\",\"width\":1048,\"height\":699},{\"@type\":\"BreadcrumbList\",\"@id\":\"https:\/\/www.viesverdes.cat\/fr\/caracteristiques-vies-verdes-pirinexus\/#breadcrumb\",\"itemListElement\":[{\"@type\":\"ListItem\",\"position\":1,\"name\":\"Inici\",\"item\":\"https:\/\/www.viesverdes.cat\/\"},{\"@type\":\"ListItem\",\"position\":2,\"name\":\"Caract\u00e9ristiques Greenways \/ Pirinexus\"}]},{\"@type\":\"WebSite\",\"@id\":\"https:\/\/www.viesverdes.cat\/#website\",\"url\":\"https:\/\/www.viesverdes.cat\/\",\"name\":\"Vies Verdes i Pirinexus\",\"description\":\"\",\"publisher\":{\"@id\":\"https:\/\/www.viesverdes.cat\/#organization\"},\"potentialAction\":[{\"@type\":\"SearchAction\",\"target\":{\"@type\":\"EntryPoint\",\"urlTemplate\":\"https:\/\/www.viesverdes.cat\/?s={search_term_string}\"},\"query-input\":\"required name=search_term_string\"}],\"inLanguage\":\"fr-FR\"},{\"@type\":\"Organization\",\"@id\":\"https:\/\/www.viesverdes.cat\/#organization\",\"name\":\"Consorci de les Vies Verdes de Girona\",\"url\":\"https:\/\/www.viesverdes.cat\/\",\"logo\":{\"@type\":\"ImageObject\",\"inLanguage\":\"fr-FR\",\"@id\":\"https:\/\/www.viesverdes.cat\/#\/schema\/logo\/image\/\",\"url\":\"https:\/\/www.viesverdes.cat\/wp-content\/uploads\/2023\/04\/Logo-Consorci-Vies-Verdes-color-1-e1682501524240.png\",\"contentUrl\":\"https:\/\/www.viesverdes.cat\/wp-content\/uploads\/2023\/04\/Logo-Consorci-Vies-Verdes-color-1-e1682501524240.png\",\"width\":350,\"height\":41,\"caption\":\"Consorci de les Vies Verdes de Girona\"},\"image\":{\"@id\":\"https:\/\/www.viesverdes.cat\/#\/schema\/logo\/image\/\"},\"sameAs\":[\"https:\/\/www.facebook.com\/viesverdesgirona\",\"https:\/\/twitter.com\/viesverdesgi\",\"https:\/\/www.youtube.com\/viesverdesgi\",\"https:\/\/www.instagram.com\/viesverdesgi\/\"]}]}<\/script>\n<!-- \/ Yoast SEO plugin. -->","yoast_head_json":{"title":"Caract\u00e9ristiques Greenways \/ Pirinexus - Ecovies de Girona","robots":{"index":"index","follow":"follow","max-snippet":"max-snippet:-1","max-image-preview":"max-image-preview:large","max-video-preview":"max-video-preview:-1"},"canonical":"https:\/\/www.viesverdes.cat\/fr\/caracteristiques-vies-verdes-pirinexus\/","og_locale":"fr_FR","og_type":"article","og_title":"Caract\u00e9ristiques Greenways \/ Pirinexus - Ecovies de Girona","og_description":"Il est important de conna\u00eetre la diff\u00e9rence entre les voies vertes et Pirinexus: Les \u00ab voies vertes \u00bb sont des infrastructures de communication am\u00e9nag\u00e9es sur des tron\u00e7ons de voies ferr\u00e9es d\u00e9safect\u00e9es et sur des chemins r\u00e9serv\u00e9s aux usagers non motoris\u00e9s, marcheurs, cyclistes ou personnes \u00e0 mobilit\u00e9 r\u00e9duite, qui peuvent \u00eatre utilis\u00e9es \u00e0 des fins de [&hellip;]","og_url":"https:\/\/www.viesverdes.cat\/fr\/caracteristiques-vies-verdes-pirinexus\/","og_site_name":"Ecovies de Girona","article_publisher":"https:\/\/www.facebook.com\/viesverdesgirona","article_modified_time":"2022-05-24T11:20:02+00:00","og_image":[{"width":1048,"height":699,"url":"https:\/\/www.viesverdes.cat\/wp-content\/uploads\/2018\/05\/IMG_5148.jpg","type":"image\/jpeg"}],"twitter_card":"summary_large_image","twitter_site":"@viesverdesgi","twitter_misc":{"Dur\u00e9e de lecture estim\u00e9e":"3 minutes"},"schema":{"@context":"https:\/\/schema.org","@graph":[{"@type":"WebPage","@id":"https:\/\/www.viesverdes.cat\/fr\/caracteristiques-vies-verdes-pirinexus\/","url":"https:\/\/www.viesverdes.cat\/fr\/caracteristiques-vies-verdes-pirinexus\/","name":"Caract\u00e9ristiques Greenways \/ Pirinexus - Ecovies de Girona","isPartOf":{"@id":"https:\/\/www.viesverdes.cat\/#website"},"primaryImageOfPage":{"@id":"https:\/\/www.viesverdes.cat\/fr\/caracteristiques-vies-verdes-pirinexus\/#primaryimage"},"image":{"@id":"https:\/\/www.viesverdes.cat\/fr\/caracteristiques-vies-verdes-pirinexus\/#primaryimage"},"thumbnailUrl":"https:\/\/www.viesverdes.cat\/wp-content\/uploads\/2018\/05\/IMG_5148.jpg","datePublished":"2018-06-20T08:21:33+00:00","dateModified":"2022-05-24T11:20:02+00:00","breadcrumb":{"@id":"https:\/\/www.viesverdes.cat\/fr\/caracteristiques-vies-verdes-pirinexus\/#breadcrumb"},"inLanguage":"fr-FR","potentialAction":[{"@type":"ReadAction","target":["https:\/\/www.viesverdes.cat\/fr\/caracteristiques-vies-verdes-pirinexus\/"]}]},{"@type":"ImageObject","inLanguage":"fr-FR","@id":"https:\/\/www.viesverdes.cat\/fr\/caracteristiques-vies-verdes-pirinexus\/#primaryimage","url":"https:\/\/www.viesverdes.cat\/wp-content\/uploads\/2018\/05\/IMG_5148.jpg","contentUrl":"https:\/\/www.viesverdes.cat\/wp-content\/uploads\/2018\/05\/IMG_5148.jpg","width":1048,"height":699},{"@type":"BreadcrumbList","@id":"https:\/\/www.viesverdes.cat\/fr\/caracteristiques-vies-verdes-pirinexus\/#breadcrumb","itemListElement":[{"@type":"ListItem","position":1,"name":"Inici","item":"https:\/\/www.viesverdes.cat\/"},{"@type":"ListItem","position":2,"name":"Caract\u00e9ristiques Greenways \/ Pirinexus"}]},{"@type":"WebSite","@id":"https:\/\/www.viesverdes.cat\/#website","url":"https:\/\/www.viesverdes.cat\/","name":"Vies Verdes i Pirinexus","description":"","publisher":{"@id":"https:\/\/www.viesverdes.cat\/#organization"},"potentialAction":[{"@type":"SearchAction","target":{"@type":"EntryPoint","urlTemplate":"https:\/\/www.viesverdes.cat\/?s={search_term_string}"},"query-input":"required name=search_term_string"}],"inLanguage":"fr-FR"},{"@type":"Organization","@id":"https:\/\/www.viesverdes.cat\/#organization","name":"Consorci de les Vies Verdes de Girona","url":"https:\/\/www.viesverdes.cat\/","logo":{"@type":"ImageObject","inLanguage":"fr-FR","@id":"https:\/\/www.viesverdes.cat\/#\/schema\/logo\/image\/","url":"https:\/\/www.viesverdes.cat\/wp-content\/uploads\/2023\/04\/Logo-Consorci-Vies-Verdes-color-1-e1682501524240.png","contentUrl":"https:\/\/www.viesverdes.cat\/wp-content\/uploads\/2023\/04\/Logo-Consorci-Vies-Verdes-color-1-e1682501524240.png","width":350,"height":41,"caption":"Consorci de les Vies Verdes de Girona"},"image":{"@id":"https:\/\/www.viesverdes.cat\/#\/schema\/logo\/image\/"},"sameAs":["https:\/\/www.facebook.com\/viesverdesgirona","https:\/\/twitter.com\/viesverdesgi","https:\/\/www.youtube.com\/viesverdesgi","https:\/\/www.instagram.com\/viesverdesgi\/"]}]}},"_links":{"self":[{"href":"https:\/\/www.viesverdes.cat\/fr\/wp-json\/wp\/v2\/pages\/6036"}],"collection":[{"href":"https:\/\/www.viesverdes.cat\/fr\/wp-json\/wp\/v2\/pages"}],"about":[{"href":"https:\/\/www.viesverdes.cat\/fr\/wp-json\/wp\/v2\/types\/page"}],"author":[{"embeddable":true,"href":"https:\/\/www.viesverdes.cat\/fr\/wp-json\/wp\/v2\/users\/2"}],"replies":[{"embeddable":true,"href":"https:\/\/www.viesverdes.cat\/fr\/wp-json\/wp\/v2\/comments?post=6036"}],"version-history":[{"count":0,"href":"https:\/\/www.viesverdes.cat\/fr\/wp-json\/wp\/v2\/pages\/6036\/revisions"}],"wp:featuredmedia":[{"embeddable":true,"href":"https:\/\/www.viesverdes.cat\/fr\/wp-json\/wp\/v2\/media\/18189"}],"wp:attachment":[{"href":"https:\/\/www.viesverdes.cat\/fr\/wp-json\/wp\/v2\/media?parent=6036"}],"curies":[{"name":"wp","href":"https:\/\/api.w.org\/{rel}","templated":true}]}}